{"id":84435,"date":"2019-11-16T13:56:16","date_gmt":"2019-11-16T12:56:16","guid":{"rendered":"https:\/\/www.boardlife.se\/?post_type=product&#038;p=84435"},"modified":"2020-08-13T15:34:08","modified_gmt":"2020-08-13T13:34:08","slug":"grizzly-mark-appleyard-polar-bear","status":"publish","type":"product","link":"https:\/\/www.boardlife.se\/fr\/boutique\/materiel\/ruban-adhesif\/grizzly-mark-appleyard-polar-bear\/","title":{"rendered":"Grizzly Mark Appleyard \u2013 Ours polaire"},"content":{"rendered":"<p>Grizzly Griptape &auml;r en klassiker i skatev&auml;rlden d&auml;r den lilla bj&ouml;rnen f&ouml;ljer med och tar sig o&auml;ndligt m&aring;nga uttryck och skepnader. Denna grip &auml;r skapad av Mark Appleyard och &auml;r en snygg isbj&ouml;rn. Sj&auml;lva kroppen p&aring; bj&ouml;rnen &auml;r en &ldquo;<a class=\"glossaryLink cmtt_Komponenter\" aria-describedby=\"tt\" data-cmtooltip=\"&lt;div class=glossaryItemTitle&gt;Cut Outs&lt;\/div&gt;&lt;div class=glossaryItemBody&gt;D&aring; br&auml;dan &auml;r utskuren vid truckarna f&ouml;r att sj&auml;lva decket inte ska ta i d&aring; man sv&auml;nger.&lt;\/div&gt;&lt;div class=glossaryTooltipMoreLinkWrapper&gt;&lt;a class=glossaryTooltipMoreLink href=https:\/\/www.boardlife.se\/fr\/glossaire\/decoupes\/ &gt;L&auml;s mer&lt;\/a&gt;&lt;\/div&gt;\" href=\"https:\/\/www.boardlife.se\/fr\/glossaire\/decoupes\/\" data-mobile-support=\"0\" data-gt-translate-attributes='[{\"attribute\":\"data-cmtooltip\", \"format\":\"html\"}]'>cut out<\/a>&rdquo; vilket inneb&auml;r att den visar ovansidan p&aring; din br&auml;da. P&aring; bilden ser du hur det ser ut om man har en gr&ouml;n ovansida p&aring; plankan exempelvis.<\/p>\n<p>Le ruban adh\u00e9sif est disponible dans un format de 9 x 33 pouces, ce qui le rend adapt\u00e9 \u00e0 presque toutes les planches classiques.<\/p>","protected":false},"excerpt":{"rendered":"<p>Sk\u00f6n grip fr\u00e5n Grizzly av Mark Appleyard med en isbj\u00f6rn och klassisk &#8220;cut out&#8221; p\u00e5 kroppen vilket f\u00f6r att din br\u00e4das ovansida syns igenom.<\/p>","protected":false},"featured_media":84436,"comment_status":"open","ping_status":"closed","template":"","meta":[],"product_brand":[2567],"product_cat":[202],"product_tag":[],"class_list":{"0":"post-84435","1":"product","2":"type-product","3":"status-publish","4":"has-post-thumbnail","6":"product_brand-grizzly","7":"product_cat-griptape","8":"pa_manufacturer-grizzly","10":"first","11":"outofstock","12":"taxable","13":"shipping-taxable","14":"purchasable","15":"product-type-simple"},"composite_virtual":false,"composite_layout":"","composite_add_to_cart_form_location":"","composite_editable_in_cart":false,"composite_sold_individually_context":"","composite_shop_price_calc":"","composite_components":[],"composite_scenarios":[],"jetpack_sharing_enabled":true,"_links":{"self":[{"href":"https:\/\/www.boardlife.se\/fr\/wp-json\/wp\/v2\/product\/84435","targetHints":{"allow":["GET"]}}],"collection":[{"href":"https:\/\/www.boardlife.se\/fr\/wp-json\/wp\/v2\/product"}],"about":[{"href":"https:\/\/www.boardlife.se\/fr\/wp-json\/wp\/v2\/types\/product"}],"replies":[{"embeddable":true,"href":"https:\/\/www.boardlife.se\/fr\/wp-json\/wp\/v2\/comments?post=84435"}],"wp:featuredmedia":[{"embeddable":true,"href":"https:\/\/www.boardlife.se\/fr\/wp-json\/wp\/v2\/media\/84436"}],"wp:attachment":[{"href":"https:\/\/www.boardlife.se\/fr\/wp-json\/wp\/v2\/media?parent=84435"}],"wp:term":[{"taxonomy":"product_brand","embeddable":true,"href":"https:\/\/www.boardlife.se\/fr\/wp-json\/wp\/v2\/product_brand?post=84435"},{"taxonomy":"product_cat","embeddable":true,"href":"https:\/\/www.boardlife.se\/fr\/wp-json\/wp\/v2\/product_cat?post=84435"},{"taxonomy":"product_tag","embeddable":true,"href":"https:\/\/www.boardlife.se\/fr\/wp-json\/wp\/v2\/product_tag?post=84435"}],"curies":[{"name":"wp","href":"https:\/\/api.w.org\/{rel}","templated":true}]}}