{"id":75264,"date":"2019-08-23T13:29:41","date_gmt":"2019-08-23T11:29:41","guid":{"rendered":"https:\/\/www.boardlife.se\/?post_type=product&#038;p=75264"},"modified":"2025-12-31T16:39:04","modified_gmt":"2025-12-31T15:39:04","slug":"poulie-de-moyeu-exway-x1-pro-riot-drive-a-10-trous","status":"publish","type":"product","link":"https:\/\/www.boardlife.se\/fr\/boutique\/skateboard-electrique\/pieces-detachees-electriques\/poulies-dengrenages-dentrainement\/poulie-de-moyeu-exway-x1-pro-riot-drive-a-10-trous\/","title":{"rendered":"Poulie de moyeu d&#039;entra\u00eenement Exway X1 Pro Riot - 10 trous (36 dents)"},"content":{"rendered":"<p>Pour ceux qui utilisent une Exway X1 Pro Riot et souhaitent changer de roues, il vous faudra peut-\u00eatre un moyeu d&#039;entra\u00eenement diff\u00e9rent, aussi appel\u00e9 poulie. Les roues Exway d&#039;origine sont dot\u00e9es d&#039;un noyau ventil\u00e9 \u00e0 12 trous, compatible avec le moyeu fourni. Si vous souhaitez utiliser des roues d&#039;une autre marque, vous aurez besoin d&#039;un nouveau moyeu d&#039;entra\u00eenement compatible. Avec une poulie \u00e0 10 trous, vous pourrez choisir des roues Orangatang (Kegel et Caguama), Boosted Boards et Inboard. Ce moyeu d&#039;entra\u00eenement vous permettra de choisir facilement les roues que vous pr\u00e9f\u00e9rez.<\/p>","protected":false},"excerpt":{"rendered":"<p>Pour ceux qui souhaitent utiliser des roues Orangatang, Boosted ou Inboard sur leur Exway Riot, il vous faut un autre type de poulie d&#039;entra\u00eenement (avec 10 trous elliptiques). Un simple r\u00e9glage permet de choisir la roue qui vous convient. Vendu dans une jolie petite bo\u00eete avec deux moyeux. Un seul emballage suffit donc pour les deux roues.<\/p>","protected":false},"featured_media":75260,"comment_status":"open","ping_status":"closed","template":"","meta":[],"product_brand":[],"product_cat":[2267,1837,1947],"product_tag":[2067,2068,2066],"class_list":{"0":"post-75264","1":"product","2":"type-product","3":"status-publish","4":"has-post-thumbnail","6":"product_cat-drive-gears-pulleys","7":"product_cat-electric-skate","8":"product_cat-electric-spareparts","9":"product_tag-boosted-boards","10":"product_tag-inboard","11":"product_tag-orangatang","12":"pa_manufacturer-exway","14":"first","15":"instock","16":"taxable","17":"shipping-taxable","18":"purchasable","19":"product-type-simple"},"composite_virtual":false,"composite_layout":"","composite_add_to_cart_form_location":"","composite_editable_in_cart":false,"composite_sold_individually_context":"","composite_shop_price_calc":"","composite_components":[],"composite_scenarios":[],"jetpack_sharing_enabled":true,"_links":{"self":[{"href":"https:\/\/www.boardlife.se\/fr\/wp-json\/wp\/v2\/product\/75264","targetHints":{"allow":["GET"]}}],"collection":[{"href":"https:\/\/www.boardlife.se\/fr\/wp-json\/wp\/v2\/product"}],"about":[{"href":"https:\/\/www.boardlife.se\/fr\/wp-json\/wp\/v2\/types\/product"}],"replies":[{"embeddable":true,"href":"https:\/\/www.boardlife.se\/fr\/wp-json\/wp\/v2\/comments?post=75264"}],"wp:featuredmedia":[{"embeddable":true,"href":"https:\/\/www.boardlife.se\/fr\/wp-json\/wp\/v2\/media\/75260"}],"wp:attachment":[{"href":"https:\/\/www.boardlife.se\/fr\/wp-json\/wp\/v2\/media?parent=75264"}],"wp:term":[{"taxonomy":"product_brand","embeddable":true,"href":"https:\/\/www.boardlife.se\/fr\/wp-json\/wp\/v2\/product_brand?post=75264"},{"taxonomy":"product_cat","embeddable":true,"href":"https:\/\/www.boardlife.se\/fr\/wp-json\/wp\/v2\/product_cat?post=75264"},{"taxonomy":"product_tag","embeddable":true,"href":"https:\/\/www.boardlife.se\/fr\/wp-json\/wp\/v2\/product_tag?post=75264"}],"curies":[{"name":"wp","href":"https:\/\/api.w.org\/{rel}","templated":true}]}}