{"id":73494,"date":"2019-08-07T14:29:53","date_gmt":"2019-08-07T12:29:53","guid":{"rendered":"https:\/\/www.boardlife.se\/?post_type=product&#038;p=73494"},"modified":"2025-02-01T00:21:49","modified_gmt":"2025-01-31T23:21:49","slug":"independent-standard-cushions-bushing","status":"publish","type":"product","link":"https:\/\/www.boardlife.se\/fr\/boutique\/skateboard\/composants-de-skateboard\/bagues-de-skateboard\/independent-standard-cushions-bushing\/","title":{"rendered":"Coussinets standard ind\u00e9pendants"},"content":{"rendered":"<p>Independents sk&ouml;na <a class=\"glossaryLink cmtt_Komponenter\" aria-describedby=\"tt\" data-cmtooltip=\"&lt;div class=glossaryItemTitle&gt;Bushings&lt;\/div&gt;&lt;div class=glossaryItemBody&gt;Bushings finns i dina truckar och &auml;r den &amp;quot;mjuka&amp;quot; del som reglerar hur mycket dina truckar ska sv&auml;nga n&auml;r du lutar dig p&aring; br&auml;dan.&lt;\/div&gt;&lt;div class=cmtt_synonyms_wrapper&gt;&lt;div class=cmtt_synonyms_title&gt;Synonymer: &lt;\/div&gt;&lt;div class=cmtt_synonyms&gt;bussningar&lt;\/div&gt;&lt;\/div&gt;&lt;div class=glossaryTooltipMoreLinkWrapper&gt;&lt;a class=glossaryTooltipMoreLink href=https:\/\/www.boardlife.se\/fr\/glossaire\/bagues\/ &gt;L&auml;s mer&lt;\/a&gt;&lt;\/div&gt;\" href=\"https:\/\/www.boardlife.se\/fr\/glossaire\/bagues\/\" data-mobile-support=\"0\" data-gt-translate-attributes='[{\"attribute\":\"data-cmtooltip\", \"format\":\"html\"}]'>bagues<\/a> med h&ouml;g <a class=\"glossaryLink cmtt_Komponenter cmtt_&Aring;kning\" aria-describedby=\"tt\" data-cmtooltip=\"&lt;div class=glossaryItemTitle&gt;Rebound&lt;\/div&gt;&lt;div class=glossaryItemBody&gt;Rebound &auml;r den kraft som n&aring;got ger tillbaka efter att man exempelvis pressat sina bushings, truckar, hjul eller br&auml;da i en viss riktning. En h&ouml;gre rebound betyder en starkare kraft tillbaka till sitt ursprungsl&auml;ge.&lt;\/div&gt;&lt;div class=glossaryTooltipMoreLinkWrapper&gt;&lt;a class=glossaryTooltipMoreLink href=https:\/\/www.boardlife.se\/fr\/glossaire\/rebond\/ &gt;L&auml;s mer&lt;\/a&gt;&lt;\/div&gt;\" href=\"https:\/\/www.boardlife.se\/fr\/glossaire\/rebond\/\" data-mobile-support=\"0\" data-gt-translate-attributes='[{\"attribute\":\"data-cmtooltip\", \"format\":\"html\"}]'>rebond<\/a> och garanterad passform till din Independent truck. Detta kit kommer med en barrel och en cone f&ouml;r dig som vill ha lite extra rebound i sv&auml;ngen. S&auml;ljs som ett set allts&aring; 4 bushings och <a class=\"glossaryLink cmtt_Komponenter\" aria-describedby=\"tt\" data-cmtooltip=\"&lt;div class=glossaryItemTitle&gt;Washer&lt;\/div&gt;&lt;div class=glossaryItemBody&gt;Den metallbricka som ligger emot dina bushings. Denna bricka hj&auml;lper till att f&ouml;rdela trycket p&aring; dina bushings s&aring; att du f&aring;r en j&auml;mnare r&ouml;relse in och ut ur sv&auml;ngen. &lt;\/div&gt;&lt;div class=glossaryTooltipMoreLinkWrapper&gt;&lt;a class=glossaryTooltipMoreLink href=https:\/\/www.boardlife.se\/fr\/glossaire\/rondelle\/ &gt;L&auml;s mer&lt;\/a&gt;&lt;\/div&gt;\" href=\"https:\/\/www.boardlife.se\/fr\/glossaire\/rondelle\/\" data-mobile-support=\"0\" data-gt-translate-attributes='[{\"attribute\":\"data-cmtooltip\", \"format\":\"html\"}]'>rondelles<\/a> till 2 truckar.<\/p>\n<p>88A Soft (Red)<br>\n90A Medium (Orange)<br>\n92A Medium Hard (Blue)<br>\n94A Hard (Black)<br>\n96A Super Hard (Yellow)<\/p>","protected":false},"excerpt":{"rendered":"<p>Independents sk\u00f6na bushings med h\u00f6g rebound och garanterad passform till din Independent truck. S\u00e4ljs som ett set allts\u00e5 4 bushings och washers till 2 truckar.<\/p>\n<p>88A Soft (Red)<br \/>\n90A Medium (Orange)<br \/>\n92A Medium Hard (Blue)<br \/>\n94A Hard (Black)<br \/>\n96A Super Hard (Yellow)<\/p>","protected":false},"featured_media":73500,"comment_status":"open","ping_status":"closed","template":"","meta":[],"product_brand":[],"product_cat":[1308],"product_tag":[1366],"class_list":{"0":"post-73494","1":"product","2":"type-product","3":"status-publish","4":"has-post-thumbnail","6":"product_cat-bushings-skateboard","7":"product_tag-independent","8":"pa_manufacturer-independent-trucks","10":"first","11":"instock","12":"taxable","13":"shipping-taxable","14":"purchasable","15":"product-type-variable","16":"has-default-attributes"},"composite_virtual":false,"composite_layout":"","composite_add_to_cart_form_location":"","composite_editable_in_cart":false,"composite_sold_individually_context":"","composite_shop_price_calc":"","composite_components":[],"composite_scenarios":[],"jetpack_sharing_enabled":true,"_links":{"self":[{"href":"https:\/\/www.boardlife.se\/fr\/wp-json\/wp\/v2\/product\/73494","targetHints":{"allow":["GET"]}}],"collection":[{"href":"https:\/\/www.boardlife.se\/fr\/wp-json\/wp\/v2\/product"}],"about":[{"href":"https:\/\/www.boardlife.se\/fr\/wp-json\/wp\/v2\/types\/product"}],"replies":[{"embeddable":true,"href":"https:\/\/www.boardlife.se\/fr\/wp-json\/wp\/v2\/comments?post=73494"}],"wp:featuredmedia":[{"embeddable":true,"href":"https:\/\/www.boardlife.se\/fr\/wp-json\/wp\/v2\/media\/73500"}],"wp:attachment":[{"href":"https:\/\/www.boardlife.se\/fr\/wp-json\/wp\/v2\/media?parent=73494"}],"wp:term":[{"taxonomy":"product_brand","embeddable":true,"href":"https:\/\/www.boardlife.se\/fr\/wp-json\/wp\/v2\/product_brand?post=73494"},{"taxonomy":"product_cat","embeddable":true,"href":"https:\/\/www.boardlife.se\/fr\/wp-json\/wp\/v2\/product_cat?post=73494"},{"taxonomy":"product_tag","embeddable":true,"href":"https:\/\/www.boardlife.se\/fr\/wp-json\/wp\/v2\/product_tag?post=73494"}],"curies":[{"name":"wp","href":"https:\/\/api.w.org\/{rel}","templated":true}]}}