{"id":63524,"date":"2019-06-25T18:28:13","date_gmt":"2019-06-25T16:28:13","guid":{"rendered":"https:\/\/www.boardlife.se\/?post_type=product&#038;p=63524"},"modified":"2019-06-27T12:43:28","modified_gmt":"2019-06-27T10:43:28","slug":"sac-de-rangement-brixton-camouflage","status":"publish","type":"product","link":"https:\/\/www.boardlife.se\/fr\/boutique\/vetements-de-rue\/sac-a-dos\/sac-de-rangement-brixton-camouflage\/","title":{"rendered":"Sac de rangement Brixton camouflage"},"content":{"rendered":"<p>Vous \u00eates en d\u00e9placement ou vous avez l&#039;impression de ne jamais avoir tout ce dont vous avez besoin pour le skatepark ou un road trip ? Ce sac week-end Brixton a une capacit\u00e9 de 38 litres et est dot\u00e9 de sangles dissimul\u00e9es pour fixer votre skateboard. Sur le c\u00f4t\u00e9, il y a \u00e9galement un compartiment \u00e9tanche pour les chaussures ou les v\u00eatements mouill\u00e9s. Des poches int\u00e9rieures permettent de ranger les petits appareils \u00e9lectroniques ou les petits accessoires.<\/p>\n<p>Mesure<br>\nHauteur : 30,5 cm<br>\nLargeur : 51 cm<br>\nProfondeur : 25 cm<\/p>","protected":false},"excerpt":{"rendered":"<p>Sac week-end Brixton, \u00e9l\u00e9gant et pratique. Il offre de nombreuses options pratiques. Sangles velcro pour attacher votre skateboard. Compartiment lat\u00e9ral \u00e9tanche et poche int\u00e9rieure pour t\u00e9l\u00e9phone, chargeur ou accessoires. Avec ses 38 litres, il est id\u00e9al pour un voyage en avion, un road trip le week-end ou pour emporter beaucoup d&#039;affaires au skatepark.<\/p>","protected":false},"featured_media":63537,"comment_status":"open","ping_status":"closed","template":"","meta":[],"product_brand":[2542],"product_cat":[1038],"product_tag":[],"class_list":{"0":"post-63524","1":"product","2":"type-product","3":"status-publish","4":"has-post-thumbnail","6":"product_brand-brixton","7":"product_cat-backpacks","8":"pa_manufacturer-brixton","10":"first","11":"instock","12":"sale","13":"featured","14":"taxable","15":"shipping-taxable","16":"purchasable","17":"product-type-simple"},"composite_virtual":false,"composite_layout":"","composite_add_to_cart_form_location":"","composite_editable_in_cart":false,"composite_sold_individually_context":"","composite_shop_price_calc":"","composite_components":[],"composite_scenarios":[],"jetpack_sharing_enabled":true,"_links":{"self":[{"href":"https:\/\/www.boardlife.se\/fr\/wp-json\/wp\/v2\/product\/63524","targetHints":{"allow":["GET"]}}],"collection":[{"href":"https:\/\/www.boardlife.se\/fr\/wp-json\/wp\/v2\/product"}],"about":[{"href":"https:\/\/www.boardlife.se\/fr\/wp-json\/wp\/v2\/types\/product"}],"replies":[{"embeddable":true,"href":"https:\/\/www.boardlife.se\/fr\/wp-json\/wp\/v2\/comments?post=63524"}],"wp:featuredmedia":[{"embeddable":true,"href":"https:\/\/www.boardlife.se\/fr\/wp-json\/wp\/v2\/media\/63537"}],"wp:attachment":[{"href":"https:\/\/www.boardlife.se\/fr\/wp-json\/wp\/v2\/media?parent=63524"}],"wp:term":[{"taxonomy":"product_brand","embeddable":true,"href":"https:\/\/www.boardlife.se\/fr\/wp-json\/wp\/v2\/product_brand?post=63524"},{"taxonomy":"product_cat","embeddable":true,"href":"https:\/\/www.boardlife.se\/fr\/wp-json\/wp\/v2\/product_cat?post=63524"},{"taxonomy":"product_tag","embeddable":true,"href":"https:\/\/www.boardlife.se\/fr\/wp-json\/wp\/v2\/product_tag?post=63524"}],"curies":[{"name":"wp","href":"https:\/\/api.w.org\/{rel}","templated":true}]}}