{"id":58424,"date":"2019-05-16T16:44:21","date_gmt":"2019-05-16T14:44:21","guid":{"rendered":"https:\/\/www.boardlife.se\/?post_type=product&#038;p=58424"},"modified":"2022-06-08T11:15:47","modified_gmt":"2022-06-08T09:15:47","slug":"andale-daewon-roulement-a-billes-cire-de-beignet","status":"publish","type":"product","link":"https:\/\/www.boardlife.se\/fr\/boutique\/skateboard\/composants-de-skateboard\/roulements-de-skateboard\/andale-daewon-roulement-a-billes-cire-de-beignet\/","title":{"rendered":"Roulement \u00e0 billes Andal\u00e9 Daewon"},"content":{"rendered":"<p>Les roulements Donut, cr\u00e9ation d&#039;Andal\u00e9 Daewon, sont des roulements \u00e0 billes en bois v\u00e9ritable. Ce ne sont donc pas des donuts, mais des donuts en cire, approuv\u00e9s par Andal\u00e9 lui-m\u00eame, que vous voyez sur la photo. Envie d&#039;une planche aussi d\u00e9licieuse qu&#039;un donut ? Envie d&#039;une glisse aussi fluide qu&#039;un donut au moment de poser la porte ? Ce pack est fait pour vous !<\/p>\n<p>Le paquet contient donc : 8 roulements \u00e0 billes, 4 <a class=\"glossaryLink\" aria-describedby=\"tt\" data-cmtooltip=\"&lt;div class=glossaryItemTitle&gt;Spacer&lt;\/div&gt;&lt;div class=glossaryItemBody&gt;Spacer &auml;r den distans som ligger mellan dina kullager inne i hjulet. Den fungerar genom att se till att dina kullager inte pressas ihop konstigt om du drar &aring;t din axelmutter. Du kan fortfarande &aring;ka utan den men vill du f&ouml;rs&auml;kra dig om att kullagerbanorna inte blir skeva eller bromsar upp ditt hjul n&auml;r du sv&auml;nger &auml;r det rekommenderat att anv&auml;nda detta. En liten kostnad f&ouml;r att f&ouml;rb&auml;ttra. Vissa kullager har redan detta inbyggt p&aring; sig, denna typ av kullager kallas oftast f&ouml;r built-in.&lt;\/div&gt;&lt;div class=cmtt_synonyms_wrapper&gt;&lt;div class=cmtt_synonyms_title&gt;Synonym: &lt;\/div&gt;&lt;div class=cmtt_synonyms&gt;Built-in&lt;\/div&gt;&lt;\/div&gt;&lt;div class=glossaryTooltipMoreLinkWrapper&gt;&lt;a class=glossaryTooltipMoreLink href=https:\/\/www.boardlife.se\/glossary\/spacer\/ &gt;L&auml;s mer&lt;\/a&gt;&lt;\/div&gt;\" href=\"https:\/\/www.boardlife.se\/fr\/glossaire\/entretoise\/?wmc-currency=EUR\" data-mobile-support=\"0\" data-gt-translate-attributes='[{\"attribute\":\"data-cmtooltip\", \"format\":\"html\"}]'>entretoises<\/a> et 2 d\u00e9licieux beignets de cire. Laissez-les d\u00e9guster.<\/p>","protected":false},"excerpt":{"rendered":"<p>De d\u00e9licieux roulements \u00e0 billes d&#039;Andal\u00e9 Daewon o\u00f9, en plus des roulements \u00e0 billes, vous obtenez \u00e9galement deux d\u00e9licieux beignets de cire pour pouvoir glisser en douceur sur tout ce que vous pouvez imaginer dans le skate park.<\/p>","protected":false},"featured_media":58425,"comment_status":"open","ping_status":"closed","template":"","meta":[],"product_brand":[2527],"product_cat":[1307,1483],"product_tag":[],"class_list":{"0":"post-58424","1":"product","2":"type-product","3":"status-publish","4":"has-post-thumbnail","6":"product_brand-andale","7":"product_cat-bearings-skateboard","8":"product_cat-wax","9":"pa_manufacturer-andale","11":"first","12":"instock","13":"featured","14":"taxable","15":"shipping-taxable","16":"purchasable","17":"product-type-simple"},"composite_virtual":false,"composite_layout":"","composite_add_to_cart_form_location":"","composite_editable_in_cart":false,"composite_sold_individually_context":"","composite_shop_price_calc":"","composite_components":[],"composite_scenarios":[],"jetpack_sharing_enabled":true,"_links":{"self":[{"href":"https:\/\/www.boardlife.se\/fr\/wp-json\/wp\/v2\/product\/58424","targetHints":{"allow":["GET"]}}],"collection":[{"href":"https:\/\/www.boardlife.se\/fr\/wp-json\/wp\/v2\/product"}],"about":[{"href":"https:\/\/www.boardlife.se\/fr\/wp-json\/wp\/v2\/types\/product"}],"replies":[{"embeddable":true,"href":"https:\/\/www.boardlife.se\/fr\/wp-json\/wp\/v2\/comments?post=58424"}],"wp:featuredmedia":[{"embeddable":true,"href":"https:\/\/www.boardlife.se\/fr\/wp-json\/wp\/v2\/media\/58425"}],"wp:attachment":[{"href":"https:\/\/www.boardlife.se\/fr\/wp-json\/wp\/v2\/media?parent=58424"}],"wp:term":[{"taxonomy":"product_brand","embeddable":true,"href":"https:\/\/www.boardlife.se\/fr\/wp-json\/wp\/v2\/product_brand?post=58424"},{"taxonomy":"product_cat","embeddable":true,"href":"https:\/\/www.boardlife.se\/fr\/wp-json\/wp\/v2\/product_cat?post=58424"},{"taxonomy":"product_tag","embeddable":true,"href":"https:\/\/www.boardlife.se\/fr\/wp-json\/wp\/v2\/product_tag?post=58424"}],"curies":[{"name":"wp","href":"https:\/\/api.w.org\/{rel}","templated":true}]}}