{"id":58417,"date":"2019-05-16T16:17:36","date_gmt":"2019-05-16T14:17:36","guid":{"rendered":"https:\/\/www.boardlife.se\/?post_type=product&#038;p=58417"},"modified":"2025-03-14T14:54:50","modified_gmt":"2025-03-14T13:54:50","slug":"carver-roundhouse-eco-concave-78a","status":"publish","type":"product","link":"https:\/\/www.boardlife.se\/fr\/boutique\/longboard\/composants-de-longboard\/roues-de-longboard\/carver-roundhouse-eco-concave-78a\/","title":{"rendered":"Carver Roundhouse ECO concave 69 mm 78a"},"content":{"rendered":"<p>Les roues Carvers Roundhouse sont con\u00e7ues pour le surfskate. Avec leur diam\u00e8tre de 69 mm et leur duret\u00e9 de 78a, elles permettent des virages tr\u00e8s agressifs sans perte d&#039;adh\u00e9rence. Leur surface de contact sp\u00e9cialement \u00e9tudi\u00e9e assure un contact permanent avec le sol, offrant ainsi une accroche optimale. Id\u00e9ales pour le surfskate ou les planches o\u00f9 le carving est primordial.<\/p>","protected":false},"excerpt":{"rendered":"<p>Vous cherchez une roue de surf skate performante et infaillible\u00a0? Carver vous assure que vous n&#039;avez pas besoin de chercher plus loin. La Carver Roundhouse vous offre une roue de 69\u00a0mm avec une adh\u00e9rence incroyable, un bon roulement et un design simple. Que demander de plus pour le surf skate\u00a0?<\/p>","protected":false},"featured_media":58418,"comment_status":"open","ping_status":"closed","template":"","meta":[],"product_brand":[2544],"product_cat":[38],"product_tag":[877,1691],"class_list":{"0":"post-58417","1":"product","2":"type-product","3":"status-publish","4":"has-post-thumbnail","6":"product_brand-carver-skateboards","7":"product_cat-wheels-longboard","8":"product_tag-orangatang-wheels","9":"product_tag-surf-skate","10":"pa_diameter-69mm","11":"pa_manufacturer-carver-skateboards","13":"first","14":"instock","15":"taxable","16":"shipping-taxable","17":"purchasable","18":"product-type-simple"},"composite_virtual":false,"composite_layout":"","composite_add_to_cart_form_location":"","composite_editable_in_cart":false,"composite_sold_individually_context":"","composite_shop_price_calc":"","composite_components":[],"composite_scenarios":[],"jetpack_sharing_enabled":true,"_links":{"self":[{"href":"https:\/\/www.boardlife.se\/fr\/wp-json\/wp\/v2\/product\/58417","targetHints":{"allow":["GET"]}}],"collection":[{"href":"https:\/\/www.boardlife.se\/fr\/wp-json\/wp\/v2\/product"}],"about":[{"href":"https:\/\/www.boardlife.se\/fr\/wp-json\/wp\/v2\/types\/product"}],"replies":[{"embeddable":true,"href":"https:\/\/www.boardlife.se\/fr\/wp-json\/wp\/v2\/comments?post=58417"}],"wp:featuredmedia":[{"embeddable":true,"href":"https:\/\/www.boardlife.se\/fr\/wp-json\/wp\/v2\/media\/58418"}],"wp:attachment":[{"href":"https:\/\/www.boardlife.se\/fr\/wp-json\/wp\/v2\/media?parent=58417"}],"wp:term":[{"taxonomy":"product_brand","embeddable":true,"href":"https:\/\/www.boardlife.se\/fr\/wp-json\/wp\/v2\/product_brand?post=58417"},{"taxonomy":"product_cat","embeddable":true,"href":"https:\/\/www.boardlife.se\/fr\/wp-json\/wp\/v2\/product_cat?post=58417"},{"taxonomy":"product_tag","embeddable":true,"href":"https:\/\/www.boardlife.se\/fr\/wp-json\/wp\/v2\/product_tag?post=58417"}],"curies":[{"name":"wp","href":"https:\/\/api.w.org\/{rel}","templated":true}]}}