{"id":58416,"date":"2019-05-16T16:15:17","date_gmt":"2019-05-16T14:15:17","guid":{"rendered":"https:\/\/www.boardlife.se\/?post_type=product&#038;p=58416"},"modified":"2020-10-16T16:43:11","modified_gmt":"2020-10-16T14:43:11","slug":"carver-roundhouse-eco-concave-69-mm-81a-aqua","status":"publish","type":"product","link":"https:\/\/www.boardlife.se\/fr\/boutique\/longboard\/composants-de-longboard\/roues-de-longboard\/carver-roundhouse-eco-concave-69-mm-81a-aqua\/","title":{"rendered":"Carver Roundhouse ECO Concave 69 mm 81a Aqua"},"content":{"rendered":"<p>Les roues Roundhouse de Carver sont avant tout con\u00e7ues pour le surfskate. Avec leur diam\u00e8tre de 69 mm offrant une adh\u00e9rence exceptionnelle et leur duret\u00e9 l\u00e9g\u00e8rement sup\u00e9rieure (81a), elles vous garantissent une glisse sans interruption. Carver affirme d&#039;ailleurs qu&#039;il s&#039;agit de la roue de surfskate la plus performante qu&#039;ils aient jamais test\u00e9e, et c&#039;est un sacr\u00e9 compliment.<\/p>","protected":false},"excerpt":{"rendered":"<p>Vous cherchez une roue de surf skate performante et infaillible\u00a0? Carver vous assure que vous n&#039;avez pas besoin de chercher plus loin. La Carver Roundhouse vous offre une roue de 69\u00a0mm avec une adh\u00e9rence incroyable, un bon roulement et un design simple. Que demander de plus pour le surf skate\u00a0?<\/p>","protected":false},"featured_media":58414,"comment_status":"open","ping_status":"closed","template":"","meta":[],"product_brand":[2544],"product_cat":[38],"product_tag":[877,1691],"class_list":{"0":"post-58416","1":"product","2":"type-product","3":"status-publish","4":"has-post-thumbnail","6":"product_brand-carver-skateboards","7":"product_cat-wheels-longboard","8":"product_tag-orangatang-wheels","9":"product_tag-surf-skate","10":"pa_diameter-69mm","11":"pa_manufacturer-carver-skateboards","13":"first","14":"outofstock","15":"taxable","16":"shipping-taxable","17":"purchasable","18":"product-type-simple"},"composite_virtual":false,"composite_layout":"","composite_add_to_cart_form_location":"","composite_editable_in_cart":false,"composite_sold_individually_context":"","composite_shop_price_calc":"","composite_components":[],"composite_scenarios":[],"jetpack_sharing_enabled":true,"_links":{"self":[{"href":"https:\/\/www.boardlife.se\/fr\/wp-json\/wp\/v2\/product\/58416","targetHints":{"allow":["GET"]}}],"collection":[{"href":"https:\/\/www.boardlife.se\/fr\/wp-json\/wp\/v2\/product"}],"about":[{"href":"https:\/\/www.boardlife.se\/fr\/wp-json\/wp\/v2\/types\/product"}],"replies":[{"embeddable":true,"href":"https:\/\/www.boardlife.se\/fr\/wp-json\/wp\/v2\/comments?post=58416"}],"wp:featuredmedia":[{"embeddable":true,"href":"https:\/\/www.boardlife.se\/fr\/wp-json\/wp\/v2\/media\/58414"}],"wp:attachment":[{"href":"https:\/\/www.boardlife.se\/fr\/wp-json\/wp\/v2\/media?parent=58416"}],"wp:term":[{"taxonomy":"product_brand","embeddable":true,"href":"https:\/\/www.boardlife.se\/fr\/wp-json\/wp\/v2\/product_brand?post=58416"},{"taxonomy":"product_cat","embeddable":true,"href":"https:\/\/www.boardlife.se\/fr\/wp-json\/wp\/v2\/product_cat?post=58416"},{"taxonomy":"product_tag","embeddable":true,"href":"https:\/\/www.boardlife.se\/fr\/wp-json\/wp\/v2\/product_tag?post=58416"}],"curies":[{"name":"wp","href":"https:\/\/api.w.org\/{rel}","templated":true}]}}