{"id":58366,"date":"2019-05-16T10:01:07","date_gmt":"2019-05-16T08:01:07","guid":{"rendered":"https:\/\/www.boardlife.se\/?post_type=product&#038;p=58366"},"modified":"2022-06-08T11:15:46","modified_gmt":"2022-06-08T09:15:46","slug":"griptape-blanc-a-motif-grizzly","status":"publish","type":"product","link":"https:\/\/www.boardlife.se\/fr\/boutique\/materiel\/ruban-adhesif\/griptape-blanc-a-motif-grizzly\/","title":{"rendered":"Ruban adh\u00e9sif Grizzly Stamp Blanc"},"content":{"rendered":"<p>Grizzly est une cr\u00e9ation de Torey Pudwill, ic\u00f4ne du skate.<\/p>","protected":false},"excerpt":{"rendered":"<p>En klassisk griptape i formatet 9 x 33&#8243; fr\u00e5n Grizzly.<\/p>","protected":false},"featured_media":58367,"comment_status":"open","ping_status":"closed","template":"","meta":[],"product_brand":[2567],"product_cat":[202],"product_tag":[],"class_list":{"0":"post-58366","1":"product","2":"type-product","3":"status-publish","4":"has-post-thumbnail","6":"product_brand-grizzly","7":"product_cat-griptape","8":"pa_manufacturer-grizzly","10":"first","11":"outofstock","12":"taxable","13":"shipping-taxable","14":"purchasable","15":"product-type-simple"},"composite_virtual":false,"composite_layout":"","composite_add_to_cart_form_location":"","composite_editable_in_cart":false,"composite_sold_individually_context":"","composite_shop_price_calc":"","composite_components":[],"composite_scenarios":[],"jetpack_sharing_enabled":true,"_links":{"self":[{"href":"https:\/\/www.boardlife.se\/fr\/wp-json\/wp\/v2\/product\/58366","targetHints":{"allow":["GET"]}}],"collection":[{"href":"https:\/\/www.boardlife.se\/fr\/wp-json\/wp\/v2\/product"}],"about":[{"href":"https:\/\/www.boardlife.se\/fr\/wp-json\/wp\/v2\/types\/product"}],"replies":[{"embeddable":true,"href":"https:\/\/www.boardlife.se\/fr\/wp-json\/wp\/v2\/comments?post=58366"}],"wp:featuredmedia":[{"embeddable":true,"href":"https:\/\/www.boardlife.se\/fr\/wp-json\/wp\/v2\/media\/58367"}],"wp:attachment":[{"href":"https:\/\/www.boardlife.se\/fr\/wp-json\/wp\/v2\/media?parent=58366"}],"wp:term":[{"taxonomy":"product_brand","embeddable":true,"href":"https:\/\/www.boardlife.se\/fr\/wp-json\/wp\/v2\/product_brand?post=58366"},{"taxonomy":"product_cat","embeddable":true,"href":"https:\/\/www.boardlife.se\/fr\/wp-json\/wp\/v2\/product_cat?post=58366"},{"taxonomy":"product_tag","embeddable":true,"href":"https:\/\/www.boardlife.se\/fr\/wp-json\/wp\/v2\/product_tag?post=58366"}],"curies":[{"name":"wp","href":"https:\/\/api.w.org\/{rel}","templated":true}]}}