{"id":57406,"date":"2019-05-02T18:13:05","date_gmt":"2019-05-02T16:13:05","guid":{"rendered":"https:\/\/www.boardlife.se\/?post_type=product&#038;p=57406"},"modified":"2025-04-05T14:17:55","modified_gmt":"2025-04-05T12:17:55","slug":"orangatang-knuckles-bushing-medium","status":"publish","type":"product","link":"https:\/\/www.boardlife.se\/fr\/boutique\/longboard\/composants-de-longboard\/bagues-de-longboard\/orangatang-knuckles-bushing-medium\/","title":{"rendered":"Bague de jointures d&#039;orang-outan moyenne"},"content":{"rendered":"<h3><strong>Bagues d&#039;articulation Orangatang<\/strong><\/h3>\n<div>Nya <a class=\"glossaryLink cmtt_Komponenter\" aria-describedby=\"tt\" data-cmtooltip=\"&lt;div class=glossaryItemTitle&gt;Bushings&lt;\/div&gt;&lt;div class=glossaryItemBody&gt;Bushings finns i dina truckar och &auml;r den &amp;quot;mjuka&amp;quot; del som reglerar hur mycket dina truckar ska sv&auml;nga n&auml;r du lutar dig p&aring; br&auml;dan.&lt;\/div&gt;&lt;div class=cmtt_synonyms_wrapper&gt;&lt;div class=cmtt_synonyms_title&gt;Synonymer: &lt;\/div&gt;&lt;div class=cmtt_synonyms&gt;bussningar&lt;\/div&gt;&lt;\/div&gt;&lt;div class=glossaryTooltipMoreLinkWrapper&gt;&lt;a class=glossaryTooltipMoreLink href=https:\/\/www.boardlife.se\/en\/glossary\/bushings\/ &gt;L&auml;s mer&lt;\/a&gt;&lt;\/div&gt;\" href=\"https:\/\/www.boardlife.se\/en\/glossary\/bushings\/\" data-mobile-support=\"0\" data-gt-translate-attributes='[{\"attribute\":\"data-cmtooltip\", \"format\":\"html\"}]'>bagues<\/a> fr&aring;n Orangatang som enligt dem sj&auml;lva &auml;r den ultimata bushingen att uppgradera till om du &auml;lskar carving, dancing, och freestyle. M&aring;nga av Loadeds br&auml;dor har v&auml;ldigt sn&auml;rtig och energirik <a class=\"glossaryLink cmtt_Snowboard\"  aria-describedby=\"tt\"  data-cmtooltip=\"&lt;div class=glossaryItemTitle&gt;Flex&lt;\/div&gt;&lt;div class=glossaryItemBody&gt;I huvudsak menar man b&ouml;jbarheten p&aring; br&auml;dan.&lt;\/div&gt;&lt;div class=glossaryTooltipMoreLinkWrapper&gt;&lt;a class=glossaryTooltipMoreLink href=https:\/\/www.boardlife.se\/en\/glossary\/flex\/ &gt;L&auml;s mer&lt;\/a&gt;&lt;\/div&gt;\"  href=\"https:\/\/www.boardlife.se\/en\/glossary\/flex\/\"  data-mobile-support=\"0\"  data-gt-translate-attributes='[{\"attribute\":\"data-cmtooltip\", \"format\":\"html\"}]'>fl\u00e9chir<\/a>Si vous recherchez cela, il est \u00e9galement important que les camions soient performants. Actuellement, la qualit\u00e9 des bagues standard des camions varie, et c&#039;est pourquoi nous sommes particuli\u00e8rement heureux de l&#039;arriv\u00e9e d&#039;une nouvelle alternative sur le march\u00e9.<br>\nComme toujours, les produits sont test\u00e9s et d\u00e9velopp\u00e9s sur une longue p\u00e9riode par l&#039;\u00e9quipe de Loaded\/Orangatang. M\u00eame les plateaux ont subi plusieurs modifications avant d&#039;\u00eatre pleinement satisfaits de leur efficacit\u00e9.<\/div>\n<div><strong>Caract\u00e9ristiques:<\/strong><br>\nDiam\u00e8tre ext\u00e9rieur : 2,41 cm<br>\nHauteur (en haut) : 1,63 cm<br>\nHauteur (en bas) : 1,69 cm<\/div>\n<div>Duret\u00e9 Orange (Soft 87a)<br>\nDuret\u00e9 Violet (Moyenne 90a)<\/div>\n<div><strong>1 paquet contient :<\/strong><br>\n2 bagues sup\u00e9rieures<br>\n2 bagues inf\u00e9rieures<br>\n2 petits plateaux<\/div>\n<div>2 grands plateaux<\/div>\n<div><\/div>","protected":false},"excerpt":{"rendered":"<p>Les nouvelles gommes Knuckles d&#039;Orangatang sont ludiques et id\u00e9ales pour ceux qui recherchent une glisse fluide et agr\u00e9able. Parfaites pour la danse, le carving ou le freeride.<\/p>","protected":false},"featured_media":57407,"comment_status":"open","ping_status":"closed","template":"","meta":[],"product_brand":[2588],"product_cat":[85],"product_tag":[877],"class_list":{"0":"post-57406","1":"product","2":"type-product","3":"status-publish","4":"has-post-thumbnail","6":"product_brand-orangatang-wheels","7":"product_cat-bushings-longboard","8":"product_tag-orangatang-wheels","9":"pa_manufacturer-orangatang-wheels","11":"first","12":"outofstock","13":"taxable","14":"shipping-taxable","15":"purchasable","16":"product-type-simple"},"composite_virtual":false,"composite_layout":"","composite_add_to_cart_form_location":"","composite_editable_in_cart":false,"composite_sold_individually_context":"","composite_shop_price_calc":"","composite_components":[],"composite_scenarios":[],"jetpack_sharing_enabled":true,"_links":{"self":[{"href":"https:\/\/www.boardlife.se\/fr\/wp-json\/wp\/v2\/product\/57406","targetHints":{"allow":["GET"]}}],"collection":[{"href":"https:\/\/www.boardlife.se\/fr\/wp-json\/wp\/v2\/product"}],"about":[{"href":"https:\/\/www.boardlife.se\/fr\/wp-json\/wp\/v2\/types\/product"}],"replies":[{"embeddable":true,"href":"https:\/\/www.boardlife.se\/fr\/wp-json\/wp\/v2\/comments?post=57406"}],"wp:featuredmedia":[{"embeddable":true,"href":"https:\/\/www.boardlife.se\/fr\/wp-json\/wp\/v2\/media\/57407"}],"wp:attachment":[{"href":"https:\/\/www.boardlife.se\/fr\/wp-json\/wp\/v2\/media?parent=57406"}],"wp:term":[{"taxonomy":"product_brand","embeddable":true,"href":"https:\/\/www.boardlife.se\/fr\/wp-json\/wp\/v2\/product_brand?post=57406"},{"taxonomy":"product_cat","embeddable":true,"href":"https:\/\/www.boardlife.se\/fr\/wp-json\/wp\/v2\/product_cat?post=57406"},{"taxonomy":"product_tag","embeddable":true,"href":"https:\/\/www.boardlife.se\/fr\/wp-json\/wp\/v2\/product_tag?post=57406"}],"curies":[{"name":"wp","href":"https:\/\/api.w.org\/{rel}","templated":true}]}}