{"id":57397,"date":"2019-05-02T17:22:31","date_gmt":"2019-05-02T15:22:31","guid":{"rendered":"https:\/\/www.boardlife.se\/?post_type=product&#038;p=57397"},"modified":"2021-11-26T17:53:33","modified_gmt":"2021-11-26T16:53:33","slug":"miller-mini-classic","status":"publish","type":"product","link":"https:\/\/www.boardlife.se\/fr\/boutique\/skateboard\/croiseur\/miller-mini-classic\/","title":{"rendered":"Miller Mini classique"},"content":{"rendered":"<h1>Une toute nouvelle fa\u00e7on de surfer<\/h1>\n<p>Voici une exp\u00e9rience de surf inoubliable. Miller Division pr\u00e9sente sa gamme Surf Skate, qui correspond exactement \u00e0 son nom. Surfez sur terre. Gr\u00e2ce \u00e0 des trucks avant et arri\u00e8re extr\u00eamement oscillants, vous obtenez une incroyable sensation de libert\u00e9. En pompant ou en tournant rapidement, vous pouvez atteindre une vitesse impossible avec des trucks classiques. De l&#039;arr\u00eat \u00e0 la vitesse maximale. Une fois ces trucks pris en main, vous ne voudrez plus revenir \u00e0 votre ancien cruiser. Les trucks sont de type Reverse King Pin. Les trucks avant et arri\u00e8re sont l\u00e9g\u00e8rement diff\u00e9rents et tournent dans le m\u00eame sens pour une puissance accrue. Contrairement \u00e0 la marque Surf Skate Original, Miller offre exactement les m\u00eames sensations et la m\u00eame qualit\u00e9, mais \u00e0 un prix bien inf\u00e9rieur (environ -30% en r\u00e9alit\u00e9 !).<\/p>\n<p>Elles rappellent un peu la Gullwing Sidewinder, mais sont con\u00e7ues pour vous permettre d&#039;augmenter votre vitesse, ce que la Sidewinder ne peut pas tout \u00e0 fait g\u00e9rer. Les trucks sont disponibles \u00e0 l&#039;achat s\u00e9par\u00e9ment si vous souhaitez reconstruire une planche existante.<\/p>\n<p>Cette planche est parfaite pour rider dans des passages \u00e9troits ou pour surfer sur une colline comme sur une grosse vague. Ou peut-\u00eatre pour aller au park ou \u00e0 la piscine\u00a0!<\/p>\n<p>Si vous n\u2019avez pas encore essay\u00e9 cela, vous devez vraiment le faire maintenant\u00a0!<\/p>\n<p>Livr\u00e9 avec des roues Creek de 65 mm 78a et des roulements \u00e0 billes avec abec-9.<\/p>","protected":false},"excerpt":{"rendered":"<p>En riktigt sp\u00e4nnande cruiser med Miller Surf Skate-truckar. En extremt rolig truck som tar dig s\u00e5 n\u00e4ra surfing du kan komma. Med dessa truckar kan du generera fart fr\u00e5n stillast\u00e5ende bara genom att sv\u00e4nga ig\u00e5ng dem. Riktigt kul br\u00e4da och just Mini classic \u00e4r en liten rapp br\u00e4da som inte \u00e4r st\u00f6rre \u00e4n den beh\u00f6ver vara. P\u00e5 29,5&#8243; \u00e4r den liten och n\u00e4tt och med kortare hjulbas f\u00e5r den en grymt rolig och responsiv surf skate.<\/p>","protected":false},"featured_media":57400,"comment_status":"open","ping_status":"closed","template":"","meta":[],"product_brand":[2585],"product_cat":[1309,1654],"product_tag":[1758,900,1691],"class_list":{"0":"post-57397","1":"product","2":"type-product","3":"status-publish","4":"has-post-thumbnail","6":"product_brand-miller-division","7":"product_cat-cruiser","8":"product_cat-surf-skate","9":"product_tag-jimmy-z","10":"product_tag-miller-division","11":"product_tag-surf-skate","12":"pa_hjulbas-16-8-43cm","13":"pa_konstruktion-7-lager-lonn","14":"pa_length-29-5-75cm","15":"pa_manufacturer-miller-division","16":"pa_width-9-228cm","18":"first","19":"instock","20":"sale","21":"featured","22":"taxable","23":"shipping-taxable","24":"purchasable","25":"product-type-simple"},"composite_virtual":false,"composite_layout":"","composite_add_to_cart_form_location":"","composite_editable_in_cart":false,"composite_sold_individually_context":"","composite_shop_price_calc":"","composite_components":[],"composite_scenarios":[],"jetpack_sharing_enabled":true,"_links":{"self":[{"href":"https:\/\/www.boardlife.se\/fr\/wp-json\/wp\/v2\/product\/57397","targetHints":{"allow":["GET"]}}],"collection":[{"href":"https:\/\/www.boardlife.se\/fr\/wp-json\/wp\/v2\/product"}],"about":[{"href":"https:\/\/www.boardlife.se\/fr\/wp-json\/wp\/v2\/types\/product"}],"replies":[{"embeddable":true,"href":"https:\/\/www.boardlife.se\/fr\/wp-json\/wp\/v2\/comments?post=57397"}],"wp:featuredmedia":[{"embeddable":true,"href":"https:\/\/www.boardlife.se\/fr\/wp-json\/wp\/v2\/media\/57400"}],"wp:attachment":[{"href":"https:\/\/www.boardlife.se\/fr\/wp-json\/wp\/v2\/media?parent=57397"}],"wp:term":[{"taxonomy":"product_brand","embeddable":true,"href":"https:\/\/www.boardlife.se\/fr\/wp-json\/wp\/v2\/product_brand?post=57397"},{"taxonomy":"product_cat","embeddable":true,"href":"https:\/\/www.boardlife.se\/fr\/wp-json\/wp\/v2\/product_cat?post=57397"},{"taxonomy":"product_tag","embeddable":true,"href":"https:\/\/www.boardlife.se\/fr\/wp-json\/wp\/v2\/product_tag?post=57397"}],"curies":[{"name":"wp","href":"https:\/\/api.w.org\/{rel}","templated":true}]}}