{"id":56630,"date":"2019-04-02T09:27:43","date_gmt":"2019-04-02T07:27:43","guid":{"rendered":"https:\/\/www.boardlife.se\/?post_type=product&#038;p=56630"},"modified":"2025-06-20T16:51:16","modified_gmt":"2025-06-20T14:51:16","slug":"prisme-liam-ashurst-serie-revel-39","status":"publish","type":"product","link":"https:\/\/www.boardlife.se\/fr\/boutique\/longboard\/longboards-complets\/prisme-liam-ashurst-serie-revel-39\/","title":{"rendered":"Prism Liam Ashurst S\u00e9rie Revel 39"},"content":{"rendered":"<p class=\"prod_desc\">La Revel est une planche con\u00e7ue pour la polyvalence et d\u00e9sormais disponible dans la s\u00e9rie Liam Ashurst. Son design brut et \u00e9l\u00e9gant est id\u00e9al pour ceux qui recherchent une planche vraiment styl\u00e9e. Sa planche sym\u00e9trique de 39 pouces la rend tr\u00e8s polyvalente et joueuse. C&#039;est la grande s\u0153ur de la Revel 36 pouces, l\u00e9g\u00e8rement plus courte. Parfaite pour ceux qui recherchent un cruiser agr\u00e9able tout en conservant une bonne stabilit\u00e9 et une bonne r\u00e9activit\u00e9 pour acc\u00e9l\u00e9rer un peu. Le pont est relativement rigide, ce qui permet de rider un peu plus fort, voire de glisser. Elle est \u00e9quip\u00e9e du superbe Caliber II, qui procure de tr\u00e8s bonnes sensations. Par ailleurs, la planche offre un bon contr\u00f4le et une bonne stabilit\u00e9, ce qui permet de pousser le tail vers l&#039;ext\u00e9rieur lors de certains slides.<\/p>\n<p class=\"prod_comp\">L&#039;ensemble complet comprend :<br>\nCalibre II 10\u2033\/184mm 50\u00b0<br>\nRoues prismatiques 69 mm 78a<br>\nRoulements \u00e0 l&#039;orange sanguine<\/p>","protected":false},"excerpt":{"rendered":"<p>La Prism Liam Ashurst offre un design robuste et \u00e9l\u00e9gant. Tout comme les autres Revel 39, elle reprend le m\u00eame shape mais pr\u00e9sente des designs l\u00e9g\u00e8rement diff\u00e9rents. La Revel 39 est id\u00e9ale pour ceux qui recherchent une planche polyvalente et performante, id\u00e9ale pour le cruising, le carving ou m\u00eame la glisse.<\/p>","protected":false},"featured_media":56631,"comment_status":"open","ping_status":"closed","template":"","meta":[],"product_brand":[2597],"product_cat":[21],"product_tag":[1650],"class_list":{"0":"post-56630","1":"product","2":"type-product","3":"status-publish","4":"has-post-thumbnail","6":"product_brand-prism-skate-co","7":"product_cat-complete-longboards","8":"product_tag-prism","9":"pa_hjulbas-295-7493-cm","10":"pa_length-39-9906cm","11":"pa_manufacturer-prism-skate-co","12":"pa_truckplacering-dropthrough","13":"pa_width-937-238cm","15":"first","16":"instock","17":"taxable","18":"shipping-taxable","19":"purchasable","20":"product-type-simple"},"composite_virtual":false,"composite_layout":"","composite_add_to_cart_form_location":"","composite_editable_in_cart":false,"composite_sold_individually_context":"","composite_shop_price_calc":"","composite_components":[],"composite_scenarios":[],"jetpack_sharing_enabled":true,"_links":{"self":[{"href":"https:\/\/www.boardlife.se\/fr\/wp-json\/wp\/v2\/product\/56630","targetHints":{"allow":["GET"]}}],"collection":[{"href":"https:\/\/www.boardlife.se\/fr\/wp-json\/wp\/v2\/product"}],"about":[{"href":"https:\/\/www.boardlife.se\/fr\/wp-json\/wp\/v2\/types\/product"}],"replies":[{"embeddable":true,"href":"https:\/\/www.boardlife.se\/fr\/wp-json\/wp\/v2\/comments?post=56630"}],"wp:featuredmedia":[{"embeddable":true,"href":"https:\/\/www.boardlife.se\/fr\/wp-json\/wp\/v2\/media\/56631"}],"wp:attachment":[{"href":"https:\/\/www.boardlife.se\/fr\/wp-json\/wp\/v2\/media?parent=56630"}],"wp:term":[{"taxonomy":"product_brand","embeddable":true,"href":"https:\/\/www.boardlife.se\/fr\/wp-json\/wp\/v2\/product_brand?post=56630"},{"taxonomy":"product_cat","embeddable":true,"href":"https:\/\/www.boardlife.se\/fr\/wp-json\/wp\/v2\/product_cat?post=56630"},{"taxonomy":"product_tag","embeddable":true,"href":"https:\/\/www.boardlife.se\/fr\/wp-json\/wp\/v2\/product_tag?post=56630"}],"curies":[{"name":"wp","href":"https:\/\/api.w.org\/{rel}","templated":true}]}}