{"id":56260,"date":"2019-03-20T12:22:08","date_gmt":"2019-03-20T11:22:08","guid":{"rendered":"https:\/\/www.boardlife.se\/?post_type=product&#038;p=56260"},"modified":"2024-05-14T10:45:15","modified_gmt":"2024-05-14T08:45:15","slug":"biscuit-de-la-serie-prisme-liam-ashurst","status":"publish","type":"product","link":"https:\/\/www.boardlife.se\/fr\/boutique\/longboard\/longboards-complets\/biscuit-de-la-serie-prisme-liam-ashurst\/","title":{"rendered":"Biscuit Prism Liam Ashurst Series"},"content":{"rendered":"<div class=\"woocommerce-product-details__short-description\">\n<p class=\"prod_desc\">Une planche compacte et dynamique. Un skate court avec un nose et un kicktail. Con\u00e7ue pour les figures engag\u00e9es au skatepark ou simplement pour vous accompagner partout o\u00f9 vos voyages vous m\u00e8nent. Toutes les planches de la s\u00e9rie Liam Ashurst sont dot\u00e9es d&#039;un grip verni et d&#039;un logo \u00e9l\u00e9gant imprim\u00e9 sur le dessus. Cette planche est id\u00e9ale pour ceux qui recherchent des sensations proches d&#039;un skateboard traditionnel.<\/p>\n<p class=\"prod_comp\">Livr\u00e9 avec :<br>\nCamions standard de calibre 8\u2033<br>\nRoues prismatiques 60 mm 78a<br>\nRoulements \u00e0 l&#039;orange sanguine<\/p>\n<\/div>","protected":false},"excerpt":{"rendered":"<p>Une planche vraiment \u00e9l\u00e9gante. Un skate fluide qui fait aussi bien office de skateboard classique au park que de moyen de transport.<\/p>","protected":false},"featured_media":56261,"comment_status":"open","ping_status":"closed","template":"","meta":[],"product_brand":[2597],"product_cat":[21,1309],"product_tag":[],"class_list":{"0":"post-56260","1":"product","2":"type-product","3":"status-publish","4":"has-post-thumbnail","6":"product_brand-prism-skate-co","7":"product_cat-complete-longboards","8":"product_cat-cruiser","9":"pa_hjulbas-14-75-375-cm","10":"pa_length-28-711-cm","11":"pa_manufacturer-prism-skate-co","12":"pa_width-8-0-203-cm","14":"first","15":"instock","16":"taxable","17":"shipping-taxable","18":"purchasable","19":"product-type-simple"},"composite_virtual":false,"composite_layout":"","composite_add_to_cart_form_location":"","composite_editable_in_cart":false,"composite_sold_individually_context":"","composite_shop_price_calc":"","composite_components":[],"composite_scenarios":[],"jetpack_sharing_enabled":true,"_links":{"self":[{"href":"https:\/\/www.boardlife.se\/fr\/wp-json\/wp\/v2\/product\/56260","targetHints":{"allow":["GET"]}}],"collection":[{"href":"https:\/\/www.boardlife.se\/fr\/wp-json\/wp\/v2\/product"}],"about":[{"href":"https:\/\/www.boardlife.se\/fr\/wp-json\/wp\/v2\/types\/product"}],"replies":[{"embeddable":true,"href":"https:\/\/www.boardlife.se\/fr\/wp-json\/wp\/v2\/comments?post=56260"}],"wp:featuredmedia":[{"embeddable":true,"href":"https:\/\/www.boardlife.se\/fr\/wp-json\/wp\/v2\/media\/56261"}],"wp:attachment":[{"href":"https:\/\/www.boardlife.se\/fr\/wp-json\/wp\/v2\/media?parent=56260"}],"wp:term":[{"taxonomy":"product_brand","embeddable":true,"href":"https:\/\/www.boardlife.se\/fr\/wp-json\/wp\/v2\/product_brand?post=56260"},{"taxonomy":"product_cat","embeddable":true,"href":"https:\/\/www.boardlife.se\/fr\/wp-json\/wp\/v2\/product_cat?post=56260"},{"taxonomy":"product_tag","embeddable":true,"href":"https:\/\/www.boardlife.se\/fr\/wp-json\/wp\/v2\/product_tag?post=56260"}],"curies":[{"name":"wp","href":"https:\/\/api.w.org\/{rel}","templated":true}]}}