{"id":55355,"date":"2018-12-21T13:05:37","date_gmt":"2018-12-21T12:05:37","guid":{"rendered":"https:\/\/www.boardlife.se\/?post_type=product&#038;p=55355"},"modified":"2020-07-20T11:16:21","modified_gmt":"2020-07-20T09:16:21","slug":"camions-tenseurs-en-aluminium-brut-5-25","status":"publish","type":"product","link":"https:\/\/www.boardlife.se\/fr\/boutique\/skateboard\/composants-de-skateboard\/camions-skateboard\/camions-tenseurs-en-aluminium-brut-5-25\/","title":{"rendered":"Trucks Tensor Aluminium Brut 5,25\u2033"},"content":{"rendered":"<p>Tensor Trucks utilise des mati\u00e8res premi\u00e8res de haute qualit\u00e9 pour la fabrication de ses composants. La marque est populaire et est utilis\u00e9e par de nombreuses l\u00e9gendes, dont Rodney Mullen lui-m\u00eame.<\/p>\n<p>La largeur des \u00e9paules est de 7,875\u2033 et le cintre est de 5,25\u2033.<\/p>\n<p><iframe loading=\"lazy\" src=\"https:\/\/www.youtube.com\/embed\/I3IxbVoy5gY\" width=\"698\" height=\"399\" frameborder=\"0\" allowfullscreen=\"allowfullscreen\"><\/iframe><\/p>\n<p>&nbsp;<\/p>","protected":false},"excerpt":{"rendered":"<p>Trucks Tnesor en aluminium pour un poids ultra-l\u00e9ger. Vendus par lot de deux.<\/p>","protected":false},"featured_media":55354,"comment_status":"open","ping_status":"closed","template":"","meta":[],"product_brand":[2617],"product_cat":[1306],"product_tag":[],"class_list":{"0":"post-55355","1":"product","2":"type-product","3":"status-publish","4":"has-post-thumbnail","6":"product_brand-tensor-trucks","7":"product_cat-trucks-skateboard","8":"pa_manufacturer-tensor-trucks","10":"first","11":"outofstock","12":"sale","13":"taxable","14":"shipping-taxable","15":"purchasable","16":"product-type-simple"},"composite_virtual":false,"composite_layout":"","composite_add_to_cart_form_location":"","composite_editable_in_cart":false,"composite_sold_individually_context":"","composite_shop_price_calc":"","composite_components":[],"composite_scenarios":[],"jetpack_sharing_enabled":true,"_links":{"self":[{"href":"https:\/\/www.boardlife.se\/fr\/wp-json\/wp\/v2\/product\/55355","targetHints":{"allow":["GET"]}}],"collection":[{"href":"https:\/\/www.boardlife.se\/fr\/wp-json\/wp\/v2\/product"}],"about":[{"href":"https:\/\/www.boardlife.se\/fr\/wp-json\/wp\/v2\/types\/product"}],"replies":[{"embeddable":true,"href":"https:\/\/www.boardlife.se\/fr\/wp-json\/wp\/v2\/comments?post=55355"}],"wp:featuredmedia":[{"embeddable":true,"href":"https:\/\/www.boardlife.se\/fr\/wp-json\/wp\/v2\/media\/55354"}],"wp:attachment":[{"href":"https:\/\/www.boardlife.se\/fr\/wp-json\/wp\/v2\/media?parent=55355"}],"wp:term":[{"taxonomy":"product_brand","embeddable":true,"href":"https:\/\/www.boardlife.se\/fr\/wp-json\/wp\/v2\/product_brand?post=55355"},{"taxonomy":"product_cat","embeddable":true,"href":"https:\/\/www.boardlife.se\/fr\/wp-json\/wp\/v2\/product_cat?post=55355"},{"taxonomy":"product_tag","embeddable":true,"href":"https:\/\/www.boardlife.se\/fr\/wp-json\/wp\/v2\/product_tag?post=55355"}],"curies":[{"name":"wp","href":"https:\/\/api.w.org\/{rel}","templated":true}]}}