{"id":54083,"date":"2018-09-19T17:57:08","date_gmt":"2018-09-19T15:57:08","guid":{"rendered":"https:\/\/www.boardlife.se\/?post_type=product&#038;p=54083"},"modified":"2018-09-19T17:57:13","modified_gmt":"2018-09-19T15:57:13","slug":"roulement-simple-de-luxe-1-roulement-a-billes","status":"publish","type":"product","link":"https:\/\/www.boardlife.se\/fr\/boutique\/skateboard\/composants-de-skateboard\/roulements-de-skateboard\/roulement-simple-de-luxe-1-roulement-a-billes\/","title":{"rendered":"Roulement simple de luxe (1 roulement \u00e0 billes)"},"content":{"rendered":"<p>Il arrive parfois qu&#039;un roulement casse, mais que les autres fonctionnent parfaitement. Pour ceux qui n&#039;ont pas envie de d\u00e9penser de l&#039;argent pour un jeu complet, vous pouvez facilement acheter un roulement s\u00e9par\u00e9 et ainsi remplacer celui qui est cass\u00e9.<\/p>","protected":false},"excerpt":{"rendered":"<p>Vous devez remplacer un seul roulement de votre planche\u00a0? Dans ce cas, vous pouvez acheter des roulements. <span style=\"text-decoration: underline;\">pi\u00e8ce par pi\u00e8ce<\/span> Ici pour \u00e9viter d&#039;acheter un jeu complet. Id\u00e9al si une seule couche est coup\u00e9e ou si vous souhaitez r\u00e9nover une planche sans trop d\u00e9penser.<\/p>","protected":false},"featured_media":54084,"comment_status":"open","ping_status":"closed","template":"","meta":[],"product_brand":[2582],"product_cat":[1307],"product_tag":[],"class_list":{"0":"post-54083","1":"product","2":"type-product","3":"status-publish","4":"has-post-thumbnail","6":"product_brand-luxe","7":"product_cat-bearings-skateboard","8":"pa_manufacturer-luxe","10":"first","11":"instock","12":"taxable","13":"shipping-taxable","14":"purchasable","15":"product-type-simple"},"composite_virtual":false,"composite_layout":"","composite_add_to_cart_form_location":"","composite_editable_in_cart":false,"composite_sold_individually_context":"","composite_shop_price_calc":"","composite_components":[],"composite_scenarios":[],"jetpack_sharing_enabled":true,"_links":{"self":[{"href":"https:\/\/www.boardlife.se\/fr\/wp-json\/wp\/v2\/product\/54083","targetHints":{"allow":["GET"]}}],"collection":[{"href":"https:\/\/www.boardlife.se\/fr\/wp-json\/wp\/v2\/product"}],"about":[{"href":"https:\/\/www.boardlife.se\/fr\/wp-json\/wp\/v2\/types\/product"}],"replies":[{"embeddable":true,"href":"https:\/\/www.boardlife.se\/fr\/wp-json\/wp\/v2\/comments?post=54083"}],"wp:featuredmedia":[{"embeddable":true,"href":"https:\/\/www.boardlife.se\/fr\/wp-json\/wp\/v2\/media\/54084"}],"wp:attachment":[{"href":"https:\/\/www.boardlife.se\/fr\/wp-json\/wp\/v2\/media?parent=54083"}],"wp:term":[{"taxonomy":"product_brand","embeddable":true,"href":"https:\/\/www.boardlife.se\/fr\/wp-json\/wp\/v2\/product_brand?post=54083"},{"taxonomy":"product_cat","embeddable":true,"href":"https:\/\/www.boardlife.se\/fr\/wp-json\/wp\/v2\/product_cat?post=54083"},{"taxonomy":"product_tag","embeddable":true,"href":"https:\/\/www.boardlife.se\/fr\/wp-json\/wp\/v2\/product_tag?post=54083"}],"curies":[{"name":"wp","href":"https:\/\/api.w.org\/{rel}","templated":true}]}}