{"id":53946,"date":"2018-06-15T11:10:12","date_gmt":"2018-06-15T09:10:12","guid":{"rendered":"https:\/\/www.boardlife.se\/?post_type=product&#038;p=53946"},"modified":"2021-06-28T15:32:05","modified_gmt":"2021-06-28T13:32:05","slug":"orange-tang-cone-80-mm-77a-edition-limitee","status":"publish","type":"product","link":"https:\/\/www.boardlife.se\/fr\/boutique\/skateboard-electrique\/pieces-detachees-electriques\/roues-pneus\/orange-tang-cone-80-mm-77a-edition-limitee\/","title":{"rendered":"Orang-outan Kegel 80 mm 77a \u00c9dition limit\u00e9e"},"content":{"rendered":"<p>Une grande roue de course dot\u00e9e d&#039;un moyeu rigide et l\u00e9ger. Ce moyeu permet une acc\u00e9l\u00e9ration plus rapide et rigidifie l&#039;ur\u00e9thane pour des glissades plus fluides.<\/p>\n<p>Moul\u00e9 selon la formule classique Happy Thane d&#039;O-tang, que l&#039;on retrouve dans des l\u00e9gendes comme In Heats et 4 Presidents.<br>\nTaille : 80 mm<br>\nLargeur : 56 mm<br>\nZone de contact : 56 mm<br>\nDuret\u00e9 : 77a<\/p>\n<p>Moyeu : D\u00e9calage<\/p>\n<h3>Voici ce que dit Orangatang\u00a0:<\/h3>\n<p>Le Kegel est votre s\u00e9same pour une action fulgurante digne d&#039;un rouleau compresseur et l&#039;an\u00e9antissement de nombreux petits mammif\u00e8res. Son large diam\u00e8tre de 80 mm g\u00e9n\u00e8re des vitesses de roulement \u00e9lev\u00e9es, tandis que sa largeur mod\u00e9r\u00e9e de 56 mm offre un \u00e9quilibre optimal entre traction et glisse. Un porte-\u00e0-faux ext\u00e9rieur <a class=\"glossaryLink cmtt_Komponenter\"  aria-describedby=\"tt\"  data-cmtooltip=\"&lt;div class=glossaryItemTitle&gt;L&auml;pp&lt;\/div&gt;&lt;div class=glossaryItemBody&gt;N&auml;r man pratar om hjul brukar man prata om l&auml;pp. Man syftar d&aring; till hur hjulets kanter ser ut. Detta p&aring;verkar i sin tur hur hjulet beter sig n&auml;r du &aring;ker. &lt;\/div&gt;&lt;div class=glossaryTooltipMoreLinkWrapper&gt;&lt;a class=glossaryTooltipMoreLink href=https:\/\/www.boardlife.se\/fr\/glossaire\/correctif\/ &gt;L&auml;s mer&lt;\/a&gt;&lt;\/div&gt;\"  href=\"https:\/\/www.boardlife.se\/fr\/glossaire\/correctif\/\"  data-mobile-support=\"0\"  data-gt-translate-attributes='[{\"attribute\":\"data-cmtooltip\", \"format\":\"html\"}]'>l\u00e8vre<\/a> Son profil droit lui conf\u00e8re une souplesse suffisante pour une adh\u00e9rence optimale \u00e0 la route, tout en garantissant des performances constantes malgr\u00e9 l&#039;usure de la jante. Le rebord int\u00e9rieur plus court pr\u00e9sente un l\u00e9ger chanfrein vers l&#039;int\u00e9rieur pour une traction performante en comp\u00e9tition et des d\u00e9rapages contr\u00f4l\u00e9s.<\/p>\n<p>Un noyau de 46 mm enti\u00e8rement expos\u00e9, dot\u00e9 d&#039;une section transversale en forme de \u00ab vall\u00e9e \u00bb profonde, all\u00e8ge la planche tout en offrant une bonne acc\u00e9l\u00e9ration, une grande inertie et des glisses pr\u00e9cises. Ce noyau est fabriqu\u00e9 \u00e0 partir du m\u00eame mat\u00e9riau haute r\u00e9sistance, haute rigidit\u00e9 et r\u00e9sistant \u00e0 la chaleur que nous avons d\u00e9velopp\u00e9 et utilis\u00e9 dans toute la gamme de produits Orangatang.<\/p>\n<p>Le Kegel est int\u00e9gr\u00e9 \u00e0 notre formule d&#039;ur\u00e9thane Happy. Test\u00e9 et approuv\u00e9 au fil des ans sur nos roues de comp\u00e9tition In Heat de 75 mm et 4President de 70 mm, l&#039;ur\u00e9thane Happy offre un \u00e9quilibre id\u00e9al entre adh\u00e9rence, glisse fluide et constante, et absorption des vibrations pour une performance en descente ma\u00eetris\u00e9e et intuitive.<\/p>\n<p>&lt;iframe width=&rdquo;360&Prime; height=&rdquo;215&Prime; src=&rdquo;https:\/\/www.youtube.com\/embed\/tRnkHgRQZGs&rdquo; frameborder=&rdquo;0&Prime; allowfullscreen&gt;&lt;\/iframe&gt;<\/p>","protected":false},"excerpt":{"rendered":"<p>Le volant de course parfait d&#039;Orangatang. Son noyau ventil\u00e9 et son adh\u00e9rence optimale vous permettent de maintenir la trajectoire souhait\u00e9e dans les courbes.<\/p>","protected":false},"featured_media":53947,"comment_status":"open","ping_status":"closed","template":"","meta":[],"product_brand":[2588],"product_cat":[2265,38],"product_tag":[877],"class_list":{"0":"post-53946","1":"product","2":"type-product","3":"status-publish","4":"has-post-thumbnail","6":"product_brand-orangatang-wheels","7":"product_cat-wheels-tires","8":"product_cat-wheels-longboard","9":"product_tag-orangatang-wheels","10":"pa_diameter-80mm","11":"pa_durometer-77a","12":"pa_hub-placering-offset","13":"pa_kontaktyta-56mm","14":"pa_manufacturer-orangatang-wheels","16":"first","17":"instock","18":"taxable","19":"shipping-taxable","20":"purchasable","21":"product-type-simple"},"composite_virtual":false,"composite_layout":"","composite_add_to_cart_form_location":"","composite_editable_in_cart":false,"composite_sold_individually_context":"","composite_shop_price_calc":"","composite_components":[],"composite_scenarios":[],"jetpack_sharing_enabled":true,"_links":{"self":[{"href":"https:\/\/www.boardlife.se\/fr\/wp-json\/wp\/v2\/product\/53946","targetHints":{"allow":["GET"]}}],"collection":[{"href":"https:\/\/www.boardlife.se\/fr\/wp-json\/wp\/v2\/product"}],"about":[{"href":"https:\/\/www.boardlife.se\/fr\/wp-json\/wp\/v2\/types\/product"}],"replies":[{"embeddable":true,"href":"https:\/\/www.boardlife.se\/fr\/wp-json\/wp\/v2\/comments?post=53946"}],"wp:featuredmedia":[{"embeddable":true,"href":"https:\/\/www.boardlife.se\/fr\/wp-json\/wp\/v2\/media\/53947"}],"wp:attachment":[{"href":"https:\/\/www.boardlife.se\/fr\/wp-json\/wp\/v2\/media?parent=53946"}],"wp:term":[{"taxonomy":"product_brand","embeddable":true,"href":"https:\/\/www.boardlife.se\/fr\/wp-json\/wp\/v2\/product_brand?post=53946"},{"taxonomy":"product_cat","embeddable":true,"href":"https:\/\/www.boardlife.se\/fr\/wp-json\/wp\/v2\/product_cat?post=53946"},{"taxonomy":"product_tag","embeddable":true,"href":"https:\/\/www.boardlife.se\/fr\/wp-json\/wp\/v2\/product_tag?post=53946"}],"curies":[{"name":"wp","href":"https:\/\/api.w.org\/{rel}","templated":true}]}}