{"id":53899,"date":"2018-09-08T13:58:13","date_gmt":"2018-09-08T11:58:13","guid":{"rendered":"https:\/\/www.boardlife.se\/?post_type=product&#038;p=53899"},"modified":"2024-11-30T14:41:25","modified_gmt":"2024-11-30T13:41:25","slug":"orangatang-caguama-85mm-77a-edition-limitee","status":"publish","type":"product","link":"https:\/\/www.boardlife.se\/fr\/boutique\/skateboard-electrique\/pieces-detachees-electriques\/roues-pneus\/orangatang-caguama-85mm-77a-edition-limitee\/","title":{"rendered":"Orangatang Caguama 85 mm 77a \u00c9dition limit\u00e9e"},"content":{"rendered":"<h2>L&#039;ORANGATANG CAGUAMA \u2013&nbsp;<strong>GRAND ET BEAU<\/strong><\/h2>\n<p dir=\"ltr\"><strong>Diam\u00e8tre<\/strong>: 85 mm<br>\n<strong>Largeur<\/strong>: 58,5 mm<br>\n<strong>Patch de contact<\/strong>: 56 mm<br>\n<strong>Durom\u00e8tres<\/strong>: 80a, 83a<br>\n<strong>Si\u00e8ge de roulement<\/strong>: Compenser<br>\n<strong>Formule<\/strong>: Heureux Thane<br>\n<strong>C\u0153ur<\/strong>: ur\u00e9thane \u00e0 haute r\u00e9sistance, \u00e0 haute rigidit\u00e9 et r\u00e9sistant \u00e0 la chaleur<\/p>\n<h3><strong>Rapide, confortable et fonctionnel<\/strong><\/h3>\n<p>Avec ses 85 mm, la roue atteint des vitesses de pointe plus \u00e9lev\u00e9es et conviendra parfaitement \u00e0 ceux qui souhaitent se d\u00e9placer plus loin ou \u00e0 ceux qui pr\u00e9f\u00e8rent rouler en \u00e9lectrique. Mais la Caguama est tout aussi efficace pour le carving et le pumping. Sa surface de contact de 56 mm offre une bonne adh\u00e9rence. Les bords ont \u00e9galement \u00e9t\u00e9 l\u00e9g\u00e8rement arrondis pour un contr\u00f4le plus fiable sur l&#039;asphalte rugueux, le gravier, les fissures et autres irr\u00e9gularit\u00e9s.<\/p>\n<h3><strong>Noyau large et stable<\/strong><\/h3>\n<p>Tout comme le Kegel, l\u00e9g\u00e8rement plus petit, le Caguama poss\u00e8de un noyau ventil\u00e9 plus large. Cela all\u00e8ge l\u00e9g\u00e8rement la roue tout en restant suffisamment large pour assurer un bon maintien et une grande fiabilit\u00e9. Le Caguama est compatible avec tous les tableaux \u00e9lectriques qui recommandent les Kegels Orangatang.<\/p>\n<h3><strong>Formule Happy Thane<\/strong><\/h3>\n<p>Le Caguama est \u00e9quip\u00e9 de la \u00ab Happy Thane Formula \u00bb d&#039;Orangatang, d\u00e9velopp\u00e9e pour offrir une bonne vitesse de roulement, un bon contact et une pr\u00e9visibilit\u00e9 dans la glissade (m\u00eame s&#039;il en faut beaucoup pour glisser avec ces roues).<\/p>\n<p><iframe loading=\"lazy\" title=\"Discussions sur les roues des orangs-outans | Caguama\" width=\"500\" height=\"281\" src=\"https:\/\/www.youtube.com\/embed\/unlm-Mo1las?feature=oembed\" frameborder=\"0\" allow=\"accelerometer; autoplay; clipboard-write; encrypted-media; gyroscope; picture-in-picture; web-share\" referrerpolicy=\"strict-origin-when-cross-origin\" allowfullscreen><\/iframe><\/p>","protected":false},"excerpt":{"rendered":"<p>La plus grande roue Orangatang \u00e0 ce jour, avec 85 mm. Une b\u00eate con\u00e7ue pour des vitesses de pointe plus \u00e9lev\u00e9es. Cette version bleue est disponible en \u00e9dition limit\u00e9e, alors profitez-en\u00a0!<\/p>","protected":false},"featured_media":53900,"comment_status":"open","ping_status":"closed","template":"","meta":[],"product_brand":[2588],"product_cat":[38,2265],"product_tag":[],"class_list":{"0":"post-53899","1":"product","2":"type-product","3":"status-publish","4":"has-post-thumbnail","6":"product_brand-orangatang-wheels","7":"product_cat-wheels-longboard","8":"product_cat-wheels-tires","9":"pa_diameter-85mm","10":"pa_durometer-80a","11":"pa_hub-placering-offset","12":"pa_kontaktyta-56mm","13":"pa_manufacturer-orangatang-wheels","15":"first","16":"instock","17":"taxable","18":"shipping-taxable","19":"purchasable","20":"product-type-simple"},"composite_virtual":false,"composite_layout":"","composite_add_to_cart_form_location":"","composite_editable_in_cart":false,"composite_sold_individually_context":"","composite_shop_price_calc":"","composite_components":[],"composite_scenarios":[],"jetpack_sharing_enabled":true,"_links":{"self":[{"href":"https:\/\/www.boardlife.se\/fr\/wp-json\/wp\/v2\/product\/53899","targetHints":{"allow":["GET"]}}],"collection":[{"href":"https:\/\/www.boardlife.se\/fr\/wp-json\/wp\/v2\/product"}],"about":[{"href":"https:\/\/www.boardlife.se\/fr\/wp-json\/wp\/v2\/types\/product"}],"replies":[{"embeddable":true,"href":"https:\/\/www.boardlife.se\/fr\/wp-json\/wp\/v2\/comments?post=53899"}],"wp:featuredmedia":[{"embeddable":true,"href":"https:\/\/www.boardlife.se\/fr\/wp-json\/wp\/v2\/media\/53900"}],"wp:attachment":[{"href":"https:\/\/www.boardlife.se\/fr\/wp-json\/wp\/v2\/media?parent=53899"}],"wp:term":[{"taxonomy":"product_brand","embeddable":true,"href":"https:\/\/www.boardlife.se\/fr\/wp-json\/wp\/v2\/product_brand?post=53899"},{"taxonomy":"product_cat","embeddable":true,"href":"https:\/\/www.boardlife.se\/fr\/wp-json\/wp\/v2\/product_cat?post=53899"},{"taxonomy":"product_tag","embeddable":true,"href":"https:\/\/www.boardlife.se\/fr\/wp-json\/wp\/v2\/product_tag?post=53899"}],"curies":[{"name":"wp","href":"https:\/\/api.w.org\/{rel}","templated":true}]}}