{"id":52569,"date":"2018-08-15T13:59:57","date_gmt":"2018-08-15T11:59:57","guid":{"rendered":"https:\/\/www.boardlife.se\/?post_type=product&#038;p=52569"},"modified":"2024-09-05T12:36:34","modified_gmt":"2024-09-05T10:36:34","slug":"souviens-toi-du-california-cruiser-jaune-61-mm-78a","status":"publish","type":"product","link":"https:\/\/www.boardlife.se\/fr\/boutique\/longboard\/composants-de-longboard\/roues-de-longboard\/souviens-toi-du-california-cruiser-jaune-61-mm-78a\/","title":{"rendered":"Souvenez-vous du California Cruiser Jaune 61mm 78a"},"content":{"rendered":"<p>Remember a toujours donn\u00e9 la priorit\u00e9 \u00e0 la production de roues faciles \u00e0 glisser, y compris dans ses nouvelles roues de cruiser, m\u00eame si la largeur vous offre une adh\u00e9rence accrue.<\/p>\n<p>Les California Cruisers sont leurs roues les plus pures pour le cruiser. Malgr\u00e9 cela, vous b\u00e9n\u00e9ficiez de leur formule l\u00e9gendaire, utilis\u00e9e sur leurs autres roues. La roue a un diam\u00e8tre de 61 mm et une surface de contact de 50 mm, ce qui assure une bonne adh\u00e9rence malgr\u00e9 la formule slide. La possibilit\u00e9 de slider est toutefois pr\u00e9serv\u00e9e. Parfait pour ceux qui pratiquent principalement le cruiser, mais qui souhaitent garder la porte ouverte pour des sorties plus contr\u00f4l\u00e9es. Si vous le souhaitez, vous pouvez pousser la roue un peu plus fort pour retrouver cette fameuse sensation de slide.<\/p>\n<p>La roue est livr\u00e9e avec <a class=\"glossaryLink cmtt_Komponenter\" aria-describedby=\"tt\" data-cmtooltip=\"&lt;div class=glossaryItemTitle&gt;Stone Ground&lt;\/div&gt;&lt;div class=glossaryItemBody&gt;N&auml;r ytan p&aring; hjulen &auml;r f&ouml;rsliten och uppruggad. F&ouml;rdelen &auml;r att du d&aring; kan b&ouml;rja slidea med dem direkt utan att du beh&ouml;ver slita in dem anm&auml;rkningsv&auml;rt.&lt;\/div&gt;&lt;div class=cmtt_synonyms_wrapper&gt;&lt;div class=cmtt_synonyms_title&gt;Synonymer: &lt;\/div&gt;&lt;div class=cmtt_synonyms&gt;stoneground&lt;\/div&gt;&lt;\/div&gt;&lt;div class=glossaryTooltipMoreLinkWrapper&gt;&lt;a class=glossaryTooltipMoreLink href=https:\/\/www.boardlife.se\/fr\/glossaire\/sol-en-pierre\/ &gt;L&auml;s mer&lt;\/a&gt;&lt;\/div&gt;\" href=\"https:\/\/www.boardlife.se\/fr\/glossaire\/sol-en-pierre\/\" data-mobile-support=\"0\" data-gt-translate-attributes='[{\"attribute\":\"data-cmtooltip\", \"format\":\"html\"}]'>sol en pierre<\/a> surface.<\/p>\n<p>&nbsp;<\/p>\n<p>&nbsp;<\/p>\n<p>&nbsp;<\/p>\n<p>&nbsp;<\/p>","protected":false},"excerpt":{"rendered":"<p><strong>REMARQUE 61 mm !<\/strong><br \/>\nRemember propose une roue de cruiser id\u00e9ale, de taille id\u00e9ale, tout en conservant sa c\u00e9l\u00e8bre formule de glisse. Parfaite pour ceux qui privil\u00e9gient le cruiser, mais qui souhaitent ensuite passer \u00e0 la glisse. Son prix est \u00e9galement tr\u00e8s attractif\u00a0! Une roue vraiment abordable qui convient aussi bien aux d\u00e9butants qu&#039;aux freeriders exp\u00e9riment\u00e9s.<\/p>","protected":false},"featured_media":234201,"comment_status":"open","ping_status":"closed","template":"","meta":[],"product_brand":[2600],"product_cat":[38],"product_tag":[884],"class_list":{"0":"post-52569","1":"product","2":"type-product","3":"status-publish","4":"has-post-thumbnail","6":"product_brand-remember-collective","7":"product_cat-wheels-longboard","8":"product_tag-remember-collective","9":"pa_diameter-61mm","10":"pa_durometer-78a","11":"pa_hub-placering-centerset","12":"pa_kontaktyta-50mm","13":"pa_manufacturer-remember-collective","14":"pa_wheel-shape-rounded","15":"pa_wheel-shape-sharp","17":"first","18":"instock","19":"taxable","20":"shipping-taxable","21":"purchasable","22":"product-type-simple"},"composite_virtual":false,"composite_layout":"","composite_add_to_cart_form_location":"","composite_editable_in_cart":false,"composite_sold_individually_context":"","composite_shop_price_calc":"","composite_components":[],"composite_scenarios":[],"jetpack_sharing_enabled":true,"_links":{"self":[{"href":"https:\/\/www.boardlife.se\/fr\/wp-json\/wp\/v2\/product\/52569","targetHints":{"allow":["GET"]}}],"collection":[{"href":"https:\/\/www.boardlife.se\/fr\/wp-json\/wp\/v2\/product"}],"about":[{"href":"https:\/\/www.boardlife.se\/fr\/wp-json\/wp\/v2\/types\/product"}],"replies":[{"embeddable":true,"href":"https:\/\/www.boardlife.se\/fr\/wp-json\/wp\/v2\/comments?post=52569"}],"wp:featuredmedia":[{"embeddable":true,"href":"https:\/\/www.boardlife.se\/fr\/wp-json\/wp\/v2\/media\/234201"}],"wp:attachment":[{"href":"https:\/\/www.boardlife.se\/fr\/wp-json\/wp\/v2\/media?parent=52569"}],"wp:term":[{"taxonomy":"product_brand","embeddable":true,"href":"https:\/\/www.boardlife.se\/fr\/wp-json\/wp\/v2\/product_brand?post=52569"},{"taxonomy":"product_cat","embeddable":true,"href":"https:\/\/www.boardlife.se\/fr\/wp-json\/wp\/v2\/product_cat?post=52569"},{"taxonomy":"product_tag","embeddable":true,"href":"https:\/\/www.boardlife.se\/fr\/wp-json\/wp\/v2\/product_tag?post=52569"}],"curies":[{"name":"wp","href":"https:\/\/api.w.org\/{rel}","templated":true}]}}