{"id":52468,"date":"2018-08-10T12:08:11","date_gmt":"2018-08-10T10:08:11","guid":{"rendered":"https:\/\/www.boardlife.se\/?post_type=product&#038;p=52468"},"modified":"2018-08-10T12:12:50","modified_gmt":"2018-08-10T10:12:50","slug":"jeu-de-vis-a-bois-de-coeur-1-5-montage-superieur","status":"publish","type":"product","link":"https:\/\/www.boardlife.se\/fr\/boutique\/skateboard\/composants-de-skateboard\/camions-skateboard\/jeu-de-vis-a-bois-de-coeur-1-5-montage-superieur\/","title":{"rendered":"Jeu de vis \u00e0 bois de c\u0153ur 1,5 po \u00e0 montage par le haut"},"content":{"rendered":"<p>Un ensemble de vis et d&#039;\u00e9crous Heartwood. Vis de qualit\u00e9 sup\u00e9rieure de 38 mm (1,5 pouce). Gr\u00e2ce \u00e0 leur t\u00eate plate, ces vis s&#039;adaptent parfaitement aux planches \u00e0 montage par le haut et aux skateboards traditionnels. Ainsi, les t\u00eates de vis sont invisibles et ne d\u00e9passent pas. Le diam\u00e8tre de 38 mm (1,5 pouce) convient aux planches l\u00e9g\u00e8rement plus \u00e9paisses ou lorsque vous utilisez des rehausseurs\/amortisseurs plus hauts, d&#039;environ 6 \u00e0 12 mm (1\/4 \u00e0 1\/2 pouce) entre le truck et la planche.<\/p>","protected":false},"excerpt":{"rendered":"<p>Svart premiumskruv f\u00f6r montering av truckar p\u00e5 br\u00e4da med topmount. Ett set inneh\u00e5llande 8 skruv och lika m\u00e5nga muttrar. Perfekt storlek f\u00f6r dig som monterat truckarna direkt under din skateboard\/longboard och som samtidigt vill ha plats f\u00f6r distanser\/risers.<\/p>\n<p>*Notez que l&#039;image montre une version plus courte du m\u00eame \u00e9l\u00e9ment.<\/p>","protected":false},"featured_media":48509,"comment_status":"open","ping_status":"closed","template":"","meta":[],"product_brand":[2570],"product_cat":[836,1306],"product_tag":[881],"class_list":{"0":"post-52468","1":"product","2":"type-product","3":"status-publish","4":"has-post-thumbnail","6":"product_brand-heartwood","7":"product_cat-bolts-nuts","8":"product_cat-trucks-skateboard","9":"product_tag-boardlife","10":"pa_manufacturer-heartwood","12":"first","13":"instock","14":"taxable","15":"shipping-taxable","16":"purchasable","17":"product-type-simple"},"composite_virtual":false,"composite_layout":"","composite_add_to_cart_form_location":"","composite_editable_in_cart":false,"composite_sold_individually_context":"","composite_shop_price_calc":"","composite_components":[],"composite_scenarios":[],"jetpack_sharing_enabled":true,"_links":{"self":[{"href":"https:\/\/www.boardlife.se\/fr\/wp-json\/wp\/v2\/product\/52468","targetHints":{"allow":["GET"]}}],"collection":[{"href":"https:\/\/www.boardlife.se\/fr\/wp-json\/wp\/v2\/product"}],"about":[{"href":"https:\/\/www.boardlife.se\/fr\/wp-json\/wp\/v2\/types\/product"}],"replies":[{"embeddable":true,"href":"https:\/\/www.boardlife.se\/fr\/wp-json\/wp\/v2\/comments?post=52468"}],"wp:featuredmedia":[{"embeddable":true,"href":"https:\/\/www.boardlife.se\/fr\/wp-json\/wp\/v2\/media\/48509"}],"wp:attachment":[{"href":"https:\/\/www.boardlife.se\/fr\/wp-json\/wp\/v2\/media?parent=52468"}],"wp:term":[{"taxonomy":"product_brand","embeddable":true,"href":"https:\/\/www.boardlife.se\/fr\/wp-json\/wp\/v2\/product_brand?post=52468"},{"taxonomy":"product_cat","embeddable":true,"href":"https:\/\/www.boardlife.se\/fr\/wp-json\/wp\/v2\/product_cat?post=52468"},{"taxonomy":"product_tag","embeddable":true,"href":"https:\/\/www.boardlife.se\/fr\/wp-json\/wp\/v2\/product_tag?post=52468"}],"curies":[{"name":"wp","href":"https:\/\/api.w.org\/{rel}","templated":true}]}}