{"id":51722,"date":"2018-07-09T11:38:19","date_gmt":"2018-07-09T09:38:19","guid":{"rendered":"https:\/\/www.boardlife.se\/?post_type=product&#038;p=51722"},"modified":"2022-07-22T10:31:31","modified_gmt":"2022-07-22T08:31:31","slug":"ensemble-de-camions-carver-c7","status":"publish","type":"product","link":"https:\/\/www.boardlife.se\/fr\/boutique\/surf-skate\/camions-de-surf-et-de-skate\/ensemble-de-camions-carver-c7\/","title":{"rendered":"Ensemble de camions Carver C7"},"content":{"rendered":"<p>Depuis des ann\u00e9es, on cherche \u00e0 fusionner skateboard et surf pour une sensation de libert\u00e9 et d&#039;\u00e9quilibre optimale. Carver, la marque pionni\u00e8re, n&#039;a cess\u00e9 d&#039;am\u00e9liorer ses trucks pour atteindre la perfection. Avec les trucks C7, elle a cr\u00e9\u00e9 un mod\u00e8le offrant des sensations extr\u00eamement proches de celles du surf. C&#039;est pourquoi des surfeurs du monde entier ont choisi les C7 de Carver pour s&#039;entra\u00eener \u00e0 terre, s\u00e9duits par leur authenticit\u00e9. Un design brevet\u00e9 garantit une grande stabilit\u00e9 et une fluidit\u00e9 de virage exceptionnelle. Le virage serr\u00e9 s&#039;active d\u00e8s qu&#039;on d\u00e9place son poids sur la hanche ou qu&#039;on s&#039;incline. En ligne droite, le truck reste \u00e9tonnamment stable gr\u00e2ce \u00e0 sa conception. Les trucks C7 sont r\u00e9glables gr\u00e2ce \u00e0 un ressort qui se tend sur l&#039;un des axes, offrant ainsi une r\u00e9sistance ajustable et une efficacit\u00e9 optimale. <a class=\"glossaryLink cmtt_Komponenter cmtt_&Aring;kning\" aria-describedby=\"tt\" data-cmtooltip=\"&lt;div class=glossaryItemTitle&gt;Rebound&lt;\/div&gt;&lt;div class=glossaryItemBody&gt;Rebound &auml;r den kraft som n&aring;got ger tillbaka efter att man exempelvis pressat sina bushings, truckar, hjul eller br&auml;da i en viss riktning. En h&ouml;gre rebound betyder en starkare kraft tillbaka till sitt ursprungsl&auml;ge.&lt;\/div&gt;&lt;div class=glossaryTooltipMoreLinkWrapper&gt;&lt;a class=glossaryTooltipMoreLink href=https:\/\/www.boardlife.se\/fr\/glossaire\/rebond\/ &gt;L&auml;s mer&lt;\/a&gt;&lt;\/div&gt;\" href=\"https:\/\/www.boardlife.se\/fr\/glossaire\/rebond\/\" data-mobile-support=\"0\" data-gt-translate-attributes='[{\"attribute\":\"data-cmtooltip\", \"format\":\"html\"}]'>rebond<\/a> et reprendre de la puissance en sortie de virage. C&#039;est cet effet qui vous donne en grande partie la vitesse en surfskate.<\/p>","protected":false},"excerpt":{"rendered":"<p>Carver est la planche de surf originale. Leurs trucks C7 sont des trucks brevet\u00e9s que les surfeurs du monde entier ont choisi d&#039;utiliser pour s&#039;entra\u00eener au surf terrestre. La version C7 est unique et difficile \u00e0 surpasser. Elle offre des virages incroyablement fluides, tout aussi constants \u00e0 chaque fois, tout en \u00e9tant plus stable en ligne droite.<\/p>","protected":false},"featured_media":51724,"comment_status":"open","ping_status":"closed","template":"","meta":[],"product_brand":[2544],"product_cat":[1654,2481,23],"product_tag":[1691],"class_list":{"0":"post-51722","1":"product","2":"type-product","3":"status-publish","4":"has-post-thumbnail","6":"product_brand-carver-skateboards","7":"product_cat-surf-skate","8":"product_cat-surf-skate-trucks","9":"product_cat-trucks-longboard","10":"product_tag-surf-skate","11":"pa_manufacturer-carver-skateboards","13":"first","14":"instock","15":"taxable","16":"shipping-taxable","17":"purchasable","18":"product-type-simple"},"composite_virtual":false,"composite_layout":"","composite_add_to_cart_form_location":"","composite_editable_in_cart":false,"composite_sold_individually_context":"","composite_shop_price_calc":"","composite_components":[],"composite_scenarios":[],"jetpack_sharing_enabled":true,"_links":{"self":[{"href":"https:\/\/www.boardlife.se\/fr\/wp-json\/wp\/v2\/product\/51722","targetHints":{"allow":["GET"]}}],"collection":[{"href":"https:\/\/www.boardlife.se\/fr\/wp-json\/wp\/v2\/product"}],"about":[{"href":"https:\/\/www.boardlife.se\/fr\/wp-json\/wp\/v2\/types\/product"}],"replies":[{"embeddable":true,"href":"https:\/\/www.boardlife.se\/fr\/wp-json\/wp\/v2\/comments?post=51722"}],"wp:featuredmedia":[{"embeddable":true,"href":"https:\/\/www.boardlife.se\/fr\/wp-json\/wp\/v2\/media\/51724"}],"wp:attachment":[{"href":"https:\/\/www.boardlife.se\/fr\/wp-json\/wp\/v2\/media?parent=51722"}],"wp:term":[{"taxonomy":"product_brand","embeddable":true,"href":"https:\/\/www.boardlife.se\/fr\/wp-json\/wp\/v2\/product_brand?post=51722"},{"taxonomy":"product_cat","embeddable":true,"href":"https:\/\/www.boardlife.se\/fr\/wp-json\/wp\/v2\/product_cat?post=51722"},{"taxonomy":"product_tag","embeddable":true,"href":"https:\/\/www.boardlife.se\/fr\/wp-json\/wp\/v2\/product_tag?post=51722"}],"curies":[{"name":"wp","href":"https:\/\/api.w.org\/{rel}","templated":true}]}}