{"id":50881,"date":"2018-06-01T10:27:07","date_gmt":"2018-06-01T08:27:07","guid":{"rendered":"https:\/\/www.boardlife.se\/?post_type=product&#038;p=50881"},"modified":"2022-06-14T20:48:11","modified_gmt":"2022-06-14T18:48:11","slug":"orange-sanguine-liam-morgan-pro-70-mm-84a","status":"publish","type":"product","link":"https:\/\/www.boardlife.se\/fr\/boutique\/longboard\/composants-de-longboard\/roues-de-longboard\/orange-sanguine-liam-morgan-pro-70-mm-84a\/","title":{"rendered":"Orange sanguine Liam Morgan Pro 70 mm 84a"},"content":{"rendered":"<div>\n<p>Les Blood Orange Liam Morgan Pro sont une s\u00e9rie de roues au shape exceptionnel. Leurs bords biseaut\u00e9s offrent un d\u00e9marrage facile et confortable en slide, si vous recherchez ce style. Que vous recherchiez des roues freeride s\u00fbres et stables ou simplement pour d\u00e9valer vos pistes pr\u00e9f\u00e9r\u00e9es, les Blood Orange Liam Morgan Pro Series sont faites pour vous. Disponibles en 65 et 70 mm, leur noyau est con\u00e7u pour garantir la stabilit\u00e9 en slide. L\u00e9g\u00e8rement plus dure (84a), la roue offre un meilleur roulement en cruiser et facilite le lancement de la planche en slide. Comme toujours, Blood Orange est synonyme de qualit\u00e9 exceptionnelle.<\/p>\n<\/div>","protected":false},"excerpt":{"rendered":"<p>Liam Morgans Pro hjul fr\u00e5n Blood Orange i 70mm och 84a. Lite h\u00e5rdare, f\u00f6r b\u00e4ttre rull och l\u00e4ttare slide. Utformade f\u00f6r att ge trygg och stabil slide f\u00f6r en flexibel typ av \u00e5kning. En slide d\u00e4r du har full kontroll och inte ska r\u00e5ka ut f\u00f6r att det &#8220;isar ut&#8221; f\u00f6r dig. Eftersom Morgan \u00e4r en kr\u00e4sen \u00e5kare lever hjulen verkligen upp till sina f\u00f6rv\u00e4ntningar.<\/p>","protected":false},"featured_media":50882,"comment_status":"open","ping_status":"closed","template":"","meta":[],"product_brand":[2536],"product_cat":[38],"product_tag":[1388,2411,1759],"class_list":{"0":"post-50881","1":"product","2":"type-product","3":"status-publish","4":"has-post-thumbnail","6":"product_brand-blood-orange","7":"product_cat-wheels-longboard","8":"product_tag-blood-orange","9":"product_tag-freeride-sliding","10":"product_tag-sliding","11":"pa_diameter-70mm","12":"pa_durometer-84a","13":"pa_hub-placering-offset","14":"pa_kontaktyta-32mm","15":"pa_manufacturer-blood-orange","17":"first","18":"instock","19":"taxable","20":"shipping-taxable","21":"purchasable","22":"product-type-simple"},"composite_virtual":false,"composite_layout":"","composite_add_to_cart_form_location":"","composite_editable_in_cart":false,"composite_sold_individually_context":"","composite_shop_price_calc":"","composite_components":[],"composite_scenarios":[],"jetpack_sharing_enabled":true,"_links":{"self":[{"href":"https:\/\/www.boardlife.se\/fr\/wp-json\/wp\/v2\/product\/50881","targetHints":{"allow":["GET"]}}],"collection":[{"href":"https:\/\/www.boardlife.se\/fr\/wp-json\/wp\/v2\/product"}],"about":[{"href":"https:\/\/www.boardlife.se\/fr\/wp-json\/wp\/v2\/types\/product"}],"replies":[{"embeddable":true,"href":"https:\/\/www.boardlife.se\/fr\/wp-json\/wp\/v2\/comments?post=50881"}],"wp:featuredmedia":[{"embeddable":true,"href":"https:\/\/www.boardlife.se\/fr\/wp-json\/wp\/v2\/media\/50882"}],"wp:attachment":[{"href":"https:\/\/www.boardlife.se\/fr\/wp-json\/wp\/v2\/media?parent=50881"}],"wp:term":[{"taxonomy":"product_brand","embeddable":true,"href":"https:\/\/www.boardlife.se\/fr\/wp-json\/wp\/v2\/product_brand?post=50881"},{"taxonomy":"product_cat","embeddable":true,"href":"https:\/\/www.boardlife.se\/fr\/wp-json\/wp\/v2\/product_cat?post=50881"},{"taxonomy":"product_tag","embeddable":true,"href":"https:\/\/www.boardlife.se\/fr\/wp-json\/wp\/v2\/product_tag?post=50881"}],"curies":[{"name":"wp","href":"https:\/\/api.w.org\/{rel}","templated":true}]}}