{"id":50666,"date":"2018-05-23T10:19:03","date_gmt":"2018-05-23T08:19:03","guid":{"rendered":"https:\/\/www.boardlife.se\/?post_type=product&#038;p=50666"},"modified":"2025-06-25T19:37:39","modified_gmt":"2025-06-25T17:37:39","slug":"capitaine-de-la-serie-prism-mulga","status":"publish","type":"product","link":"https:\/\/www.boardlife.se\/fr\/boutique\/longboard\/longboards-complets\/capitaine-de-la-serie-prism-mulga\/","title":{"rendered":"Capitaine de la s\u00e9rie Prism Mulga"},"content":{"rendered":"<div class=\"woocommerce-product-details__short-description\">\n<p class=\"prod_desc\">Une petite planche pleine de caract\u00e8re. Son tail en queue de poisson classique offre une sensation de glisse agr\u00e9able. Id\u00e9ale pour se positionner confortablement sur la planche et bien caler son pied arri\u00e8re contre le tail. Con\u00e7ue pour les figures engag\u00e9es au snowpark ou simplement pour vous accompagner partout. Le rev\u00eatement en bambou fin lui conf\u00e8re une allure particuli\u00e8rement \u00e9l\u00e9gante.<\/p>\n<p class=\"prod_comp\">Livr\u00e9 avec :<br>\nTrucks standard de calibre 8,5 pouces<br>\nRoues prismatiques 62 mm 78a<br>\nRoulements \u00e0 l&#039;orange sanguine<\/p>\n<p class=\"prod_desc dim\">\u0152uvre de M. Mulga<\/p>\n<\/div>","protected":false},"excerpt":{"rendered":"<p>Une planche vraiment \u00e9l\u00e9gante, aussi bien comme skateboard classique au park que comme moyen de transport id\u00e9al. Un fishtail audacieux et confortable pour r\u00e9aliser des figures ou simplement pour un bon maintien du pied.<\/p>","protected":false},"featured_media":50667,"comment_status":"open","ping_status":"closed","template":"","meta":[],"product_brand":[2597],"product_cat":[21,1309],"product_tag":[1650],"class_list":{"0":"post-50666","1":"product","2":"type-product","3":"status-publish","4":"has-post-thumbnail","6":"product_brand-prism-skate-co","7":"product_cat-complete-longboards","8":"product_cat-cruiser","9":"product_tag-prism","10":"pa_hjulbas-16-406-cm","11":"pa_length-31-787cm","12":"pa_manufacturer-prism-skate-co","13":"pa_width-875-2222cm","15":"first","16":"outofstock","17":"taxable","18":"shipping-taxable","19":"purchasable","20":"product-type-simple"},"composite_virtual":false,"composite_layout":"","composite_add_to_cart_form_location":"","composite_editable_in_cart":false,"composite_sold_individually_context":"","composite_shop_price_calc":"","composite_components":[],"composite_scenarios":[],"jetpack_sharing_enabled":true,"_links":{"self":[{"href":"https:\/\/www.boardlife.se\/fr\/wp-json\/wp\/v2\/product\/50666","targetHints":{"allow":["GET"]}}],"collection":[{"href":"https:\/\/www.boardlife.se\/fr\/wp-json\/wp\/v2\/product"}],"about":[{"href":"https:\/\/www.boardlife.se\/fr\/wp-json\/wp\/v2\/types\/product"}],"replies":[{"embeddable":true,"href":"https:\/\/www.boardlife.se\/fr\/wp-json\/wp\/v2\/comments?post=50666"}],"wp:featuredmedia":[{"embeddable":true,"href":"https:\/\/www.boardlife.se\/fr\/wp-json\/wp\/v2\/media\/50667"}],"wp:attachment":[{"href":"https:\/\/www.boardlife.se\/fr\/wp-json\/wp\/v2\/media?parent=50666"}],"wp:term":[{"taxonomy":"product_brand","embeddable":true,"href":"https:\/\/www.boardlife.se\/fr\/wp-json\/wp\/v2\/product_brand?post=50666"},{"taxonomy":"product_cat","embeddable":true,"href":"https:\/\/www.boardlife.se\/fr\/wp-json\/wp\/v2\/product_cat?post=50666"},{"taxonomy":"product_tag","embeddable":true,"href":"https:\/\/www.boardlife.se\/fr\/wp-json\/wp\/v2\/product_tag?post=50666"}],"curies":[{"name":"wp","href":"https:\/\/api.w.org\/{rel}","templated":true}]}}