{"id":50522,"date":"2018-05-17T00:05:58","date_gmt":"2018-05-16T22:05:58","guid":{"rendered":"https:\/\/www.boardlife.se\/?post_type=product&#038;p=50522"},"modified":"2024-11-07T18:27:27","modified_gmt":"2024-11-07T17:27:27","slug":"camion-de-rue-de-luxe-brut","status":"publish","type":"product","link":"https:\/\/www.boardlife.se\/fr\/boutique\/skateboard\/composants-de-skateboard\/camions-skateboard\/camion-de-rue-de-luxe-brut\/","title":{"rendered":"Luxe Street Truck Brut"},"content":{"rendered":"<p>De bons trucks Luxe pour le skate polyvalent. Un truck au profil moyen permet de r\u00e9aliser de beaux virages sans avoir un truck trop haut. Luxe propose un truck d&#039;un excellent rapport qualit\u00e9-prix. Pour ceux qui pr\u00e9voient de faire du grind, l&#039;\u00e9crou du kingpin est relativement bien prot\u00e9g\u00e9 derri\u00e8re le hanger, ce qui \u00e9vite de le heurter d\u00e8s la premi\u00e8re tentative. Avoir de bons trucks sur sa planche est essentiel pour une bonne sensation g\u00e9n\u00e9rale. Avec Luxe Street, vous b\u00e9n\u00e9ficiez de tout cela, tout en conservant de l&#039;argent pour acheter d&#039;autres composants. Apr\u00e8s nos premiers tests, nous ne pouvons que vous dire que c&#039;est un bon conseil.<\/p>\n<p>Les trucks sont disponibles en 129 mm, 139 mm et 149 mm.<\/p>\n<p>129 mm pour planches de 7,4\u2033 \u00e0 7,75\u2033<br>\n139 mm pour planches de 7,75\u2033 \u00e0 8,125\u2033<br>\n149 mm pour planches de 8,125\u2033 \u00e0 8,75\u2033<\/p>","protected":false},"excerpt":{"rendered":"<p>F\u00f6r dig som \u00e4r p\u00e5 jakt efter trevliga allroundtruckar utan att det f\u00e5r kosta men som \u00e4nd\u00e5 vill ha riktigt sk\u00f6n k\u00e4nsla&#8230;. leta inte l\u00e4ngre, h\u00e4r \u00e4r de.<\/p>","protected":false},"featured_media":50525,"comment_status":"open","ping_status":"closed","template":"","meta":[],"product_brand":[2582],"product_cat":[1306],"product_tag":[],"class_list":{"0":"post-50522","1":"product","2":"type-product","3":"status-publish","4":"has-post-thumbnail","6":"product_brand-luxe","7":"product_cat-trucks-skateboard","8":"pa_manufacturer-luxe","9":"pa_truck-bredd-129mm","10":"pa_truck-bredd-139mm","11":"pa_truck-bredd-149mm-8-125-8-75","13":"first","14":"instock","15":"sale","16":"taxable","17":"shipping-taxable","18":"purchasable","19":"product-type-variable","20":"has-default-attributes"},"composite_virtual":false,"composite_layout":"","composite_add_to_cart_form_location":"","composite_editable_in_cart":false,"composite_sold_individually_context":"","composite_shop_price_calc":"","composite_components":[],"composite_scenarios":[],"jetpack_sharing_enabled":true,"_links":{"self":[{"href":"https:\/\/www.boardlife.se\/fr\/wp-json\/wp\/v2\/product\/50522","targetHints":{"allow":["GET"]}}],"collection":[{"href":"https:\/\/www.boardlife.se\/fr\/wp-json\/wp\/v2\/product"}],"about":[{"href":"https:\/\/www.boardlife.se\/fr\/wp-json\/wp\/v2\/types\/product"}],"replies":[{"embeddable":true,"href":"https:\/\/www.boardlife.se\/fr\/wp-json\/wp\/v2\/comments?post=50522"}],"wp:featuredmedia":[{"embeddable":true,"href":"https:\/\/www.boardlife.se\/fr\/wp-json\/wp\/v2\/media\/50525"}],"wp:attachment":[{"href":"https:\/\/www.boardlife.se\/fr\/wp-json\/wp\/v2\/media?parent=50522"}],"wp:term":[{"taxonomy":"product_brand","embeddable":true,"href":"https:\/\/www.boardlife.se\/fr\/wp-json\/wp\/v2\/product_brand?post=50522"},{"taxonomy":"product_cat","embeddable":true,"href":"https:\/\/www.boardlife.se\/fr\/wp-json\/wp\/v2\/product_cat?post=50522"},{"taxonomy":"product_tag","embeddable":true,"href":"https:\/\/www.boardlife.se\/fr\/wp-json\/wp\/v2\/product_tag?post=50522"}],"curies":[{"name":"wp","href":"https:\/\/api.w.org\/{rel}","templated":true}]}}