{"id":50245,"date":"2018-05-04T10:48:46","date_gmt":"2018-05-04T08:48:46","guid":{"rendered":"https:\/\/www.boardlife.se\/?post_type=product&#038;p=50245"},"modified":"2025-09-03T18:21:44","modified_gmt":"2025-09-03T16:21:44","slug":"vital-skate-y-tool-pro-multifonction","status":"publish","type":"product","link":"https:\/\/www.boardlife.se\/fr\/boutique\/materiel\/outils\/vital-skate-y-tool-pro-multifonction\/","title":{"rendered":"Vital Skate Y-Tool Pro Multifonction"},"content":{"rendered":"<p>Avoir un outil pour sa planche est vraiment recommand\u00e9. Les outils de skate disponibles sur le march\u00e9 durent g\u00e9n\u00e9ralement longtemps et permettent d&#039;\u00e9viter d&#039;emporter une multitude d&#039;outils diff\u00e9rents pour les diff\u00e9rentes parties de la planche. Vital, sp\u00e9cialis\u00e9 dans la fabrication de quincaillerie, propose un autre outil l\u00e9g\u00e8rement plus pointu. Pour ceux qui vissent et bricolent souvent, cet outil est non seulement incroyablement \u00e9l\u00e9gant, mais aussi un peu plus professionnel qu&#039;un outil de skate classique et plus simple. Tout est en m\u00e9tal pour une plus grande durabilit\u00e9 et des manchons s\u00e9par\u00e9s pour tous les \u00e9crous de votre planche sont inclus. C&#039;est tr\u00e8s pratique si, par exemple, vous bricolez \u00e0 la maison et que vous avez aussi un tournevis \u00e0 port\u00e9e de main. Il est alors facile de l&#039;associer \u00e0 votre kit Y-Tool Pro.<\/p>\n<p>Ils ont pens\u00e9 \u00e0 tout : le manchon pour les \u00e9crous de camion est extra long et \u00e9troit. Le probl\u00e8me avec de nombreux manchons standards plus larges est que ces \u00e9crous peuvent parfois \u00eatre difficiles d&#039;acc\u00e8s sans d\u00e9visser le support. Autrement dit, ce sera beaucoup plus simple maintenant. Vous disposez \u00e9galement d&#039;un manchon pour retirer et r\u00e9ins\u00e9rer rapidement et facilement vos roulements \u00e0 billes. Vous pouvez toujours utiliser l&#039;essieu du camion pour cela, mais l&#039;outil r\u00e9sout le probl\u00e8me plus rapidement et plus facilement.<\/p>\n<p>Pour ceux qui rencontrent \u00e9galement des probl\u00e8mes de filetage sur l&#039;axe du truck, vous pouvez m\u00eame le refaire avec cet outil. En bref, c&#039;est un outil qui surpasse tous les autres outils de skate.<\/p>\n<p>Ici vous pouvez voir une sp\u00e9cification plus claire du contenu du kit\u00a0:<\/p>\n<p>\u2013 Camions 9\/16\u2033<br>\n\u2013 Roues 1\/2\u2033<br>\n\u2013 Quincaillerie 3\/8\u2033<br>\n\u2013 Fileteuse d&#039;essieu<br>\n\u2013 T\u00eate Phillips et Allen<br>\n\u2013 Outil Allen<br>\n\u2013 Extracteur de roulement<br>\n\u2013 Pi\u00e8ces interchangeables<br>\n\u2013 \u00c9tui \u00e0 fermeture \u00e9clair<\/p>","protected":false},"excerpt":{"rendered":"<p>Un v\u00e9ritable kit pro pour ceux qui recherchent un outil \u00e9l\u00e9gant et puissant, dot\u00e9 de fonctionnalit\u00e9s encore plus nombreuses qu&#039;un outil de skate traditionnel. Enti\u00e8rement en m\u00e9tal anodis\u00e9 pour une durabilit\u00e9 accrue. Des manchons amovibles facilitent l&#039;utilisation sur d&#039;autres outils, tarauds, outils \u00e0 roulements \u00e0 billes\u2026 Bref, un outil incroyablement \u00e9l\u00e9gant et performant que vous garderez toute votre vie sur la planche\u00a0!<\/p>","protected":false},"featured_media":50250,"comment_status":"open","ping_status":"closed","template":"","meta":[],"product_brand":[2627],"product_cat":[1310,174],"product_tag":[],"class_list":{"0":"post-50245","1":"product","2":"type-product","3":"status-publish","4":"has-post-thumbnail","6":"product_brand-vital","7":"product_cat-service","8":"product_cat-tools","9":"pa_color-svart","10":"pa_color-rod","11":"pa_manufacturer-vital","13":"first","14":"outofstock","15":"taxable","16":"shipping-taxable","17":"purchasable","18":"product-type-variable","19":"has-default-attributes"},"composite_virtual":false,"composite_layout":"","composite_add_to_cart_form_location":"","composite_editable_in_cart":false,"composite_sold_individually_context":"","composite_shop_price_calc":"","composite_components":[],"composite_scenarios":[],"jetpack_sharing_enabled":true,"_links":{"self":[{"href":"https:\/\/www.boardlife.se\/fr\/wp-json\/wp\/v2\/product\/50245","targetHints":{"allow":["GET"]}}],"collection":[{"href":"https:\/\/www.boardlife.se\/fr\/wp-json\/wp\/v2\/product"}],"about":[{"href":"https:\/\/www.boardlife.se\/fr\/wp-json\/wp\/v2\/types\/product"}],"replies":[{"embeddable":true,"href":"https:\/\/www.boardlife.se\/fr\/wp-json\/wp\/v2\/comments?post=50245"}],"wp:featuredmedia":[{"embeddable":true,"href":"https:\/\/www.boardlife.se\/fr\/wp-json\/wp\/v2\/media\/50250"}],"wp:attachment":[{"href":"https:\/\/www.boardlife.se\/fr\/wp-json\/wp\/v2\/media?parent=50245"}],"wp:term":[{"taxonomy":"product_brand","embeddable":true,"href":"https:\/\/www.boardlife.se\/fr\/wp-json\/wp\/v2\/product_brand?post=50245"},{"taxonomy":"product_cat","embeddable":true,"href":"https:\/\/www.boardlife.se\/fr\/wp-json\/wp\/v2\/product_cat?post=50245"},{"taxonomy":"product_tag","embeddable":true,"href":"https:\/\/www.boardlife.se\/fr\/wp-json\/wp\/v2\/product_tag?post=50245"}],"curies":[{"name":"wp","href":"https:\/\/api.w.org\/{rel}","templated":true}]}}