{"id":50118,"date":"2018-04-26T21:55:48","date_gmt":"2018-04-26T19:55:48","guid":{"rendered":"https:\/\/www.boardlife.se\/?post_type=product&#038;p=50118"},"modified":"2025-04-03T11:57:01","modified_gmt":"2025-04-03T09:57:01","slug":"douille-de-canon-a-double-insertion-orange-sanguine","status":"publish","type":"product","link":"https:\/\/www.boardlife.se\/fr\/boutique\/longboard\/composants-de-longboard\/bagues-de-longboard\/douille-de-canon-a-double-insertion-orange-sanguine\/","title":{"rendered":"Bague de canon \u00e0 double insertion orange sanguine"},"content":{"rendered":"<p>Att Blood Orange g&ouml;r fenomenalt sk&ouml;na <a class=\"glossaryLink cmtt_Komponenter\" aria-describedby=\"tt\" data-cmtooltip=\"&lt;div class=glossaryItemTitle&gt;Bushings&lt;\/div&gt;&lt;div class=glossaryItemBody&gt;Bushings finns i dina truckar och &auml;r den &amp;quot;mjuka&amp;quot; del som reglerar hur mycket dina truckar ska sv&auml;nga n&auml;r du lutar dig p&aring; br&auml;dan.&lt;\/div&gt;&lt;div class=cmtt_synonyms_wrapper&gt;&lt;div class=cmtt_synonyms_title&gt;Synonymer: &lt;\/div&gt;&lt;div class=cmtt_synonyms&gt;bussningar&lt;\/div&gt;&lt;\/div&gt;&lt;div class=glossaryTooltipMoreLinkWrapper&gt;&lt;a class=glossaryTooltipMoreLink href=https:\/\/www.boardlife.se\/fr\/glossaire\/bagues\/ &gt;L&auml;s mer&lt;\/a&gt;&lt;\/div&gt;\" href=\"https:\/\/www.boardlife.se\/fr\/glossaire\/bagues\/\" data-mobile-support=\"0\" data-gt-translate-attributes='[{\"attribute\":\"data-cmtooltip\", \"format\":\"html\"}]'>bagues<\/a> &auml;r ingen hemlighet. De &auml;r standardbushing i alla Calibertruckar och en av de stora anledningarna till att truckarna &auml;r s&aring; trevliga att &aring;ka p&aring;.<\/p>\n<p>Lors du d\u00e9veloppement de sa version II, Caliber a opt\u00e9 pour un orifice l\u00e9g\u00e8rement plus grand pour la vis de l&#039;axe central. L&#039;objectif \u00e9tait de permettre au bushing de s&#039;y ins\u00e9rer correctement, offrant ainsi un truck beaucoup plus stable et pr\u00e9cis. Un truck qui r\u00e9agit de mani\u00e8re constante et dont la fiabilit\u00e9 s&#039;am\u00e9liore avec le temps. Une solution simple, mais incroyablement efficace.<\/p>\n<p>Ces bagues sont con\u00e7ues pour ce type de trucks. Autrement dit, elles sont compatibles avec tous les Caliber II. Le fraisage est disponible \u00e0 44\u00b0 et 50\u00b0, quel que soit l&#039;angle de vos trucks Caliber II.<\/p>\n<p>Veuillez noter qu&#039;il ne peut y avoir qu&#039;une seule bague d&#039;insertion par camion. Si vous souhaitez deux bagues de canon droit dans votre camion, vous pouvez utiliser une bague d&#039;insertion et une bague de canon standard par camion. Ces bagues sont compatibles uniquement avec le calibre II.<\/p>\n<p>F&ouml;rpackningen inneh&aring;ller 2st Insert Bushings med Lubricated Ultra High <a class=\"glossaryLink cmtt_Komponenter cmtt_&Aring;kning\" aria-describedby=\"tt\" data-cmtooltip=\"&lt;div class=glossaryItemTitle&gt;Rebound&lt;\/div&gt;&lt;div class=glossaryItemBody&gt;Rebound &auml;r den kraft som n&aring;got ger tillbaka efter att man exempelvis pressat sina bushings, truckar, hjul eller br&auml;da i en viss riktning. En h&ouml;gre rebound betyder en starkare kraft tillbaka till sitt ursprungsl&auml;ge.&lt;\/div&gt;&lt;div class=glossaryTooltipMoreLinkWrapper&gt;&lt;a class=glossaryTooltipMoreLink href=https:\/\/www.boardlife.se\/fr\/glossaire\/rebond\/ &gt;L&auml;s mer&lt;\/a&gt;&lt;\/div&gt;\" href=\"https:\/\/www.boardlife.se\/fr\/glossaire\/rebond\/\" data-mobile-support=\"0\" data-gt-translate-attributes='[{\"attribute\":\"data-cmtooltip\", \"format\":\"html\"}]'>Rebond<\/a><\/p>\n<p>Bleu : 83a, Violet : 86a, Rouge : 89a et Jaune : 92a<\/p>","protected":false},"excerpt":{"rendered":"<p>Double Insert Bushings f\u00f6r Caliber II-truckar. En bushing som ger extra h\u00f6g precision, p\u00e5litlighet och stabilitet i dina Calibertruckar. Funkar p\u00e5 b\u00e5de 44\u00b0 och 50\u00b0. Lubricated Ultra High Rebound ger dig en bushing som \u00e4r extra vass. L\u00e4s g\u00e4rna under &#8220;mer info&#8221; om du vill veta mer om hur de fungerar.<\/p>","protected":false},"featured_media":50126,"comment_status":"open","ping_status":"closed","template":"","meta":[],"product_brand":[2536],"product_cat":[85],"product_tag":[895],"class_list":{"0":"post-50118","1":"product","2":"type-product","3":"status-publish","4":"has-post-thumbnail","6":"product_brand-blood-orange","7":"product_cat-bushings-longboard","8":"product_tag-caliber-truck-co","9":"pa_manufacturer-blood-orange","10":"pa_manufacturer-caliber-truck-co","12":"first","13":"instock","14":"taxable","15":"shipping-taxable","16":"purchasable","17":"product-type-variable"},"composite_virtual":false,"composite_layout":"","composite_add_to_cart_form_location":"","composite_editable_in_cart":false,"composite_sold_individually_context":"","composite_shop_price_calc":"","composite_components":[],"composite_scenarios":[],"jetpack_sharing_enabled":true,"_links":{"self":[{"href":"https:\/\/www.boardlife.se\/fr\/wp-json\/wp\/v2\/product\/50118","targetHints":{"allow":["GET"]}}],"collection":[{"href":"https:\/\/www.boardlife.se\/fr\/wp-json\/wp\/v2\/product"}],"about":[{"href":"https:\/\/www.boardlife.se\/fr\/wp-json\/wp\/v2\/types\/product"}],"replies":[{"embeddable":true,"href":"https:\/\/www.boardlife.se\/fr\/wp-json\/wp\/v2\/comments?post=50118"}],"wp:featuredmedia":[{"embeddable":true,"href":"https:\/\/www.boardlife.se\/fr\/wp-json\/wp\/v2\/media\/50126"}],"wp:attachment":[{"href":"https:\/\/www.boardlife.se\/fr\/wp-json\/wp\/v2\/media?parent=50118"}],"wp:term":[{"taxonomy":"product_brand","embeddable":true,"href":"https:\/\/www.boardlife.se\/fr\/wp-json\/wp\/v2\/product_brand?post=50118"},{"taxonomy":"product_cat","embeddable":true,"href":"https:\/\/www.boardlife.se\/fr\/wp-json\/wp\/v2\/product_cat?post=50118"},{"taxonomy":"product_tag","embeddable":true,"href":"https:\/\/www.boardlife.se\/fr\/wp-json\/wp\/v2\/product_tag?post=50118"}],"curies":[{"name":"wp","href":"https:\/\/api.w.org\/{rel}","templated":true}]}}