{"id":49998,"date":"2018-04-19T21:38:50","date_gmt":"2018-04-19T19:38:50","guid":{"rendered":"https:\/\/www.boardlife.se\/?post_type=product&#038;p=49998"},"modified":"2022-11-09T14:52:57","modified_gmt":"2022-11-09T13:52:57","slug":"orange-sanguine-liam-morgan-pro-lavande-65-mm-82a","status":"publish","type":"product","link":"https:\/\/www.boardlife.se\/fr\/boutique\/longboard\/composants-de-longboard\/roues-de-longboard\/orange-sanguine-liam-morgan-pro-lavande-65-mm-82a\/","title":{"rendered":"Orange sanguine Liam Morgan Pro Lavande 65 mm 82a"},"content":{"rendered":"<div>\n<p>Les roues Blood Orange Liam Morgan Pro Pastel sont une s\u00e9rie limit\u00e9e au look incroyablement doux. Que vous recherchiez des roues freeride s\u00fbres et stables ou simplement pour d\u00e9valer vos pistes pr\u00e9f\u00e9r\u00e9es, les roues Blood Orange Liam Morgan Pro Series sont faites pour vous. Disponibles en 65 et 70 mm, leur noyau est con\u00e7u pour garantir la stabilit\u00e9 en glisse. Les roues de la s\u00e9rie Pastel sont d&#039;un design \u00e9l\u00e9gant et d&#039;une qualit\u00e9 exceptionnelle.<\/p>\n<\/div>","protected":false},"excerpt":{"rendered":"<p>Pastel limited edition. Liam Morgans Pro hjul fr\u00e5n Blood Orange i 65mm. Utformade f\u00f6r att ge trygg och stabil slide f\u00f6r en flexibel typ av \u00e5kning. En slide d\u00e4r du har full kontroll och inte ska r\u00e5ka ut f\u00f6r att det &#8220;isar ut&#8221; f\u00f6r dig. Eftersom han \u00e4r en kr\u00e4sen \u00e5kare lever hjulen verkligen upp till sina f\u00f6rv\u00e4ntningar.<\/p>","protected":false},"featured_media":49996,"comment_status":"open","ping_status":"closed","template":"","meta":[],"product_brand":[2536],"product_cat":[38],"product_tag":[1388,2482,2411,1759],"class_list":{"0":"post-49998","1":"product","2":"type-product","3":"status-publish","4":"has-post-thumbnail","6":"product_brand-blood-orange","7":"product_cat-wheels-longboard","8":"product_tag-blood-orange","9":"product_tag-dancing-freestyle","10":"product_tag-freeride-sliding","11":"product_tag-sliding","12":"pa_diameter-65mm","13":"pa_durometer-82a","14":"pa_hub-placering-offset","15":"pa_kontaktyta-32mm","16":"pa_manufacturer-blood-orange","18":"first","19":"instock","20":"taxable","21":"shipping-taxable","22":"purchasable","23":"product-type-simple"},"composite_virtual":false,"composite_layout":"","composite_add_to_cart_form_location":"","composite_editable_in_cart":false,"composite_sold_individually_context":"","composite_shop_price_calc":"","composite_components":[],"composite_scenarios":[],"jetpack_sharing_enabled":true,"_links":{"self":[{"href":"https:\/\/www.boardlife.se\/fr\/wp-json\/wp\/v2\/product\/49998","targetHints":{"allow":["GET"]}}],"collection":[{"href":"https:\/\/www.boardlife.se\/fr\/wp-json\/wp\/v2\/product"}],"about":[{"href":"https:\/\/www.boardlife.se\/fr\/wp-json\/wp\/v2\/types\/product"}],"replies":[{"embeddable":true,"href":"https:\/\/www.boardlife.se\/fr\/wp-json\/wp\/v2\/comments?post=49998"}],"wp:featuredmedia":[{"embeddable":true,"href":"https:\/\/www.boardlife.se\/fr\/wp-json\/wp\/v2\/media\/49996"}],"wp:attachment":[{"href":"https:\/\/www.boardlife.se\/fr\/wp-json\/wp\/v2\/media?parent=49998"}],"wp:term":[{"taxonomy":"product_brand","embeddable":true,"href":"https:\/\/www.boardlife.se\/fr\/wp-json\/wp\/v2\/product_brand?post=49998"},{"taxonomy":"product_cat","embeddable":true,"href":"https:\/\/www.boardlife.se\/fr\/wp-json\/wp\/v2\/product_cat?post=49998"},{"taxonomy":"product_tag","embeddable":true,"href":"https:\/\/www.boardlife.se\/fr\/wp-json\/wp\/v2\/product_tag?post=49998"}],"curies":[{"name":"wp","href":"https:\/\/api.w.org\/{rel}","templated":true}]}}