{"id":49643,"date":"2018-03-05T20:53:10","date_gmt":"2018-03-05T19:53:10","guid":{"rendered":"https:\/\/www.boardlife.se\/?post_type=product&#038;p=49643"},"modified":"2020-11-24T14:04:48","modified_gmt":"2020-11-24T13:04:48","slug":"tasses-de-pivot-vitales","status":"publish","type":"product","link":"https:\/\/www.boardlife.se\/fr\/boutique\/skateboard\/composants-de-skateboard\/camions-skateboard\/tasses-de-pivot-vitales\/","title":{"rendered":"Coupelles pivotantes vitales"},"content":{"rendered":"<p><a class=\"glossaryLink cmtt_Komponenter\" aria-describedby=\"tt\" data-cmtooltip=\"&lt;div class=glossaryItemTitle&gt;Pivot cup&lt;\/div&gt;&lt;div class=glossaryItemBody&gt;Dina truckar best&aring;r av tv&aring; delar. Den del som &auml;r sj&auml;lva hangern har en liten pigg p&aring; sig som vilar i en kopp p&aring; basplattan. Denna kopp kallas allts&aring; pivot cup. &lt;\/div&gt;&lt;div class=cmtt_synonyms_wrapper&gt;&lt;div class=cmtt_synonyms_title&gt;Synonymer: &lt;\/div&gt;&lt;div class=cmtt_synonyms&gt;pivotkopp&lt;\/div&gt;&lt;\/div&gt;&lt;div class=glossaryTooltipMoreLinkWrapper&gt;&lt;a class=glossaryTooltipMoreLink href=https:\/\/www.boardlife.se\/fr\/glossaire\/coupelle-de-pivot\/ &gt;L&auml;s mer&lt;\/a&gt;&lt;\/div&gt;\" href=\"https:\/\/www.boardlife.se\/fr\/glossaire\/coupelle-de-pivot\/\" data-mobile-support=\"0\" data-gt-translate-attributes='[{\"attribute\":\"data-cmtooltip\", \"format\":\"html\"}]'>Pivot cups<\/a> sitter p&aring; varje truck och med tiden slits dessa ut. Du riskerar d&aring; att f&aring; en ober&auml;knelig truck som l&auml;tt skapar speed wobbles och ger en oj&auml;mn respons. Den kan rentav bli farlig att &aring;ka p&aring;. M&auml;rker du att du har ett glapp mellan din <a class=\"glossaryLink cmtt_Komponenter\" aria-describedby=\"tt\" data-cmtooltip=\"&lt;div class=glossaryItemTitle&gt;Hanger&lt;\/div&gt;&lt;div class=glossaryItemBody&gt;Truckar best&aring;r av en basplatta och en hanger. Hanger &auml;r den del som &auml;r sj&auml;lva hjulaxeln. &lt;\/div&gt;&lt;div class=glossaryTooltipMoreLinkWrapper&gt;&lt;a class=glossaryTooltipMoreLink href=https:\/\/www.boardlife.se\/fr\/glossaire\/cintre\/ &gt;L&auml;s mer&lt;\/a&gt;&lt;\/div&gt;\" href=\"https:\/\/www.boardlife.se\/fr\/glossaire\/cintre\/\" data-mobile-support=\"0\" data-gt-translate-attributes='[{\"attribute\":\"data-cmtooltip\", \"format\":\"html\"}]'>cintre<\/a> och din pivot cup &auml;r det dags att byta. Att byta koppar &auml;r enkelt och du kan skruva is&auml;r din truck och pilla loss den gamla med en kniv eller liknande om den sitter h&aring;rt i sin sk&aring;l.<\/p>\n<p>Avant de commander, assurez-vous de d\u00e9terminer la taille n\u00e9cessaire, car les dimensions peuvent l\u00e9g\u00e8rement varier d&#039;un truck \u00e0 l&#039;autre. Si la coupelle est trop haute, vous pouvez en couper l&#039;exc\u00e9dent au cutter. L&#039;important est que les autres dimensions correspondent \u00e0 celles des trucks sur lesquels elle sera mont\u00e9e. Les coupelles Vital Pivot sont disponibles en deux tailles\u00a0:<\/p>\n<p><strong>Petit<\/strong><br>\nDiam\u00e8tre ext\u00e9rieur : 1,6 cm<br>\nDiam\u00e8tre int\u00e9rieur : 1,2 cm<br>\nHauteur du bonnet : 1,3 cm<\/p>\n<p><strong>Grand<\/strong><br>\nDiam\u00e8tre ext\u00e9rieur : 1,8 cm<br>\nDiam\u00e8tre int\u00e9rieur : 1,4 cm<br>\nHauteur du bonnet : 1,5 cm<\/p>\n<p class=\"p1\">\n<\/p>","protected":false},"excerpt":{"rendered":"<p>Assurez-vous que vos coupelles de pivot sont en bon \u00e9tat afin de minimiser les risques de d\u00e9s\u00e9quilibre et de variations de vitesse. Chaque jeu comprend deux coupelles neuves, une pour chaque truck.<\/p>","protected":false},"featured_media":49646,"comment_status":"open","ping_status":"closed","template":"","meta":[],"product_brand":[2627],"product_cat":[23,85,1306,1308],"product_tag":[],"class_list":{"0":"post-49643","1":"product","2":"type-product","3":"status-publish","4":"has-post-thumbnail","6":"product_brand-vital","7":"product_cat-trucks-longboard","8":"product_cat-bushings-longboard","9":"product_cat-trucks-skateboard","10":"product_cat-bushings-skateboard","11":"pa_manufacturer-vital","12":"pa_storlekar-l","13":"pa_storlekar-s","15":"first","16":"outofstock","17":"taxable","18":"shipping-taxable","19":"purchasable","20":"product-type-variable","21":"has-default-attributes"},"composite_virtual":false,"composite_layout":"","composite_add_to_cart_form_location":"","composite_editable_in_cart":false,"composite_sold_individually_context":"","composite_shop_price_calc":"","composite_components":[],"composite_scenarios":[],"jetpack_sharing_enabled":true,"_links":{"self":[{"href":"https:\/\/www.boardlife.se\/fr\/wp-json\/wp\/v2\/product\/49643","targetHints":{"allow":["GET"]}}],"collection":[{"href":"https:\/\/www.boardlife.se\/fr\/wp-json\/wp\/v2\/product"}],"about":[{"href":"https:\/\/www.boardlife.se\/fr\/wp-json\/wp\/v2\/types\/product"}],"replies":[{"embeddable":true,"href":"https:\/\/www.boardlife.se\/fr\/wp-json\/wp\/v2\/comments?post=49643"}],"wp:featuredmedia":[{"embeddable":true,"href":"https:\/\/www.boardlife.se\/fr\/wp-json\/wp\/v2\/media\/49646"}],"wp:attachment":[{"href":"https:\/\/www.boardlife.se\/fr\/wp-json\/wp\/v2\/media?parent=49643"}],"wp:term":[{"taxonomy":"product_brand","embeddable":true,"href":"https:\/\/www.boardlife.se\/fr\/wp-json\/wp\/v2\/product_brand?post=49643"},{"taxonomy":"product_cat","embeddable":true,"href":"https:\/\/www.boardlife.se\/fr\/wp-json\/wp\/v2\/product_cat?post=49643"},{"taxonomy":"product_tag","embeddable":true,"href":"https:\/\/www.boardlife.se\/fr\/wp-json\/wp\/v2\/product_tag?post=49643"}],"curies":[{"name":"wp","href":"https:\/\/api.w.org\/{rel}","templated":true}]}}