{"id":48724,"date":"2017-10-20T14:54:17","date_gmt":"2017-10-20T12:54:17","guid":{"rendered":"https:\/\/www.boardlife.se\/?post_type=product&#038;p=48724"},"modified":"2018-05-17T21:56:08","modified_gmt":"2018-05-17T19:56:08","slug":"free-wheels-range-blue-60mm-78a","status":"publish","type":"product","link":"https:\/\/www.boardlife.se\/fr\/boutique\/skateboard\/composants-de-skateboard\/roues-de-skateboard\/free-wheels-range-blue-60mm-78a\/","title":{"rendered":"Roues libres Gamme Bleu 60mm 78a"},"content":{"rendered":"<p>Les Free Range sont con\u00e7ues pour une utilisation sur des planches kicktail, pour le street et le mixte. Leur diam\u00e8tre et leur duret\u00e9 les rendent plus confortables sur de longues distances, tout en \u00e9tant suffisamment petites pour vous permettre de man\u0153uvrer facilement dans la jungle urbaine. Leur l\u00e9g\u00e8ret\u00e9 a \u00e9t\u00e9 recherch\u00e9e pour pr\u00e9server l&#039;agilit\u00e9.<\/p>\n<p>\u00c0 notre avis, les Free Wheels sont extr\u00eamement performantes pour produire des roues de slide. Cela s&#039;inscrit dans la formule techslide. Autrement dit, un contact l\u00e9g\u00e8rement r\u00e9duit permet un blocage rapide et une meilleure adh\u00e9rence, m\u00eame sur des planches plus courtes.<\/p>\n<p>&nbsp;<\/p>","protected":false},"excerpt":{"rendered":"<p>Une roue polyvalente pour la plupart des petits cruisers et des skateboards plus grands. Adapt\u00e9e \u00e0 la glisse et au pilotage mixte en milieu urbain.<\/p>","protected":false},"featured_media":48725,"comment_status":"open","ping_status":"closed","template":"","meta":[],"product_brand":[2560],"product_cat":[38,967],"product_tag":[916,1759],"class_list":{"0":"post-48724","1":"product","2":"type-product","3":"status-publish","4":"has-post-thumbnail","6":"product_brand-free-wheels","7":"product_cat-wheels-longboard","8":"product_cat-wheels-skateboard","9":"product_tag-free-wheels","10":"product_tag-sliding","11":"pa_diameter-60mm","12":"pa_durometer-78a","13":"pa_hub-placering-centerset","14":"pa_kontaktyta-40mm","15":"pa_manufacturer-free-wheels","17":"first","18":"outofstock","19":"taxable","20":"shipping-taxable","21":"purchasable","22":"product-type-simple"},"composite_virtual":false,"composite_layout":"","composite_add_to_cart_form_location":"","composite_editable_in_cart":false,"composite_sold_individually_context":"","composite_shop_price_calc":"","composite_components":[],"composite_scenarios":[],"jetpack_sharing_enabled":true,"_links":{"self":[{"href":"https:\/\/www.boardlife.se\/fr\/wp-json\/wp\/v2\/product\/48724","targetHints":{"allow":["GET"]}}],"collection":[{"href":"https:\/\/www.boardlife.se\/fr\/wp-json\/wp\/v2\/product"}],"about":[{"href":"https:\/\/www.boardlife.se\/fr\/wp-json\/wp\/v2\/types\/product"}],"replies":[{"embeddable":true,"href":"https:\/\/www.boardlife.se\/fr\/wp-json\/wp\/v2\/comments?post=48724"}],"wp:featuredmedia":[{"embeddable":true,"href":"https:\/\/www.boardlife.se\/fr\/wp-json\/wp\/v2\/media\/48725"}],"wp:attachment":[{"href":"https:\/\/www.boardlife.se\/fr\/wp-json\/wp\/v2\/media?parent=48724"}],"wp:term":[{"taxonomy":"product_brand","embeddable":true,"href":"https:\/\/www.boardlife.se\/fr\/wp-json\/wp\/v2\/product_brand?post=48724"},{"taxonomy":"product_cat","embeddable":true,"href":"https:\/\/www.boardlife.se\/fr\/wp-json\/wp\/v2\/product_cat?post=48724"},{"taxonomy":"product_tag","embeddable":true,"href":"https:\/\/www.boardlife.se\/fr\/wp-json\/wp\/v2\/product_tag?post=48724"}],"curies":[{"name":"wp","href":"https:\/\/api.w.org\/{rel}","templated":true}]}}