{"id":48438,"date":"2017-09-09T11:25:49","date_gmt":"2017-09-09T09:25:49","guid":{"rendered":"http:\/\/www.boardlife.se\/?post_type=product&#038;p=48438"},"modified":"2024-07-22T14:29:07","modified_gmt":"2024-07-22T12:29:07","slug":"mini-bagues-a-logo-moyennes-94a","status":"publish","type":"product","link":"https:\/\/www.boardlife.se\/fr\/boutique\/skateboard\/composants-de-skateboard\/camions-skateboard\/mini-bagues-a-logo-moyennes-94a\/","title":{"rendered":"Mini bagues de logo moyennes 94a"},"content":{"rendered":"<p>H&aring;rd <a class=\"glossaryLink cmtt_Komponenter\" aria-describedby=\"tt\" data-cmtooltip=\"&lt;div class=glossaryItemTitle&gt;Bushings&lt;\/div&gt;&lt;div class=glossaryItemBody&gt;Bushings finns i dina truckar och &auml;r den &amp;quot;mjuka&amp;quot; del som reglerar hur mycket dina truckar ska sv&auml;nga n&auml;r du lutar dig p&aring; br&auml;dan.&lt;\/div&gt;&lt;div class=cmtt_synonyms_wrapper&gt;&lt;div class=cmtt_synonyms_title&gt;Synonymer: &lt;\/div&gt;&lt;div class=cmtt_synonyms&gt;bussningar&lt;\/div&gt;&lt;\/div&gt;&lt;div class=glossaryTooltipMoreLinkWrapper&gt;&lt;a class=glossaryTooltipMoreLink href=https:\/\/www.boardlife.se\/en\/glossary\/bushings\/ &gt;L&auml;s mer&lt;\/a&gt;&lt;\/div&gt;\" href=\"https:\/\/www.boardlife.se\/en\/glossary\/bushings\/\" data-mobile-support=\"0\" data-gt-translate-attributes='[{\"attribute\":\"data-cmtooltip\", \"format\":\"html\"}]'>bague<\/a> i 94a fr&aring;n Mini Logo med universell passform. Kit best&aring;ende av en &ouml;vre (roadside) och en nedre (boardside) bushing f&ouml;r att r&auml;cka till en truck. Beh&ouml;ver du byt bushings p&aring; b&aring;da truckarna beh&ouml;ver du best&auml;lla tv&aring; set.<\/p>\n<p>Convient \u00e0 ceux qui veulent plus de swing sur leurs trucks ou \u00e0 ceux qui sont un peu plus l\u00e9gers.<\/p>\n<div class=\"std\"><\/div>","protected":false},"excerpt":{"rendered":"<p>Un jeu de gommes pour trucks de skateboard Mini Logo. Duret\u00e9 94 pour ceux qui recherchent une r\u00e9sistance moindre.<\/p>","protected":false},"featured_media":48439,"comment_status":"open","ping_status":"closed","template":"","meta":[],"product_brand":[2586],"product_cat":[1308,1306],"product_tag":[],"class_list":{"0":"post-48438","1":"product","2":"type-product","3":"status-publish","4":"has-post-thumbnail","6":"product_brand-mini-logo","7":"product_cat-bushings-skateboard","8":"product_cat-trucks-skateboard","9":"pa_durometer-100a","10":"pa_manufacturer-mini-logo","12":"first","13":"instock","14":"taxable","15":"shipping-taxable","16":"purchasable","17":"product-type-simple"},"composite_virtual":false,"composite_layout":"","composite_add_to_cart_form_location":"","composite_editable_in_cart":false,"composite_sold_individually_context":"","composite_shop_price_calc":"","composite_components":[],"composite_scenarios":[],"jetpack_sharing_enabled":true,"_links":{"self":[{"href":"https:\/\/www.boardlife.se\/fr\/wp-json\/wp\/v2\/product\/48438","targetHints":{"allow":["GET"]}}],"collection":[{"href":"https:\/\/www.boardlife.se\/fr\/wp-json\/wp\/v2\/product"}],"about":[{"href":"https:\/\/www.boardlife.se\/fr\/wp-json\/wp\/v2\/types\/product"}],"replies":[{"embeddable":true,"href":"https:\/\/www.boardlife.se\/fr\/wp-json\/wp\/v2\/comments?post=48438"}],"wp:featuredmedia":[{"embeddable":true,"href":"https:\/\/www.boardlife.se\/fr\/wp-json\/wp\/v2\/media\/48439"}],"wp:attachment":[{"href":"https:\/\/www.boardlife.se\/fr\/wp-json\/wp\/v2\/media?parent=48438"}],"wp:term":[{"taxonomy":"product_brand","embeddable":true,"href":"https:\/\/www.boardlife.se\/fr\/wp-json\/wp\/v2\/product_brand?post=48438"},{"taxonomy":"product_cat","embeddable":true,"href":"https:\/\/www.boardlife.se\/fr\/wp-json\/wp\/v2\/product_cat?post=48438"},{"taxonomy":"product_tag","embeddable":true,"href":"https:\/\/www.boardlife.se\/fr\/wp-json\/wp\/v2\/product_tag?post=48438"}],"curies":[{"name":"wp","href":"https:\/\/api.w.org\/{rel}","templated":true}]}}