{"id":47844,"date":"2017-08-03T12:51:54","date_gmt":"2017-08-03T10:51:54","guid":{"rendered":"http:\/\/www.boardlife.se\/?post_type=product&#038;p=47844"},"modified":"2025-09-28T16:31:48","modified_gmt":"2025-09-28T14:31:48","slug":"calibre-ii-184-mm-violet-satine","status":"publish","type":"product","link":"https:\/\/www.boardlife.se\/fr\/boutique\/longboard\/composants-de-longboard\/camions-de-longboard\/calibre-ii-184-mm-violet-satine\/","title":{"rendered":"Calibre II 184 mm violet satin\u00e9"},"content":{"rendered":"<p>Le Caliber II est un truck polyvalent tr\u00e8s populaire. Il offre de bonnes sensations en balade et une bonne stabilit\u00e9 en freeride. Il allie qualit\u00e9, performance et durabilit\u00e9. Vous pouvez choisir un ensemble de trucks avec un angle de 50\u00b0 ou 44\u00b0. La version 50\u00b0 offre plus de puissance en virage et est g\u00e9n\u00e9ralement un bon choix pour ceux qui pratiquent la balade. La version 44\u00b0 offre une stabilit\u00e9 l\u00e9g\u00e8rement sup\u00e9rieure lorsque la vitesse augmente l\u00e9g\u00e8rement. Pour ceux qui privil\u00e9gient le freeride, la version 44\u00b0 peut \u00eatre un meilleur choix. Notez que les deux versions conviennent bien s\u00fbr aux deux domaines d&#039;utilisation. Vendu par ensemble de deux trucks.<\/p>\n<p>Le camion est \u00e9quip\u00e9 de pneus relativement souples. <a class=\"glossaryLink cmtt_Komponenter\" aria-describedby=\"tt\" data-cmtooltip=\"&lt;div class=glossaryItemTitle&gt;Bushings&lt;\/div&gt;&lt;div class=glossaryItemBody&gt;Bushings finns i dina truckar och &auml;r den &amp;quot;mjuka&amp;quot; del som reglerar hur mycket dina truckar ska sv&auml;nga n&auml;r du lutar dig p&aring; br&auml;dan.&lt;\/div&gt;&lt;div class=cmtt_synonyms_wrapper&gt;&lt;div class=cmtt_synonyms_title&gt;Synonymer: &lt;\/div&gt;&lt;div class=cmtt_synonyms&gt;bussningar&lt;\/div&gt;&lt;\/div&gt;&lt;div class=glossaryTooltipMoreLinkWrapper&gt;&lt;a class=glossaryTooltipMoreLink href=https:\/\/www.boardlife.se\/fr\/glossaire\/bagues\/ &gt;L&auml;s mer&lt;\/a&gt;&lt;\/div&gt;\" href=\"https:\/\/www.boardlife.se\/fr\/glossaire\/bagues\/\" data-mobile-support=\"0\" data-gt-translate-attributes='[{\"attribute\":\"data-cmtooltip\", \"format\":\"html\"}]'>bagues<\/a> Pour une glisse agr\u00e9able. Bushings Blood Orange Barrel\/Cone (50\u00b0), Double Barrel (44\u00b0), 89. Si vous souhaitez une planche offrant une meilleure accroche, nous vous recommandons de remplacer un ou les deux bushings par des mod\u00e8les plus durs de la gamme Blood Orange.<\/p>\n<p>Calibre version II :<\/p>\n<p>\u2013 Nouveau si\u00e8ge de bague pour un ajustement plus pr\u00e9cis et plus <a class=\"glossaryLink cmtt_Komponenter cmtt_&Aring;kning\" aria-describedby=\"tt\" data-cmtooltip=\"&lt;div class=glossaryItemTitle&gt;Rebound&lt;\/div&gt;&lt;div class=glossaryItemBody&gt;Rebound &auml;r den kraft som n&aring;got ger tillbaka efter att man exempelvis pressat sina bushings, truckar, hjul eller br&auml;da i en viss riktning. En h&ouml;gre rebound betyder en starkare kraft tillbaka till sitt ursprungsl&auml;ge.&lt;\/div&gt;&lt;div class=glossaryTooltipMoreLinkWrapper&gt;&lt;a class=glossaryTooltipMoreLink href=https:\/\/www.boardlife.se\/fr\/glossaire\/rebond\/ &gt;L&auml;s mer&lt;\/a&gt;&lt;\/div&gt;\" href=\"https:\/\/www.boardlife.se\/fr\/glossaire\/rebond\/\" data-mobile-support=\"0\" data-gt-translate-attributes='[{\"attribute\":\"data-cmtooltip\", \"format\":\"html\"}]'>rebond<\/a>.<br>\n\u2013 Coupelle de pivot mise \u00e0 jour pour une usure plus uniforme et une sensation de swing solide.<br>\n\u2013 Nouvelle technologie de durcissement qui rend le camion 40% plus r\u00e9sistant.<br>\n\u2013 Renforc\u00e9 <a class=\"glossaryLink cmtt_Komponenter\" aria-describedby=\"tt\" data-cmtooltip=\"&lt;div class=glossaryItemTitle&gt;Basplatta&lt;\/div&gt;&lt;div class=glossaryItemBody&gt;Dina truckar best&aring;r av tv&aring; huvudsakliga delar. En hanger och en basplatta. Basplattan &auml;r den del som f&auml;sts i sj&auml;lva br&auml;dan. &lt;\/div&gt;&lt;div class=cmtt_synonyms_wrapper&gt;&lt;div class=cmtt_synonyms_title&gt;Synonymer: &lt;\/div&gt;&lt;div class=cmtt_synonyms&gt;Base Plate&lt;\/div&gt;&lt;\/div&gt;&lt;div class=glossaryTooltipMoreLinkWrapper&gt;&lt;a class=glossaryTooltipMoreLink href=https:\/\/www.boardlife.se\/fr\/glossaire\/plaque-de-base\/ &gt;L&auml;s mer&lt;\/a&gt;&lt;\/div&gt;\" href=\"https:\/\/www.boardlife.se\/fr\/glossaire\/plaque-de-base\/\" data-mobile-support=\"0\" data-gt-translate-attributes='[{\"attribute\":\"data-cmtooltip\", \"format\":\"html\"}]'>plaque de base<\/a>.<br>\n\u2013 Meilleure adh\u00e9rence pour <a class=\"glossaryLink\" aria-describedby=\"tt\" data-cmtooltip=\"&lt;div class=glossaryItemTitle&gt;Kingpin&lt;\/div&gt;&lt;div class=glossaryItemBody&gt;Kingpin &auml;r den bult som h&aring;ller ihop din truck (basplattan med hangern). Denna bult reglerar ocks&aring; hur mycket du vill att dina truckar sv&auml;nga f&ouml;r att du ska f&aring; b&auml;sta sv&auml;ngf&ouml;rm&aring;ga eller stabilitet, beroende p&aring; vad du &auml;r ute efter. &lt;\/div&gt;&lt;div class=glossaryTooltipMoreLinkWrapper&gt;&lt;a class=glossaryTooltipMoreLink href=https:\/\/www.boardlife.se\/fr\/glossaire\/cheville-ouvriere\/ &gt;L&auml;s mer&lt;\/a&gt;&lt;\/div&gt;\" href=\"https:\/\/www.boardlife.se\/fr\/glossaire\/cheville-ouvriere\/\" data-mobile-support=\"0\" data-gt-translate-attributes='[{\"attribute\":\"data-cmtooltip\", \"format\":\"html\"}]'>cheville ouvri\u00e8re<\/a>-vis.<br>\n\u2013 Plus stable \u00e0 des vitesses plus \u00e9lev\u00e9es.<\/p>\n<div data-hook=\"product_description\"><\/div>","protected":false},"excerpt":{"rendered":"<p>Trucks confortables de Caliber pour le cruising ou le freeride plus intense. Choisissez entre les versions 50\u00b0 ou 44\u00b0 selon vos envies (plus d&#039;informations dans la description du produit). Caliber est synonyme de confort et de qualit\u00e9 sup\u00e9rieure.<\/p>","protected":false},"featured_media":47848,"comment_status":"open","ping_status":"closed","template":"","meta":[],"product_brand":[2543],"product_cat":[23],"product_tag":[895],"class_list":{"0":"post-47844","1":"product","2":"type-product","3":"status-publish","4":"has-post-thumbnail","6":"product_brand-caliber-truck-co","7":"product_cat-trucks-longboard","8":"product_tag-caliber-truck-co","9":"pa_manufacturer-caliber-truck-co","10":"pa_truck-bredd-184mm","11":"pa_vinkel-313","12":"pa_vinkel-54","14":"first","15":"instock","16":"sale","17":"featured","18":"taxable","19":"shipping-taxable","20":"purchasable","21":"product-type-variable","22":"has-default-attributes"},"composite_virtual":false,"composite_layout":"","composite_add_to_cart_form_location":"","composite_editable_in_cart":false,"composite_sold_individually_context":"","composite_shop_price_calc":"","composite_components":[],"composite_scenarios":[],"jetpack_sharing_enabled":true,"_links":{"self":[{"href":"https:\/\/www.boardlife.se\/fr\/wp-json\/wp\/v2\/product\/47844","targetHints":{"allow":["GET"]}}],"collection":[{"href":"https:\/\/www.boardlife.se\/fr\/wp-json\/wp\/v2\/product"}],"about":[{"href":"https:\/\/www.boardlife.se\/fr\/wp-json\/wp\/v2\/types\/product"}],"replies":[{"embeddable":true,"href":"https:\/\/www.boardlife.se\/fr\/wp-json\/wp\/v2\/comments?post=47844"}],"wp:featuredmedia":[{"embeddable":true,"href":"https:\/\/www.boardlife.se\/fr\/wp-json\/wp\/v2\/media\/47848"}],"wp:attachment":[{"href":"https:\/\/www.boardlife.se\/fr\/wp-json\/wp\/v2\/media?parent=47844"}],"wp:term":[{"taxonomy":"product_brand","embeddable":true,"href":"https:\/\/www.boardlife.se\/fr\/wp-json\/wp\/v2\/product_brand?post=47844"},{"taxonomy":"product_cat","embeddable":true,"href":"https:\/\/www.boardlife.se\/fr\/wp-json\/wp\/v2\/product_cat?post=47844"},{"taxonomy":"product_tag","embeddable":true,"href":"https:\/\/www.boardlife.se\/fr\/wp-json\/wp\/v2\/product_tag?post=47844"}],"curies":[{"name":"wp","href":"https:\/\/api.w.org\/{rel}","templated":true}]}}