{"id":47597,"date":"2017-07-20T10:14:08","date_gmt":"2017-07-20T08:14:08","guid":{"rendered":"http:\/\/www.boardlife.se\/?post_type=product&#038;p=47597"},"modified":"2023-05-11T06:03:13","modified_gmt":"2023-05-11T04:03:13","slug":"roue-libre-free-spirits-orange-70mm-78a","status":"publish","type":"product","link":"https:\/\/www.boardlife.se\/fr\/boutique\/longboard\/composants-de-longboard\/roues-de-longboard\/roue-libre-free-spirits-orange-70mm-78a\/","title":{"rendered":"Roue libre Free Spirits Orange 70mm 78a"},"content":{"rendered":"<p>Le l\u00e9gendaire fabricant de roues Free Wheel nous pr\u00e9sente les Free Spirits. Une roue de cruiser parfaite qui vous permet de glisser facilement m\u00eame si vous le souhaitez. Gr\u00e2ce \u00e0 sa <a class=\"glossaryLink cmtt_Komponenter\"  aria-describedby=\"tt\"  data-cmtooltip=\"&lt;div class=glossaryItemTitle&gt;L&auml;pp&lt;\/div&gt;&lt;div class=glossaryItemBody&gt;N&auml;r man pratar om hjul brukar man prata om l&auml;pp. Man syftar d&aring; till hur hjulets kanter ser ut. Detta p&aring;verkar i sin tur hur hjulet beter sig n&auml;r du &aring;ker. &lt;\/div&gt;&lt;div class=glossaryTooltipMoreLinkWrapper&gt;&lt;a class=glossaryTooltipMoreLink href=https:\/\/www.boardlife.se\/fr\/glossaire\/correctif\/ &gt;L&auml;s mer&lt;\/a&gt;&lt;\/div&gt;\"  href=\"https:\/\/www.boardlife.se\/fr\/glossaire\/correctif\/\"  data-mobile-support=\"0\"  data-gt-translate-attributes='[{\"attribute\":\"data-cmtooltip\", \"format\":\"html\"}]'>l\u00e8vre<\/a> L&#039;adh\u00e9rence est l\u00e9g\u00e8rement meilleure. Mais la formule des roues Free Wheels est con\u00e7ue pour la glisse, vous offrant ainsi toutes les possibilit\u00e9s si vous le souhaitez. Le prix est \u00e9galement int\u00e9ressant par rapport \u00e0 la roue achet\u00e9e.<\/p>","protected":false},"excerpt":{"rendered":"<p>Une roue de cruiser vraiment abordable, id\u00e9ale pour forcer la planche \u00e0 glisser. La formule l\u00e9gendaire de Free Wheel est imbattable, et avec Free Spirits, vous obtenez une roue polyvalente.<\/p>","protected":false},"featured_media":47598,"comment_status":"open","ping_status":"closed","template":"","meta":[],"product_brand":[2560],"product_cat":[38],"product_tag":[],"class_list":{"0":"post-47597","1":"product","2":"type-product","3":"status-publish","4":"has-post-thumbnail","6":"product_brand-free-wheels","7":"product_cat-wheels-longboard","8":"pa_diameter-70mm","9":"pa_durometer-78a","10":"pa_hub-placering-offset","11":"pa_kontaktyta-51mm","12":"pa_manufacturer-free-wheels","13":"pa_wheel-shape-sharp","15":"first","16":"instock","17":"sale","18":"taxable","19":"shipping-taxable","20":"purchasable","21":"product-type-simple"},"composite_virtual":false,"composite_layout":"","composite_add_to_cart_form_location":"","composite_editable_in_cart":false,"composite_sold_individually_context":"","composite_shop_price_calc":"","composite_components":[],"composite_scenarios":[],"jetpack_sharing_enabled":true,"_links":{"self":[{"href":"https:\/\/www.boardlife.se\/fr\/wp-json\/wp\/v2\/product\/47597","targetHints":{"allow":["GET"]}}],"collection":[{"href":"https:\/\/www.boardlife.se\/fr\/wp-json\/wp\/v2\/product"}],"about":[{"href":"https:\/\/www.boardlife.se\/fr\/wp-json\/wp\/v2\/types\/product"}],"replies":[{"embeddable":true,"href":"https:\/\/www.boardlife.se\/fr\/wp-json\/wp\/v2\/comments?post=47597"}],"wp:featuredmedia":[{"embeddable":true,"href":"https:\/\/www.boardlife.se\/fr\/wp-json\/wp\/v2\/media\/47598"}],"wp:attachment":[{"href":"https:\/\/www.boardlife.se\/fr\/wp-json\/wp\/v2\/media?parent=47597"}],"wp:term":[{"taxonomy":"product_brand","embeddable":true,"href":"https:\/\/www.boardlife.se\/fr\/wp-json\/wp\/v2\/product_brand?post=47597"},{"taxonomy":"product_cat","embeddable":true,"href":"https:\/\/www.boardlife.se\/fr\/wp-json\/wp\/v2\/product_cat?post=47597"},{"taxonomy":"product_tag","embeddable":true,"href":"https:\/\/www.boardlife.se\/fr\/wp-json\/wp\/v2\/product_tag?post=47597"}],"curies":[{"name":"wp","href":"https:\/\/api.w.org\/{rel}","templated":true}]}}