{"id":47590,"date":"2017-07-19T17:54:48","date_gmt":"2017-07-19T15:54:48","guid":{"rendered":"http:\/\/www.boardlife.se\/?post_type=product&#038;p=47590"},"modified":"2020-06-01T19:55:40","modified_gmt":"2020-06-01T17:55:40","slug":"slant-trucks-standard-raw-5-0","status":"publish","type":"product","link":"https:\/\/www.boardlife.se\/fr\/boutique\/skateboard\/composants-de-skateboard\/camions-skateboard\/slant-trucks-standard-raw-5-0\/","title":{"rendered":"Trucks inclin\u00e9s standard bruts 5,0\u2033"},"content":{"rendered":"<p>Slant Standard Raw &auml;r en riktigt prisv&auml;rd truck som ger en v&auml;ldigt l&aring;g vikt. Konstruerade av r&aring;varor med h&ouml;g kvalitet. Slant erbjuder en m&aring;ngsidig truck f&ouml;r den mesta typen av &aring;kning. Truckarna s&auml;ljs parvis. 5.0&Prime; passar till br&auml;dor med bredd p&aring; 7.4 &ndash; 7.75&Prime;.<\/p>","protected":false},"excerpt":{"rendered":"<p>Trucks Slant de bonne qualit\u00e9. L\u00e9gers et con\u00e7us pour la plupart des types de conduite.<\/p>","protected":false},"featured_media":47588,"comment_status":"open","ping_status":"closed","template":"","meta":[],"product_brand":[],"product_cat":[1306],"product_tag":[1743],"class_list":{"0":"post-47590","1":"product","2":"type-product","3":"status-publish","4":"has-post-thumbnail","6":"product_cat-trucks-skateboard","7":"product_tag-slant","8":"pa_manufacturer-slant-trucks","10":"first","11":"outofstock","12":"taxable","13":"shipping-taxable","14":"purchasable","15":"product-type-simple"},"composite_virtual":false,"composite_layout":"","composite_add_to_cart_form_location":"","composite_editable_in_cart":false,"composite_sold_individually_context":"","composite_shop_price_calc":"","composite_components":[],"composite_scenarios":[],"jetpack_sharing_enabled":true,"_links":{"self":[{"href":"https:\/\/www.boardlife.se\/fr\/wp-json\/wp\/v2\/product\/47590","targetHints":{"allow":["GET"]}}],"collection":[{"href":"https:\/\/www.boardlife.se\/fr\/wp-json\/wp\/v2\/product"}],"about":[{"href":"https:\/\/www.boardlife.se\/fr\/wp-json\/wp\/v2\/types\/product"}],"replies":[{"embeddable":true,"href":"https:\/\/www.boardlife.se\/fr\/wp-json\/wp\/v2\/comments?post=47590"}],"wp:featuredmedia":[{"embeddable":true,"href":"https:\/\/www.boardlife.se\/fr\/wp-json\/wp\/v2\/media\/47588"}],"wp:attachment":[{"href":"https:\/\/www.boardlife.se\/fr\/wp-json\/wp\/v2\/media?parent=47590"}],"wp:term":[{"taxonomy":"product_brand","embeddable":true,"href":"https:\/\/www.boardlife.se\/fr\/wp-json\/wp\/v2\/product_brand?post=47590"},{"taxonomy":"product_cat","embeddable":true,"href":"https:\/\/www.boardlife.se\/fr\/wp-json\/wp\/v2\/product_cat?post=47590"},{"taxonomy":"product_tag","embeddable":true,"href":"https:\/\/www.boardlife.se\/fr\/wp-json\/wp\/v2\/product_tag?post=47590"}],"curies":[{"name":"wp","href":"https:\/\/api.w.org\/{rel}","templated":true}]}}