{"id":47308,"date":"2017-06-28T09:58:04","date_gmt":"2017-06-28T07:58:04","guid":{"rendered":"http:\/\/www.boardlife.se\/?post_type=product&#038;p=47308"},"modified":"2024-10-04T09:44:01","modified_gmt":"2024-10-04T07:44:01","slug":"souviens-toi-des-huees-roses-70-mm-76a","status":"publish","type":"product","link":"https:\/\/www.boardlife.se\/fr\/boutique\/longboard\/composants-de-longboard\/roues-de-longboard\/souviens-toi-des-huees-roses-70-mm-76a\/","title":{"rendered":"Souvenez-vous de Hoots Pink 70 mm 76a"},"content":{"rendered":"<h2>Souviens-toi de Hoots<\/h2>\n<p>Remember lance sa nouvelle version Hoots 70 mm. Cette roue facile \u00e0 glisser est id\u00e9ale pour les d\u00e9butants, car elle ne n\u00e9cessite pas beaucoup de puissance pour d\u00e9marrer un drift. Si vous \u00eates un rider qui pousse la roue \u00e0 grande vitesse, la Hoots est une alternative id\u00e9ale. En revanche, si vous souhaitez d\u00e9marrer un slide \u00e0 vitesse r\u00e9duite, sa petite s\u0153ur Lil&#039; Hoots, avec ses 65 mm, est plus adapt\u00e9e.<\/p>\n<p>Bien s\u00fbr, vous pouvez toujours exp\u00e9rimenter avec les diff\u00e9rentes duret\u00e9s, qui vont d\u00e9sormais de 74a \u00e0 80a. Elles laissent des traces de frottement sur le sol, mais s&#039;usent moins vite que les ABEC11 ou toute autre roue qui laisse des traces. Choisissez simplement la duret\u00e9 qui vous convient le mieux.<\/p>\n<p>Tout le monde devrait avoir au moins un jeu de Hoots dans sa bo\u00eete, et son prix le justifie amplement. Nous le recommandons chaudement.<\/p>","protected":false},"excerpt":{"rendered":"<p>Des roues vraiment abordables qui conviennent aussi bien aux d\u00e9butants qu&#039;aux freeriders exp\u00e9riment\u00e9s. Cette nouvelle gamme vous offre un choix plus large de roues Duro. Id\u00e9al pour trouver la roue qui vous convient parfaitement.<\/p>","protected":false},"featured_media":0,"comment_status":"open","ping_status":"closed","template":"","meta":[],"product_brand":[2600],"product_cat":[38],"product_tag":[884,1759],"class_list":{"0":"post-47308","1":"product","2":"type-product","3":"status-publish","5":"product_brand-remember-collective","6":"product_cat-wheels-longboard","7":"product_tag-remember-collective","8":"product_tag-sliding","9":"pa_diameter-70mm","10":"pa_durometer-76a","11":"pa_kontaktyta-38mm","12":"pa_manufacturer-remember-collective","13":"pa_wheel-shape-rounded","15":"first","16":"instock","17":"taxable","18":"shipping-taxable","19":"purchasable","20":"product-type-simple"},"composite_virtual":false,"composite_layout":"","composite_add_to_cart_form_location":"","composite_editable_in_cart":false,"composite_sold_individually_context":"","composite_shop_price_calc":"","composite_components":[],"composite_scenarios":[],"jetpack_sharing_enabled":true,"_links":{"self":[{"href":"https:\/\/www.boardlife.se\/fr\/wp-json\/wp\/v2\/product\/47308","targetHints":{"allow":["GET"]}}],"collection":[{"href":"https:\/\/www.boardlife.se\/fr\/wp-json\/wp\/v2\/product"}],"about":[{"href":"https:\/\/www.boardlife.se\/fr\/wp-json\/wp\/v2\/types\/product"}],"replies":[{"embeddable":true,"href":"https:\/\/www.boardlife.se\/fr\/wp-json\/wp\/v2\/comments?post=47308"}],"wp:attachment":[{"href":"https:\/\/www.boardlife.se\/fr\/wp-json\/wp\/v2\/media?parent=47308"}],"wp:term":[{"taxonomy":"product_brand","embeddable":true,"href":"https:\/\/www.boardlife.se\/fr\/wp-json\/wp\/v2\/product_brand?post=47308"},{"taxonomy":"product_cat","embeddable":true,"href":"https:\/\/www.boardlife.se\/fr\/wp-json\/wp\/v2\/product_cat?post=47308"},{"taxonomy":"product_tag","embeddable":true,"href":"https:\/\/www.boardlife.se\/fr\/wp-json\/wp\/v2\/product_tag?post=47308"}],"curies":[{"name":"wp","href":"https:\/\/api.w.org\/{rel}","templated":true}]}}