{"id":46604,"date":"2017-05-25T13:07:54","date_gmt":"2017-05-25T11:07:54","guid":{"rendered":"http:\/\/www.boardlife.se\/?post_type=product&#038;p=46604"},"modified":"2025-04-03T18:00:32","modified_gmt":"2025-04-03T16:00:32","slug":"huile-de-roulement-a-vitesse-legere-pour-bois-de-coeur","status":"publish","type":"product","link":"https:\/\/www.boardlife.se\/fr\/boutique\/skateboard\/composants-de-skateboard\/roulements-de-skateboard\/huile-de-roulement-a-vitesse-legere-pour-bois-de-coeur\/","title":{"rendered":"Huile pour roulements Heartwood Light Speed"},"content":{"rendered":"<div id=\"tab-description\" class=\"panel entry-content wc-tab\">\n<p>Un bon entretien de vos roulements prolongera leur dur\u00e9e de vie et vous permettra de faire des \u00e9conomies. L&#039;huile pour roulements Heartwood Light Speed est une huile \u00e0 faible viscosit\u00e9. Elle prot\u00e8ge l&#039;int\u00e9rieur de vos roulements tout en assurant un roulement optimal. De classe 2, elle convient parfaitement \u00e0 la plupart des pratiques de ride polyvalent, de freeride et de descente de moyenne distance.<\/p>\n<\/div>\n<p>Pour optimiser le fonctionnement de vos roulements, nettoyez-les avant que des impuret\u00e9s ne s&#039;y infiltrent. La pr\u00e9sence de petits grains de gravier et autres salet\u00e9s risque d&#039;user pr\u00e9matur\u00e9ment les billes et de compromettre la fluidit\u00e9 du roulement. Commencez par nettoyer vos roulements avec un produit liposoluble. Vous pouvez \u00e9galement les souffler \u00e0 l&#039;aide d&#039;un compresseur pour \u00e9liminer toute trace de salet\u00e9 et d&#039;huile usag\u00e9e. Laissez-les ensuite s\u00e9cher compl\u00e8tement avant d&#039;appliquer de l&#039;huile neuve. Lors de l&#039;application de l&#039;huile apr\u00e8s le nettoyage, veillez \u00e0 bien enrober les billes en acier (ou en c\u00e9ramique, le cas \u00e9ch\u00e9ant) ainsi que la bague en nylon qui les maintient en place.<\/p>\n<p>Vous n&#039;avez pas \u00e0 vous soucier de mettre trop d&#039;huile. Apr\u00e8s la premi\u00e8re utilisation, l&#039;exc\u00e9dent sera \u00e9vacu\u00e9. Pensez \u00e0 emporter un chiffon ou du papier pour essuyer les roulements et les roues.<\/p>\n<div id=\"tab-description\" class=\"panel entry-content wc-tab\">\n<p>Pour obtenir des conseils sur la fa\u00e7on de suivre vos stocks, lisez <span style=\"text-decoration: underline\"><strong><a href=\"https:\/\/www.boardlife.se\/fr\/longboardguiden\/kullager\/?wmc-currency=EUR\">notre guide des roulements \u00e0 billes<\/a><\/strong><\/span>.<\/p>\n<\/div>","protected":false},"excerpt":{"rendered":"<p>Maintenez vos roulements en bon \u00e9tat. Nettoyez-les r\u00e9guli\u00e8rement pour \u00e9viter d&#039;en acheter de nouveaux. Avec l&#039;huile pour roulements Heartwoods, vous \u00e9conomiserez de l&#039;argent et pr\u00e9serverez vos roulements \u00e0 long terme.<\/p>","protected":false},"featured_media":46605,"comment_status":"open","ping_status":"closed","template":"","meta":[],"product_brand":[2570],"product_cat":[1310,1307],"product_tag":[],"class_list":{"0":"post-46604","1":"product","2":"type-product","3":"status-publish","4":"has-post-thumbnail","6":"product_brand-heartwood","7":"product_cat-service","8":"product_cat-bearings-skateboard","9":"pa_manufacturer-heartwood","11":"first","12":"instock","13":"taxable","14":"shipping-taxable","15":"purchasable","16":"product-type-simple"},"composite_virtual":false,"composite_layout":"","composite_add_to_cart_form_location":"","composite_editable_in_cart":false,"composite_sold_individually_context":"","composite_shop_price_calc":"","composite_components":[],"composite_scenarios":[],"jetpack_sharing_enabled":true,"_links":{"self":[{"href":"https:\/\/www.boardlife.se\/fr\/wp-json\/wp\/v2\/product\/46604","targetHints":{"allow":["GET"]}}],"collection":[{"href":"https:\/\/www.boardlife.se\/fr\/wp-json\/wp\/v2\/product"}],"about":[{"href":"https:\/\/www.boardlife.se\/fr\/wp-json\/wp\/v2\/types\/product"}],"replies":[{"embeddable":true,"href":"https:\/\/www.boardlife.se\/fr\/wp-json\/wp\/v2\/comments?post=46604"}],"wp:featuredmedia":[{"embeddable":true,"href":"https:\/\/www.boardlife.se\/fr\/wp-json\/wp\/v2\/media\/46605"}],"wp:attachment":[{"href":"https:\/\/www.boardlife.se\/fr\/wp-json\/wp\/v2\/media?parent=46604"}],"wp:term":[{"taxonomy":"product_brand","embeddable":true,"href":"https:\/\/www.boardlife.se\/fr\/wp-json\/wp\/v2\/product_brand?post=46604"},{"taxonomy":"product_cat","embeddable":true,"href":"https:\/\/www.boardlife.se\/fr\/wp-json\/wp\/v2\/product_cat?post=46604"},{"taxonomy":"product_tag","embeddable":true,"href":"https:\/\/www.boardlife.se\/fr\/wp-json\/wp\/v2\/product_tag?post=46604"}],"curies":[{"name":"wp","href":"https:\/\/api.w.org\/{rel}","templated":true}]}}