{"id":45870,"date":"2017-04-19T09:10:48","date_gmt":"2017-04-19T07:10:48","guid":{"rendered":"http:\/\/www.boardlife.se\/produkt\/miller-division-varsity\/"},"modified":"2022-06-08T11:15:32","modified_gmt":"2022-06-08T09:15:32","slug":"division-universitaire-miller","status":"publish","type":"product","link":"https:\/\/www.boardlife.se\/fr\/boutique\/vetements-de-rue\/sac-a-dos\/division-universitaire-miller\/","title":{"rendered":"\u00c9quipe universitaire de la division Miller"},"content":{"rendered":"<p>Emportez tout le n\u00e9cessaire lors de votre prochaine sortie en planche. Voici un sac \u00e0 dos \u00e9l\u00e9gant sign\u00e9 Miller. Il a une capacit\u00e9 de 17 litres. Un compartiment pour ordinateur portable le prot\u00e8ge si vous souhaitez l&#039;emporter avec vous. Convient aux formats jusqu&#039;\u00e0 15 pouces.<\/p>\n<p>&nbsp;<\/p>\n<p class=\"p1\">Dos et bretelles en mesh a\u00e9r\u00e9<br>\nCompartiment pour ordinateur portable : jusqu&#039;\u00e0 15 pouces<br>\nCapacit\u00e9 de 17 litres<br>\nTaille: 30x12x43cm<br>\nEnti\u00e8rement doubl\u00e9<br>\nTissu ext\u00e9rieur : polyester 900D<br>\nRev\u00eatement PU : 300gr\/m2<br>\nDoublure : Polyester 100%<\/p>","protected":false},"excerpt":{"rendered":"<p>Emportez vos biens les plus pr\u00e9cieux avec vous lors de votre prochain voyage en planche avec un sac \u00e0 dos classique de Miller Division.<\/p>","protected":false},"featured_media":0,"comment_status":"open","ping_status":"closed","template":"","meta":[],"product_brand":[],"product_cat":[1038],"product_tag":[900],"class_list":{"0":"post-45870","1":"product","2":"type-product","3":"status-publish","5":"product_cat-backpacks","6":"product_tag-miller-division","7":"pa_manufacturer-miller-division","9":"first","10":"instock","11":"taxable","12":"shipping-taxable","13":"purchasable","14":"product-type-simple"},"composite_virtual":false,"composite_layout":"","composite_add_to_cart_form_location":"","composite_editable_in_cart":false,"composite_sold_individually_context":"","composite_shop_price_calc":"","composite_components":[],"composite_scenarios":[],"jetpack_sharing_enabled":true,"_links":{"self":[{"href":"https:\/\/www.boardlife.se\/fr\/wp-json\/wp\/v2\/product\/45870","targetHints":{"allow":["GET"]}}],"collection":[{"href":"https:\/\/www.boardlife.se\/fr\/wp-json\/wp\/v2\/product"}],"about":[{"href":"https:\/\/www.boardlife.se\/fr\/wp-json\/wp\/v2\/types\/product"}],"replies":[{"embeddable":true,"href":"https:\/\/www.boardlife.se\/fr\/wp-json\/wp\/v2\/comments?post=45870"}],"wp:attachment":[{"href":"https:\/\/www.boardlife.se\/fr\/wp-json\/wp\/v2\/media?parent=45870"}],"wp:term":[{"taxonomy":"product_brand","embeddable":true,"href":"https:\/\/www.boardlife.se\/fr\/wp-json\/wp\/v2\/product_brand?post=45870"},{"taxonomy":"product_cat","embeddable":true,"href":"https:\/\/www.boardlife.se\/fr\/wp-json\/wp\/v2\/product_cat?post=45870"},{"taxonomy":"product_tag","embeddable":true,"href":"https:\/\/www.boardlife.se\/fr\/wp-json\/wp\/v2\/product_tag?post=45870"}],"curies":[{"name":"wp","href":"https:\/\/api.w.org\/{rel}","templated":true}]}}