{"id":45805,"date":"2017-04-13T17:49:49","date_gmt":"2017-04-13T15:49:49","guid":{"rendered":"http:\/\/www.boardlife.se\/produkt\/tsg-evolution-satine-fire-red\/"},"modified":"2021-12-28T10:55:54","modified_gmt":"2021-12-28T09:55:54","slug":"tsg-evolution-rouge-feu-satine","status":"publish","type":"product","link":"https:\/\/www.boardlife.se\/fr\/boutique\/protection\/casques\/tsg-evolution-rouge-feu-satine\/","title":{"rendered":"TSG Evolution Rouge Feu Satin\u00e9"},"content":{"rendered":"<h2>TSG Evolution Rouge Feu Satin\u00e9<\/h2>\n<p><b>Le casque classique de TSG pour le skate et le v\u00e9lo<\/b><\/p>\n<p>Avec sa coupe basse et ajust\u00e9e, le casque Evolution de TSG est un casque ABS souple qui enveloppe la t\u00eate et la prot\u00e8ge de tous les c\u00f4t\u00e9s. Convient aussi bien au cyclisme qu&#039;au roller. Con\u00e7u avec soin pour \u00e9pouser parfaitement l&#039;anatomie de la t\u00eate, il est parfaitement ajust\u00e9 pour \u00e9viter tout glissement. Le champ de vision n&#039;est pas affect\u00e9 et les tempes et l&#039;atlas sont \u00e9galement prot\u00e9g\u00e9s.<\/p>\n<p><b>Coque en ABS et EPS<\/b><br>\nLe casque est fabriqu\u00e9 en plastique ABS r\u00e9sistant aux chocs, offrant une protection extr\u00eamement robuste et tol\u00e9rante aux manipulations brutales. L&#039;int\u00e9rieur est recouvert de mousse rigide EPS (polystyr\u00e8ne expans\u00e9) qui allie stabilit\u00e9 et souplesse, tout en absorbant et r\u00e9partissant les forces.<\/p>\n<p><b>Ajuster<\/b><br>\nUn casque ne prot\u00e8ge que ce qu&#039;il recouvre. C&#039;est pourquoi Evolution propose un ajustement enveloppant avec un centre de gravit\u00e9 bas qui prot\u00e8ge \u00e9galement les tempes et les vert\u00e8bres cervicales les plus hautes. <i>vert\u00e8bre de l&#039;atlas<\/i>Con\u00e7u anatomiquement, il \u00e9pouse la courbure de la t\u00eate. Le casque est \u00e9galement \u00e9quip\u00e9 de coussinets de confort de deux \u00e9paisseurs diff\u00e9rentes, fix\u00e9s \u00e0 l&#039;int\u00e9rieur pour un ajustement optimal. Ils sont lavables en machine avec le programme \u00ab\u00a0lavage \u00e0 la main\u00a0\u00bb.<\/p>\n<p><b>Ventilation<\/b><br>\nLes quatorze orifices de ventilation permettent une circulation d&#039;air suffisante pour cr\u00e9er une temp\u00e9rature confortable autour de la t\u00eate. La mousse EPS est \u00e9galement dot\u00e9e de huit canaux d&#039;a\u00e9ration qui favorisent le refroidissement.<\/p>\n<p><b>Poids:<\/b> 460g.<br>\n<b>Mat\u00e9riel:<\/b> ABS, EPS, polyester et nylon.<br>\n<b>Certification:<\/b> CE EN-1078, CPSC.<\/p>\n<p><strong>Informations techniques :<\/strong><br>\n\u2013 Coque ABS \u00e0 fort impact<br>\n\u2013 EPS r\u00e9sistant aux secousses<br>\n\u2013 Bon ajustement anatomique<br>\n\u2013 Construction \u00e0 coque dure<br>\n\u2013 Coque ext\u00e9rieure en ABS<br>\n\u2013 Mousse d&#039;impact EPS<br>\n-Trous de ventilation<br>\n\u2013 Canaux de circulation d&#039;air<br>\n\u2013 Coussinets de confort lavables et r\u00e9sistants \u00e0 la chaleur en 2 tailles diff\u00e9rentes<br>\n\u2013 Boucles \u00e0 3 points<br>\n\u2013 Fermeture \u00e0 pression au menton<br>\n\u2013 Mat\u00e9riau : plastique, polystyr\u00e8ne, polyester, nylon<\/p>\n<p>Guide des tailles : (circonf\u00e9rence)<br>\nS\/M = 54-56 cm<br>\nL\/XL = 57-59 cm<\/p>","protected":false},"excerpt":{"rendered":"<p>TSG est une marque r\u00e9put\u00e9e dans le sport. Elle propose g\u00e9n\u00e9ralement des casques relativement fins, mais d&#039;une qualit\u00e9 au moins aussi \u00e9lev\u00e9e que celle des autres marques.<\/p>","protected":false},"featured_media":45813,"comment_status":"open","ping_status":"closed","template":"","meta":[],"product_brand":[2622],"product_cat":[90],"product_tag":[898],"class_list":{"0":"post-45805","1":"product","2":"type-product","3":"status-publish","4":"has-post-thumbnail","6":"product_brand-tsg-technical-safety-gear","7":"product_cat-helmets","8":"product_tag-tsg-technical-safety-gear","9":"pa_manufacturer-tsg-technical-safety-gear","10":"pa_storlekar-lxl","11":"pa_storlekar-sm","13":"first","14":"instock","15":"featured","16":"taxable","17":"shipping-taxable","18":"purchasable","19":"product-type-variable"},"composite_virtual":false,"composite_layout":"","composite_add_to_cart_form_location":"","composite_editable_in_cart":false,"composite_sold_individually_context":"","composite_shop_price_calc":"","composite_components":[],"composite_scenarios":[],"jetpack_sharing_enabled":true,"_links":{"self":[{"href":"https:\/\/www.boardlife.se\/fr\/wp-json\/wp\/v2\/product\/45805","targetHints":{"allow":["GET"]}}],"collection":[{"href":"https:\/\/www.boardlife.se\/fr\/wp-json\/wp\/v2\/product"}],"about":[{"href":"https:\/\/www.boardlife.se\/fr\/wp-json\/wp\/v2\/types\/product"}],"replies":[{"embeddable":true,"href":"https:\/\/www.boardlife.se\/fr\/wp-json\/wp\/v2\/comments?post=45805"}],"wp:featuredmedia":[{"embeddable":true,"href":"https:\/\/www.boardlife.se\/fr\/wp-json\/wp\/v2\/media\/45813"}],"wp:attachment":[{"href":"https:\/\/www.boardlife.se\/fr\/wp-json\/wp\/v2\/media?parent=45805"}],"wp:term":[{"taxonomy":"product_brand","embeddable":true,"href":"https:\/\/www.boardlife.se\/fr\/wp-json\/wp\/v2\/product_brand?post=45805"},{"taxonomy":"product_cat","embeddable":true,"href":"https:\/\/www.boardlife.se\/fr\/wp-json\/wp\/v2\/product_cat?post=45805"},{"taxonomy":"product_tag","embeddable":true,"href":"https:\/\/www.boardlife.se\/fr\/wp-json\/wp\/v2\/product_tag?post=45805"}],"curies":[{"name":"wp","href":"https:\/\/api.w.org\/{rel}","templated":true}]}}