{"id":42569,"date":"2016-11-04T16:07:05","date_gmt":"2016-11-04T15:07:05","guid":{"rendered":"http:\/\/www.boardlife.se\/?post_type=product&#038;p=42569"},"modified":"2025-04-12T10:26:46","modified_gmt":"2025-04-12T08:26:46","slug":"cire-pour-bagues-de-bois-de-coeur","status":"publish","type":"product","link":"https:\/\/www.boardlife.se\/fr\/boutique\/materiel\/service\/cire-pour-bagues-de-bois-de-coeur\/","title":{"rendered":"Cire pour bagues de bois de c\u0153ur"},"content":{"rendered":"<p>Alla vet att truckar ibland kan vara extremt &ldquo;gn&auml;lliga&rdquo; och ge ifr&aring;n sig ett knarrande ljud n&auml;r man sv&auml;nger med dem. Speciellt i b&ouml;rjan men vissa v&auml;grar att tystna &auml;ven med tiden. Missljudet beror p&aring; den friktion som skapas mellan dina <a class=\"glossaryLink cmtt_Komponenter\" aria-describedby=\"tt\" data-cmtooltip=\"&lt;div class=glossaryItemTitle&gt;Bushings&lt;\/div&gt;&lt;div class=glossaryItemBody&gt;Bushings finns i dina truckar och &auml;r den &amp;quot;mjuka&amp;quot; del som reglerar hur mycket dina truckar ska sv&auml;nga n&auml;r du lutar dig p&aring; br&auml;dan.&lt;\/div&gt;&lt;div class=cmtt_synonyms_wrapper&gt;&lt;div class=cmtt_synonyms_title&gt;Synonymer: &lt;\/div&gt;&lt;div class=cmtt_synonyms&gt;bussningar&lt;\/div&gt;&lt;\/div&gt;&lt;div class=glossaryTooltipMoreLinkWrapper&gt;&lt;a class=glossaryTooltipMoreLink href=https:\/\/www.boardlife.se\/fr\/glossaire\/bagues\/ &gt;L&auml;s mer&lt;\/a&gt;&lt;\/div&gt;\" href=\"https:\/\/www.boardlife.se\/fr\/glossaire\/bagues\/\" data-mobile-support=\"0\" data-gt-translate-attributes='[{\"attribute\":\"data-cmtooltip\", \"format\":\"html\"}]'>bagues<\/a> och din <a class=\"glossaryLink cmtt_Komponenter\" aria-describedby=\"tt\" data-cmtooltip=\"&lt;div class=glossaryItemTitle&gt;Washer&lt;\/div&gt;&lt;div class=glossaryItemBody&gt;Den metallbricka som ligger emot dina bushings. Denna bricka hj&auml;lper till att f&ouml;rdela trycket p&aring; dina bushings s&aring; att du f&aring;r en j&auml;mnare r&ouml;relse in och ut ur sv&auml;ngen. &lt;\/div&gt;&lt;div class=glossaryTooltipMoreLinkWrapper&gt;&lt;a class=glossaryTooltipMoreLink href=https:\/\/www.boardlife.se\/fr\/glossaire\/rondelle\/ &gt;L&auml;s mer&lt;\/a&gt;&lt;\/div&gt;\" href=\"https:\/\/www.boardlife.se\/fr\/glossaire\/rondelle\/\" data-mobile-support=\"0\" data-gt-translate-attributes='[{\"attribute\":\"data-cmtooltip\", \"format\":\"html\"}]'>rondelle<\/a>Cela peut \u00e9galement provenir de la friction cr\u00e9\u00e9e dans votre <a class=\"glossaryLink cmtt_Komponenter\" aria-describedby=\"tt\" data-cmtooltip=\"&lt;div class=glossaryItemTitle&gt;Pivot cup&lt;\/div&gt;&lt;div class=glossaryItemBody&gt;Dina truckar best&aring;r av tv&aring; delar. Den del som &auml;r sj&auml;lva hangern har en liten pigg p&aring; sig som vilar i en kopp p&aring; basplattan. Denna kopp kallas allts&aring; pivot cup. &lt;\/div&gt;&lt;div class=cmtt_synonyms_wrapper&gt;&lt;div class=cmtt_synonyms_title&gt;Synonymer: &lt;\/div&gt;&lt;div class=cmtt_synonyms&gt;pivotkopp&lt;\/div&gt;&lt;\/div&gt;&lt;div class=glossaryTooltipMoreLinkWrapper&gt;&lt;a class=glossaryTooltipMoreLink href=https:\/\/www.boardlife.se\/fr\/glossaire\/coupelle-de-pivot\/ &gt;L&auml;s mer&lt;\/a&gt;&lt;\/div&gt;\" href=\"https:\/\/www.boardlife.se\/fr\/glossaire\/coupelle-de-pivot\/\" data-mobile-support=\"0\" data-gt-translate-attributes='[{\"attribute\":\"data-cmtooltip\", \"format\":\"html\"}]'>coupelles pivotantes<\/a>Parfois, le bruit provient m\u00eame du frottement contre votre <a class=\"glossaryLink\" aria-describedby=\"tt\" data-cmtooltip=\"&lt;div class=glossaryItemTitle&gt;Kingpin&lt;\/div&gt;&lt;div class=glossaryItemBody&gt;Kingpin &auml;r den bult som h&aring;ller ihop din truck (basplattan med hangern). Denna bult reglerar ocks&aring; hur mycket du vill att dina truckar sv&auml;nga f&ouml;r att du ska f&aring; b&auml;sta sv&auml;ngf&ouml;rm&aring;ga eller stabilitet, beroende p&aring; vad du &auml;r ute efter. &lt;\/div&gt;&lt;div class=glossaryTooltipMoreLinkWrapper&gt;&lt;a class=glossaryTooltipMoreLink href=https:\/\/www.boardlife.se\/fr\/glossaire\/cheville-ouvriere\/ &gt;L&auml;s mer&lt;\/a&gt;&lt;\/div&gt;\" href=\"https:\/\/www.boardlife.se\/fr\/glossaire\/cheville-ouvriere\/\" data-mobile-support=\"0\" data-gt-translate-attributes='[{\"attribute\":\"data-cmtooltip\", \"format\":\"html\"}]'>cheville ouvri\u00e8re<\/a>Utiliser de l&#039;huile pour att\u00e9nuer ce bruit n&#039;est pas tr\u00e8s efficace, car cela supprime toute friction des silentblocs, ce qui peut alt\u00e9rer leurs propri\u00e9t\u00e9s et les rendre facilement per\u00e7us comme irr\u00e9guliers. La cire est donc une meilleure alternative, car elle pr\u00e9serve le contr\u00f4le et la maniabilit\u00e9 de vos trucks. La cire pour silentblocs Heartwood est sp\u00e9cialement con\u00e7ue pour att\u00e9nuer ce bruit g\u00eanant sans affecter votre conduite. Une alternative simple et abordable pour ceux qui souhaitent retrouver un silence de roulement optimal.<\/p>\n<p>Coupez finement avec une lame de rasoir pour obtenir de petits flocons de cire que vous d\u00e9poserez ensuite dans les cuvettes de pivot. Frottez contre les bagues et les rondelles, ou faites fondre la cire sur ces surfaces. Si n\u00e9cessaire, vous pouvez \u00e9galement frotter l\u00e9g\u00e8rement contre le pivot d&#039;attelage. Il en faut rarement beaucoup, alors n&#039;en appliquez pas trop.<\/p>","protected":false},"excerpt":{"rendered":"<p>La cire qui \u00e9limine tous les bruits de vos trucks et silentblocs. Une solution simple pour ceux qui recherchent des trucks silencieux.<\/p>","protected":false},"featured_media":42571,"comment_status":"open","ping_status":"closed","template":"","meta":[],"product_brand":[2570],"product_cat":[1310,1483],"product_tag":[1322],"class_list":{"0":"post-42569","1":"product","2":"type-product","3":"status-publish","4":"has-post-thumbnail","6":"product_brand-heartwood","7":"product_cat-service","8":"product_cat-wax","9":"product_tag-heartwood","10":"pa_manufacturer-heartwood","12":"first","13":"instock","14":"taxable","15":"shipping-taxable","16":"purchasable","17":"product-type-simple"},"composite_virtual":false,"composite_layout":"","composite_add_to_cart_form_location":"","composite_editable_in_cart":false,"composite_sold_individually_context":"","composite_shop_price_calc":"","composite_components":[],"composite_scenarios":[],"jetpack_sharing_enabled":true,"_links":{"self":[{"href":"https:\/\/www.boardlife.se\/fr\/wp-json\/wp\/v2\/product\/42569","targetHints":{"allow":["GET"]}}],"collection":[{"href":"https:\/\/www.boardlife.se\/fr\/wp-json\/wp\/v2\/product"}],"about":[{"href":"https:\/\/www.boardlife.se\/fr\/wp-json\/wp\/v2\/types\/product"}],"replies":[{"embeddable":true,"href":"https:\/\/www.boardlife.se\/fr\/wp-json\/wp\/v2\/comments?post=42569"}],"wp:featuredmedia":[{"embeddable":true,"href":"https:\/\/www.boardlife.se\/fr\/wp-json\/wp\/v2\/media\/42571"}],"wp:attachment":[{"href":"https:\/\/www.boardlife.se\/fr\/wp-json\/wp\/v2\/media?parent=42569"}],"wp:term":[{"taxonomy":"product_brand","embeddable":true,"href":"https:\/\/www.boardlife.se\/fr\/wp-json\/wp\/v2\/product_brand?post=42569"},{"taxonomy":"product_cat","embeddable":true,"href":"https:\/\/www.boardlife.se\/fr\/wp-json\/wp\/v2\/product_cat?post=42569"},{"taxonomy":"product_tag","embeddable":true,"href":"https:\/\/www.boardlife.se\/fr\/wp-json\/wp\/v2\/product_tag?post=42569"}],"curies":[{"name":"wp","href":"https:\/\/api.w.org\/{rel}","templated":true}]}}