{"id":41839,"date":"2017-01-05T14:38:54","date_gmt":"2017-01-05T13:38:54","guid":{"rendered":"http:\/\/www.boardlife.se\/?post_type=product&#038;p=41839"},"modified":"2026-04-22T07:50:17","modified_gmt":"2026-04-22T05:50:17","slug":"kendama-en-bois-de-coeur-gotcha","status":"publish","type":"product","link":"https:\/\/www.boardlife.se\/fr\/boutique\/truc\/kendama\/kendama-en-bois-de-coeur-gotcha\/","title":{"rendered":"Kendama Heartwood Gotcha"},"content":{"rendered":"<p>Le Kendama Gotcha de Heartwood est un kendama fabriqu\u00e9 \u00e0 partir de carton. Inspir\u00e9 par Pok\u00e9mon, il est \u00e9quip\u00e9 d&#039;une balle (tama) recouverte d&#039;une peinture adh\u00e9sive qui vous permettra de progresser rapidement. Son excellente prise en main vous ouvrira la voie \u00e0 de nombreuses figures in\u00e9dites. Id\u00e9al pour les d\u00e9butants souhaitant progresser rapidement.<\/p>\n<p>Tous les kendamas Heartwood sont livr\u00e9s avec un sac de transport \u00e9l\u00e9gant, dans lequel vous pouvez ranger votre kendama lorsqu&#039;il n&#039;est pas utilis\u00e9.<\/p>\n<p>Le kendama est un jouet japonais classique en bois, fabriqu\u00e9 \u00e0 partir du meilleur h\u00eatre. Son apparence unique lui conf\u00e8re une poign\u00e9e.<a class=\"glossaryLink cmtt_Kendama\"  aria-describedby=\"tt\"  data-cmtooltip=\"&lt;div class=glossaryItemTitle&gt;Ken&lt;\/div&gt;&lt;div class=glossaryItemBody&gt;Den del av Kendaman som &auml;r sj&auml;lva skaftet med en liten kopp i botten och en spike p&aring; toppen.&lt;\/div&gt;&lt;div class=glossaryTooltipMoreLinkWrapper&gt;&lt;a class=glossaryTooltipMoreLink href=https:\/\/www.boardlife.se\/en\/glossary\/ken\/ &gt;L&auml;s mer&lt;\/a&gt;&lt;\/div&gt;\"  href=\"https:\/\/www.boardlife.se\/en\/glossary\/ken\/\"  data-mobile-support=\"0\"  data-gt-translate-attributes='[{\"attribute\":\"data-cmtooltip\", \"format\":\"html\"}]'>Ken<\/a>), une balle (tama) et une ficelle qui les relie. Un kendama est fabriqu\u00e9 exclusivement selon les normes de l&#039;Association japonaise de kendama, garantissant ainsi poids et qualit\u00e9. Le jeu consiste \u00e0 \u00e9quilibrer la balle avec la poign\u00e9e de diff\u00e9rentes mani\u00e8res. Vous pouvez combiner les mouvements \u00e0 l&#039;infini et ainsi d\u00e9velopper constamment votre concentration, votre coordination et votre endurance. Le kendama est synonyme de cr\u00e9ativit\u00e9, d&#039;\u00e9quilibre et de style\u00a0!<\/p>","protected":false},"excerpt":{"rendered":"<p>Un kendama Pok\u00e9mon \u00e9l\u00e9gant de Heartwood o\u00f9 la balle a une peinture collante qui la rend extr\u00eamement adh\u00e9rente et super amusante pour faire des tours.<\/p>","protected":false},"featured_media":42612,"comment_status":"open","ping_status":"closed","template":"","meta":[],"product_brand":[2570],"product_cat":[579],"product_tag":[1322,1658],"class_list":{"0":"post-41839","1":"product","2":"type-product","3":"status-publish","4":"has-post-thumbnail","6":"product_brand-heartwood","7":"product_cat-kendama","8":"product_tag-heartwood","9":"product_tag-pokemon","10":"pa_extra-extra-snore-med-parla","11":"pa_extra-heartwood-carry-bag","12":"pa_manufacturer-heartwood","14":"first","15":"instock","16":"sale","17":"featured","18":"taxable","19":"shipping-taxable","20":"purchasable","21":"product-type-simple"},"composite_virtual":false,"composite_layout":"","composite_add_to_cart_form_location":"","composite_editable_in_cart":false,"composite_sold_individually_context":"","composite_shop_price_calc":"","composite_components":[],"composite_scenarios":[],"jetpack_sharing_enabled":true,"_links":{"self":[{"href":"https:\/\/www.boardlife.se\/fr\/wp-json\/wp\/v2\/product\/41839","targetHints":{"allow":["GET"]}}],"collection":[{"href":"https:\/\/www.boardlife.se\/fr\/wp-json\/wp\/v2\/product"}],"about":[{"href":"https:\/\/www.boardlife.se\/fr\/wp-json\/wp\/v2\/types\/product"}],"replies":[{"embeddable":true,"href":"https:\/\/www.boardlife.se\/fr\/wp-json\/wp\/v2\/comments?post=41839"}],"wp:featuredmedia":[{"embeddable":true,"href":"https:\/\/www.boardlife.se\/fr\/wp-json\/wp\/v2\/media\/42612"}],"wp:attachment":[{"href":"https:\/\/www.boardlife.se\/fr\/wp-json\/wp\/v2\/media?parent=41839"}],"wp:term":[{"taxonomy":"product_brand","embeddable":true,"href":"https:\/\/www.boardlife.se\/fr\/wp-json\/wp\/v2\/product_brand?post=41839"},{"taxonomy":"product_cat","embeddable":true,"href":"https:\/\/www.boardlife.se\/fr\/wp-json\/wp\/v2\/product_cat?post=41839"},{"taxonomy":"product_tag","embeddable":true,"href":"https:\/\/www.boardlife.se\/fr\/wp-json\/wp\/v2\/product_tag?post=41839"}],"curies":[{"name":"wp","href":"https:\/\/api.w.org\/{rel}","templated":true}]}}