{"id":4015,"date":"2013-05-19T22:30:11","date_gmt":"2013-05-19T20:30:11","guid":{"rendered":"http:\/\/boardlife.se\/?post_type=product&#038;p=4015"},"modified":"2018-06-28T22:56:17","modified_gmt":"2018-06-28T20:56:17","slug":"boardlife-spacers-10mm","status":"publish","type":"product","link":"https:\/\/www.boardlife.se\/fr\/boutique\/skateboard\/composants-de-skateboard\/roulements-de-skateboard\/boardlife-spacers-10mm\/","title":{"rendered":"Entretoises Boardlife 10 mm (4 pi\u00e8ces)"},"content":{"rendered":"<p>Spacers &auml;r en distans man har mellan kullagren i hjulet. De har stor betydelse i att f&ouml;rdela trycket mellan dina kullager, speciellt s&aring; fort du sv&auml;nger eller slidear med din br&auml;da. D&aring; blir spacers &auml;n viktigare att ha. De hj&auml;lper hjulet att uppf&ouml;ra sig stabilare och du bromsar heller inte hjulet lika l&auml;tt n&auml;r du drar &aring;t hjulen med axelmuttern.<\/p>\n<p>10mm l&auml;ngd och en innerdiameter p&aring; 8mm. De passar allts&aring; p&aring; alla standard truckar.<\/p>","protected":false},"excerpt":{"rendered":"<p>Les entretoises sont un excellent moyen d&#039;am\u00e9liorer votre planche. Elles permettent une meilleure r\u00e9partition de la pression sur vos roulements d\u00e8s que vous les tournez ou les sollicitez lat\u00e9ralement. Sans entretoises, le rouleau risque de se d\u00e9t\u00e9riorer sous la pression lat\u00e9rale. Nos entretoises sont vendues par lot de 4.<\/p>","protected":false},"featured_media":46630,"comment_status":"open","ping_status":"closed","template":"","meta":[],"product_brand":[2537],"product_cat":[1866,1307],"product_tag":[881],"class_list":{"0":"post-4015","1":"product","2":"type-product","3":"status-publish","4":"has-post-thumbnail","6":"product_brand-boardlife","7":"product_cat-brickor","8":"product_cat-bearings-skateboard","9":"product_tag-boardlife","10":"pa_manufacturer-boardlife","12":"first","13":"instock","14":"taxable","15":"shipping-taxable","16":"purchasable","17":"product-type-simple"},"composite_virtual":false,"composite_layout":"","composite_add_to_cart_form_location":"","composite_editable_in_cart":false,"composite_sold_individually_context":"","composite_shop_price_calc":"","composite_components":[],"composite_scenarios":[],"jetpack_sharing_enabled":true,"_links":{"self":[{"href":"https:\/\/www.boardlife.se\/fr\/wp-json\/wp\/v2\/product\/4015","targetHints":{"allow":["GET"]}}],"collection":[{"href":"https:\/\/www.boardlife.se\/fr\/wp-json\/wp\/v2\/product"}],"about":[{"href":"https:\/\/www.boardlife.se\/fr\/wp-json\/wp\/v2\/types\/product"}],"replies":[{"embeddable":true,"href":"https:\/\/www.boardlife.se\/fr\/wp-json\/wp\/v2\/comments?post=4015"}],"wp:featuredmedia":[{"embeddable":true,"href":"https:\/\/www.boardlife.se\/fr\/wp-json\/wp\/v2\/media\/46630"}],"wp:attachment":[{"href":"https:\/\/www.boardlife.se\/fr\/wp-json\/wp\/v2\/media?parent=4015"}],"wp:term":[{"taxonomy":"product_brand","embeddable":true,"href":"https:\/\/www.boardlife.se\/fr\/wp-json\/wp\/v2\/product_brand?post=4015"},{"taxonomy":"product_cat","embeddable":true,"href":"https:\/\/www.boardlife.se\/fr\/wp-json\/wp\/v2\/product_cat?post=4015"},{"taxonomy":"product_tag","embeddable":true,"href":"https:\/\/www.boardlife.se\/fr\/wp-json\/wp\/v2\/product_tag?post=4015"}],"curies":[{"name":"wp","href":"https:\/\/api.w.org\/{rel}","templated":true}]}}