{"id":39882,"date":"2016-07-14T11:34:11","date_gmt":"2016-07-14T09:34:11","guid":{"rendered":"http:\/\/www.boardlife.se\/produkt\/heartwood-skate-anatomy-t-shirt\/"},"modified":"2024-06-10T20:23:41","modified_gmt":"2024-06-10T18:23:41","slug":"t-shirt-heartwood-skate-anatomie","status":"publish","type":"product","link":"https:\/\/www.boardlife.se\/fr\/boutique\/vetements-de-rue\/t-shirt\/t-shirt-heartwood-skate-anatomie\/","title":{"rendered":"T-shirt Heartwood Skate Anatomie"},"content":{"rendered":"<p>Ce t-shirt est avant tout une affirmation de style. Si vous \u00eates un passionn\u00e9 de sports de glisse, vous le resterez probablement toute votre vie. Il arbore un joli look vintage et p\u00e8se 160 g\/m\u00b2.<\/p>","protected":false},"excerpt":{"rendered":"<p>Un t-shirt tr\u00e8s \u00e9l\u00e9gant de Heartwood pour ceux qui aiment le style de vie.<\/p>","protected":false},"featured_media":39889,"comment_status":"open","ping_status":"closed","template":"","meta":[],"product_brand":[2570],"product_cat":[1405],"product_tag":[1322],"class_list":{"0":"post-39882","1":"product","2":"type-product","3":"status-publish","4":"has-post-thumbnail","6":"product_brand-heartwood","7":"product_cat-t-shirt","8":"product_tag-heartwood","9":"pa_manufacturer-heartwood","10":"pa_storlekar-l","11":"pa_storlekar-m","12":"pa_storlekar-s","13":"pa_storlekar-xl","15":"first","16":"instock","17":"taxable","18":"shipping-taxable","19":"purchasable","20":"product-type-variable"},"composite_virtual":false,"composite_layout":"","composite_add_to_cart_form_location":"","composite_editable_in_cart":false,"composite_sold_individually_context":"","composite_shop_price_calc":"","composite_components":[],"composite_scenarios":[],"jetpack_sharing_enabled":true,"_links":{"self":[{"href":"https:\/\/www.boardlife.se\/fr\/wp-json\/wp\/v2\/product\/39882","targetHints":{"allow":["GET"]}}],"collection":[{"href":"https:\/\/www.boardlife.se\/fr\/wp-json\/wp\/v2\/product"}],"about":[{"href":"https:\/\/www.boardlife.se\/fr\/wp-json\/wp\/v2\/types\/product"}],"replies":[{"embeddable":true,"href":"https:\/\/www.boardlife.se\/fr\/wp-json\/wp\/v2\/comments?post=39882"}],"wp:featuredmedia":[{"embeddable":true,"href":"https:\/\/www.boardlife.se\/fr\/wp-json\/wp\/v2\/media\/39889"}],"wp:attachment":[{"href":"https:\/\/www.boardlife.se\/fr\/wp-json\/wp\/v2\/media?parent=39882"}],"wp:term":[{"taxonomy":"product_brand","embeddable":true,"href":"https:\/\/www.boardlife.se\/fr\/wp-json\/wp\/v2\/product_brand?post=39882"},{"taxonomy":"product_cat","embeddable":true,"href":"https:\/\/www.boardlife.se\/fr\/wp-json\/wp\/v2\/product_cat?post=39882"},{"taxonomy":"product_tag","embeddable":true,"href":"https:\/\/www.boardlife.se\/fr\/wp-json\/wp\/v2\/product_tag?post=39882"}],"curies":[{"name":"wp","href":"https:\/\/api.w.org\/{rel}","templated":true}]}}