{"id":39541,"date":"2016-06-26T11:18:40","date_gmt":"2016-06-26T09:18:40","guid":{"rendered":"http:\/\/www.boardlife.se\/?post_type=product&#038;p=39541"},"modified":"2026-01-09T12:54:58","modified_gmt":"2026-01-09T11:54:58","slug":"anneaux-de-vitesse-8-pieces","status":"publish","type":"product","link":"https:\/\/www.boardlife.se\/fr\/boutique\/skateboard\/composants-de-skateboard\/roulements-de-skateboard\/anneaux-de-vitesse-8-pieces\/","title":{"rendered":"Anneaux de vitesse Boardlife 8pcs"},"content":{"rendered":"<p>Pour minimiser les frottements entre les roulements et le truck\/\u00e9crou, cette petite rondelle peut faire toute la diff\u00e9rence. Pour les roulements classiques, il est recommand\u00e9 de toujours avoir ces rondelles pour un meilleur roulement et un confort de conduite accru. Il arrive aussi parfois d&#039;en oublier une lors du changement de roues ou de roulements. Voici un jeu de 8 rondelles dont on ne se lasse jamais.<\/p>\n<p><a class=\"glossaryLink cmtt_Komponenter\" aria-describedby=\"tt\" data-cmtooltip=\"&lt;div class=glossaryItemTitle&gt;Speedrings&lt;\/div&gt;&lt;div class=glossaryItemBody&gt;Speedrings &auml;r de sm&aring; brickor som placeras p&aring; b&aring;da sidor om ditt hjul, allts&aring; utanf&ouml;r dina kullager. De g&ouml;r att du f&aring;r ett b&auml;ttre tryck mot dina kullager som inte riskerar att kl&auml;mma fast dem och f&ouml;rs&auml;mra dess rull. &lt;\/div&gt;&lt;div class=glossaryTooltipMoreLinkWrapper&gt;&lt;a class=glossaryTooltipMoreLink href=https:\/\/www.boardlife.se\/glossary\/speedrings\/ &gt;L&auml;s mer&lt;\/a&gt;&lt;\/div&gt;\" href=\"https:\/\/www.boardlife.se\/fr\/glossaire\/anneaux-de-vitesse\/?wmc-currency=EUR\" data-mobile-support=\"0\" data-gt-translate-attributes='[{\"attribute\":\"data-cmtooltip\", \"format\":\"html\"}]'>Anneaux de vitesse<\/a>\/Speed <a class=\"glossaryLink cmtt_Komponenter\" aria-describedby=\"tt\" data-cmtooltip=\"&lt;div class=glossaryItemTitle&gt;Washer&lt;\/div&gt;&lt;div class=glossaryItemBody&gt;Den metallbricka som ligger emot dina bushings. Denna bricka hj&auml;lper till att f&ouml;rdela trycket p&aring; dina bushings s&aring; att du f&aring;r en j&auml;mnare r&ouml;relse in och ut ur sv&auml;ngen. &lt;\/div&gt;&lt;div class=glossaryTooltipMoreLinkWrapper&gt;&lt;a class=glossaryTooltipMoreLink href=https:\/\/www.boardlife.se\/glossary\/washer\/ &gt;L&auml;s mer&lt;\/a&gt;&lt;\/div&gt;\" href=\"https:\/\/www.boardlife.se\/fr\/glossaire\/rondelle\/?wmc-currency=EUR\" data-mobile-support=\"0\" data-gt-translate-attributes='[{\"attribute\":\"data-cmtooltip\", \"format\":\"html\"}]'>rondelles<\/a> b&ouml;r alltid anv&auml;ndas p&aring; alla typer av standardkullager. D&auml;remot s&aring; kan det vara s&aring; att om du anv&auml;nder kullager med <a class=\"glossaryLink\" aria-describedby=\"tt\" data-cmtooltip=\"&lt;div class=glossaryItemTitle&gt;Spacer&lt;\/div&gt;&lt;div class=glossaryItemBody&gt;Spacer &auml;r den distans som ligger mellan dina kullager inne i hjulet. Den fungerar genom att se till att dina kullager inte pressas ihop konstigt om du drar &aring;t din axelmutter. Du kan fortfarande &aring;ka utan den men vill du f&ouml;rs&auml;kra dig om att kullagerbanorna inte blir skeva eller bromsar upp ditt hjul n&auml;r du sv&auml;nger &auml;r det rekommenderat att anv&auml;nda detta. En liten kostnad f&ouml;r att f&ouml;rb&auml;ttra. Vissa kullager har redan detta inbyggt p&aring; sig, denna typ av kullager kallas oftast f&ouml;r built-in.&lt;\/div&gt;&lt;div class=cmtt_synonyms_wrapper&gt;&lt;div class=cmtt_synonyms_title&gt;Synonym: &lt;\/div&gt;&lt;div class=cmtt_synonyms&gt;Built-in&lt;\/div&gt;&lt;\/div&gt;&lt;div class=glossaryTooltipMoreLinkWrapper&gt;&lt;a class=glossaryTooltipMoreLink href=https:\/\/www.boardlife.se\/glossary\/spacer\/ &gt;L&auml;s mer&lt;\/a&gt;&lt;\/div&gt;\" href=\"https:\/\/www.boardlife.se\/fr\/glossaire\/entretoise\/?wmc-currency=EUR\" data-mobile-support=\"0\" data-gt-translate-attributes='[{\"attribute\":\"data-cmtooltip\", \"format\":\"html\"}]'>int\u00e9gr\u00e9<\/a> spacer och washer s&aring; &auml;r dessa redan lite mer utstickande p&aring; yttersidorna f&ouml;r att du inte ska beh&ouml;va dessa. Det &auml;r givetvis ingen fara om du &auml;nd&aring; tar p&aring; extra speedrings men d&auml;remot kan det g&ouml;ra att din truckaxel inte helt r&auml;cker till f&ouml;r att muttern ska kunna skruvas p&aring; helt (kan skilja en del &aring;t mellan tillverkare).<\/p>","protected":false},"excerpt":{"rendered":"<p>Speedrings kan tyckas obetydligt men de g\u00f6r i sj\u00e4lva verket stor skillnad f\u00f6r belastningen p\u00e5 dina kullager. Framf\u00f6rallt varje g\u00e5ng du pressar hjulen i sv\u00e4ng eller slide s\u00e5 skapas ett tryck fr\u00e5n sidan p\u00e5 kullagren och hjulen. En speedring p\u00e5 b\u00e5da sidor av ditt hjul g\u00f6r att du f\u00e5r en mer j\u00e4mn belastning.<\/p>\n<p>Dessa speedrings finns b\u00e5de i svart och i silver. V\u00e4lj det som passar din setup b\u00e4st.<\/p>","protected":false},"featured_media":39542,"comment_status":"open","ping_status":"closed","template":"","meta":[],"product_brand":[2537],"product_cat":[1866,1307],"product_tag":[],"class_list":{"0":"post-39541","1":"product","2":"type-product","3":"status-publish","4":"has-post-thumbnail","6":"product_brand-boardlife","7":"product_cat-brickor","8":"product_cat-bearings-skateboard","9":"pa_color-black","10":"pa_color-silver","11":"pa_manufacturer-boardlife","13":"first","14":"instock","15":"featured","16":"taxable","17":"shipping-taxable","18":"purchasable","19":"product-type-variable","20":"has-default-attributes"},"composite_virtual":false,"composite_layout":"","composite_add_to_cart_form_location":"","composite_editable_in_cart":false,"composite_sold_individually_context":"","composite_shop_price_calc":"","composite_components":[],"composite_scenarios":[],"jetpack_sharing_enabled":true,"_links":{"self":[{"href":"https:\/\/www.boardlife.se\/fr\/wp-json\/wp\/v2\/product\/39541","targetHints":{"allow":["GET"]}}],"collection":[{"href":"https:\/\/www.boardlife.se\/fr\/wp-json\/wp\/v2\/product"}],"about":[{"href":"https:\/\/www.boardlife.se\/fr\/wp-json\/wp\/v2\/types\/product"}],"replies":[{"embeddable":true,"href":"https:\/\/www.boardlife.se\/fr\/wp-json\/wp\/v2\/comments?post=39541"}],"wp:featuredmedia":[{"embeddable":true,"href":"https:\/\/www.boardlife.se\/fr\/wp-json\/wp\/v2\/media\/39542"}],"wp:attachment":[{"href":"https:\/\/www.boardlife.se\/fr\/wp-json\/wp\/v2\/media?parent=39541"}],"wp:term":[{"taxonomy":"product_brand","embeddable":true,"href":"https:\/\/www.boardlife.se\/fr\/wp-json\/wp\/v2\/product_brand?post=39541"},{"taxonomy":"product_cat","embeddable":true,"href":"https:\/\/www.boardlife.se\/fr\/wp-json\/wp\/v2\/product_cat?post=39541"},{"taxonomy":"product_tag","embeddable":true,"href":"https:\/\/www.boardlife.se\/fr\/wp-json\/wp\/v2\/product_tag?post=39541"}],"curies":[{"name":"wp","href":"https:\/\/api.w.org\/{rel}","templated":true}]}}