{"id":38183,"date":"2016-07-28T14:02:59","date_gmt":"2016-07-28T12:02:59","guid":{"rendered":"http:\/\/www.boardlife.se\/produkt\/terra-kendama-pill-rasta\/"},"modified":"2026-04-29T21:32:09","modified_gmt":"2026-04-29T19:32:09","slug":"pilule-terra-kendama-rasta","status":"publish","type":"product","link":"https:\/\/www.boardlife.se\/fr\/boutique\/truc\/kendama\/pilule-terra-kendama-rasta\/","title":{"rendered":"Terra Kendama \u2013 La pilule rasta"},"content":{"rendered":"<p>Terra Kendama \u2013 La pilule Rasta<\/p>\n<p>Ay mon ! Voici la Rasta Silk, la peinture la plus relaxante du moment. Ce coloris bicolore est inspir\u00e9 de notre kendama Tribute Rasta et des nombreuses demandes que nous avons re\u00e7ues. Notre peinture effet soie, tr\u00e8s appr\u00e9ci\u00e9e, offre une excellente adh\u00e9rence, permettant des ajustements pr\u00e9cis lors des figures d&#039;\u00e9quilibre. Appr\u00e9ci\u00e9e des joueurs, la peinture effet soie vous aidera \u00e0 am\u00e9liorer votre prise en main et vos figures.<\/p>\n<p>Chaque Rasta Silk Pill est livr\u00e9e dans un emballage professionnel et comprend un manuel d&#039;instructions, des autocollants gratuits, ainsi qu&#039;un cordon et un paquet de perles de rechange.<\/p>\n<p><iframe loading=\"lazy\" src=\"https:\/\/www.youtube.com\/embed\/rhS-cSC-z2s\" width=\"560\" height=\"315\" frameborder=\"0\" allowfullscreen=\"allowfullscreen\"><\/iframe><\/p>","protected":false},"excerpt":{"rendered":"<p>Terra Kendama &#8211; The Pill Rasta Ay mon! Featuring the most chill pill around, the Rasta Silk. This trip split color way was inspired by our Tribute Rasta Kendama and the many requests we received for it. Our popular silk paint\u00a0have a great tackiness that\u00a0allows for small adjustments during balance tricks. The Silk style paint is a player favorite and [&hellip;]<\/p>","protected":false},"featured_media":38210,"comment_status":"closed","ping_status":"closed","template":"","meta":[],"product_brand":[],"product_cat":[579,1660],"product_tag":[1362],"class_list":{"0":"post-38183","1":"product","2":"type-product","3":"status-publish","4":"has-post-thumbnail","6":"product_cat-kendama","7":"product_cat-pill","8":"product_tag-terra-kendama","9":"pa_manufacturer-terra-kendama","11":"first","12":"instock","13":"sale","14":"taxable","15":"shipping-taxable","16":"purchasable","17":"product-type-simple"},"composite_virtual":false,"composite_layout":"","composite_add_to_cart_form_location":"","composite_editable_in_cart":false,"composite_sold_individually_context":"","composite_shop_price_calc":"","composite_components":[],"composite_scenarios":[],"jetpack_sharing_enabled":true,"_links":{"self":[{"href":"https:\/\/www.boardlife.se\/fr\/wp-json\/wp\/v2\/product\/38183","targetHints":{"allow":["GET"]}}],"collection":[{"href":"https:\/\/www.boardlife.se\/fr\/wp-json\/wp\/v2\/product"}],"about":[{"href":"https:\/\/www.boardlife.se\/fr\/wp-json\/wp\/v2\/types\/product"}],"replies":[{"embeddable":true,"href":"https:\/\/www.boardlife.se\/fr\/wp-json\/wp\/v2\/comments?post=38183"}],"wp:featuredmedia":[{"embeddable":true,"href":"https:\/\/www.boardlife.se\/fr\/wp-json\/wp\/v2\/media\/38210"}],"wp:attachment":[{"href":"https:\/\/www.boardlife.se\/fr\/wp-json\/wp\/v2\/media?parent=38183"}],"wp:term":[{"taxonomy":"product_brand","embeddable":true,"href":"https:\/\/www.boardlife.se\/fr\/wp-json\/wp\/v2\/product_brand?post=38183"},{"taxonomy":"product_cat","embeddable":true,"href":"https:\/\/www.boardlife.se\/fr\/wp-json\/wp\/v2\/product_cat?post=38183"},{"taxonomy":"product_tag","embeddable":true,"href":"https:\/\/www.boardlife.se\/fr\/wp-json\/wp\/v2\/product_tag?post=38183"}],"curies":[{"name":"wp","href":"https:\/\/api.w.org\/{rel}","templated":true}]}}