{"id":37619,"date":"2016-05-11T11:22:15","date_gmt":"2016-05-11T09:22:15","guid":{"rendered":"http:\/\/www.boardlife.se\/produkt\/blood-orange-double-cone-bushings-2\/"},"modified":"2024-07-30T11:58:46","modified_gmt":"2024-07-30T09:58:46","slug":"douilles-a-double-cone-orange-sanguine-2","status":"publish","type":"product","link":"https:\/\/www.boardlife.se\/fr\/boutique\/longboard\/composants-de-longboard\/bagues-de-longboard\/douilles-a-double-cone-orange-sanguine-2\/","title":{"rendered":"Bagues \u00e0 double c\u00f4ne \u00e0 l&#039;orange sanguine"},"content":{"rendered":"<p>Sk&ouml;na <a class=\"glossaryLink cmtt_Komponenter\" aria-describedby=\"tt\" data-cmtooltip=\"&lt;div class=glossaryItemTitle&gt;Bushings&lt;\/div&gt;&lt;div class=glossaryItemBody&gt;Bushings finns i dina truckar och &auml;r den &amp;quot;mjuka&amp;quot; del som reglerar hur mycket dina truckar ska sv&auml;nga n&auml;r du lutar dig p&aring; br&auml;dan.&lt;\/div&gt;&lt;div class=cmtt_synonyms_wrapper&gt;&lt;div class=cmtt_synonyms_title&gt;Synonymer: &lt;\/div&gt;&lt;div class=cmtt_synonyms&gt;bussningar&lt;\/div&gt;&lt;\/div&gt;&lt;div class=glossaryTooltipMoreLinkWrapper&gt;&lt;a class=glossaryTooltipMoreLink href=https:\/\/www.boardlife.se\/fr\/glossaire\/bagues\/ &gt;L&auml;s mer&lt;\/a&gt;&lt;\/div&gt;\" href=\"https:\/\/www.boardlife.se\/fr\/glossaire\/bagues\/\" data-mobile-support=\"0\" data-gt-translate-attributes='[{\"attribute\":\"data-cmtooltip\", \"format\":\"html\"}]'>bagues<\/a> ifr&aring;n Blood Orange.<\/p>\n<p>Carverserien ger dig mindre motst&aring;nd i sv&auml;ngarna och till&aring;ter dig att sv&auml;nga djupare och kvickare. Uppgradera dina bushings med dessa &ldquo;Ultra High <a class=\"glossaryLink cmtt_Komponenter cmtt_&Aring;kning\" aria-describedby=\"tt\" data-cmtooltip=\"&lt;div class=glossaryItemTitle&gt;Rebound&lt;\/div&gt;&lt;div class=glossaryItemBody&gt;Rebound &auml;r den kraft som n&aring;got ger tillbaka efter att man exempelvis pressat sina bushings, truckar, hjul eller br&auml;da i en viss riktning. En h&ouml;gre rebound betyder en starkare kraft tillbaka till sitt ursprungsl&auml;ge.&lt;\/div&gt;&lt;div class=glossaryTooltipMoreLinkWrapper&gt;&lt;a class=glossaryTooltipMoreLink href=https:\/\/www.boardlife.se\/fr\/glossaire\/rebond\/ &gt;L&auml;s mer&lt;\/a&gt;&lt;\/div&gt;\" href=\"https:\/\/www.boardlife.se\/fr\/glossaire\/rebond\/\" data-mobile-support=\"0\" data-gt-translate-attributes='[{\"attribute\":\"data-cmtooltip\", \"format\":\"html\"}]'>rebond<\/a>&rdquo; bushings och upplev skillnaden.<\/p>\n<p>Fonctionne avec la plupart des types de camions, y compris Caliber, Randal, Paris, Bear et autres.<\/p>\n<p>Le paquet contient 2 bagues \u00e0 double c\u00f4ne.<\/p>\n<p>Commandez deux jeux si vous devez remplacer les bagues sur les deux camions.<br>\nDisponible en cinq duret\u00e9s : 80a, 83a, 86a, 89a et 92a<\/p>\n<p>Formule : Rebond ultra-\u00e9lev\u00e9<\/p>","protected":false},"excerpt":{"rendered":"<p>Les bagues coniques sont id\u00e9ales pour ceux qui souhaitent augmenter la puissance de virage de leurs trucks. Une astuce consiste \u00e0 combiner votre truck avec un corps droit en bas et un c\u00f4ne en haut. Il est \u00e9galement possible d&#039;utiliser deux bagues coniques dans chaque truck.<\/p>","protected":false},"featured_media":10381,"comment_status":"open","ping_status":"closed","template":"","meta":[],"product_brand":[2544],"product_cat":[85],"product_tag":[],"class_list":{"0":"post-37619","1":"product","2":"type-product","3":"status-publish","4":"has-post-thumbnail","6":"product_brand-carver-skateboards","7":"product_cat-bushings-longboard","8":"pa_durometer-blood-orange-blood-orange-bushings-80a","9":"pa_durometer-blood-orange-blood-orange-bushings-83a","10":"pa_durometer-blood-orange-blood-orange-bushings-86a","11":"pa_durometer-blood-orange-blood-orange-bushings-89a","12":"pa_durometer-blood-orange-blood-orange-bushings-92a","13":"pa_manufacturer-blood-orange","15":"first","16":"instock","17":"taxable","18":"shipping-taxable","19":"purchasable","20":"product-type-variable"},"composite_virtual":false,"composite_layout":"","composite_add_to_cart_form_location":"","composite_editable_in_cart":false,"composite_sold_individually_context":"","composite_shop_price_calc":"","composite_components":[],"composite_scenarios":[],"jetpack_sharing_enabled":true,"_links":{"self":[{"href":"https:\/\/www.boardlife.se\/fr\/wp-json\/wp\/v2\/product\/37619","targetHints":{"allow":["GET"]}}],"collection":[{"href":"https:\/\/www.boardlife.se\/fr\/wp-json\/wp\/v2\/product"}],"about":[{"href":"https:\/\/www.boardlife.se\/fr\/wp-json\/wp\/v2\/types\/product"}],"replies":[{"embeddable":true,"href":"https:\/\/www.boardlife.se\/fr\/wp-json\/wp\/v2\/comments?post=37619"}],"wp:featuredmedia":[{"embeddable":true,"href":"https:\/\/www.boardlife.se\/fr\/wp-json\/wp\/v2\/media\/10381"}],"wp:attachment":[{"href":"https:\/\/www.boardlife.se\/fr\/wp-json\/wp\/v2\/media?parent=37619"}],"wp:term":[{"taxonomy":"product_brand","embeddable":true,"href":"https:\/\/www.boardlife.se\/fr\/wp-json\/wp\/v2\/product_brand?post=37619"},{"taxonomy":"product_cat","embeddable":true,"href":"https:\/\/www.boardlife.se\/fr\/wp-json\/wp\/v2\/product_cat?post=37619"},{"taxonomy":"product_tag","embeddable":true,"href":"https:\/\/www.boardlife.se\/fr\/wp-json\/wp\/v2\/product_tag?post=37619"}],"curies":[{"name":"wp","href":"https:\/\/api.w.org\/{rel}","templated":true}]}}