{"id":37603,"date":"2016-05-11T11:02:48","date_gmt":"2016-05-11T09:02:48","guid":{"rendered":"http:\/\/www.boardlife.se\/produkt\/blood-orange-wedge-bushings\/"},"modified":"2024-07-30T11:58:46","modified_gmt":"2024-07-30T09:58:46","slug":"blood-orange-wedge-bushings","status":"publish","type":"product","link":"https:\/\/www.boardlife.se\/fr\/boutique\/longboard\/composants-de-longboard\/bagues-de-longboard\/blood-orange-wedge-bushings\/","title":{"rendered":"Bagues compens\u00e9es orange sanguine"},"content":{"rendered":"<p>Blood Orange Wedge &auml;r en <a class=\"glossaryLink cmtt_Komponenter\" aria-describedby=\"tt\" data-cmtooltip=\"&lt;div class=glossaryItemTitle&gt;Bushings&lt;\/div&gt;&lt;div class=glossaryItemBody&gt;Bushings finns i dina truckar och &auml;r den &amp;quot;mjuka&amp;quot; del som reglerar hur mycket dina truckar ska sv&auml;nga n&auml;r du lutar dig p&aring; br&auml;dan.&lt;\/div&gt;&lt;div class=cmtt_synonyms_wrapper&gt;&lt;div class=cmtt_synonyms_title&gt;Synonymer: &lt;\/div&gt;&lt;div class=cmtt_synonyms&gt;bussningar&lt;\/div&gt;&lt;\/div&gt;&lt;div class=glossaryTooltipMoreLinkWrapper&gt;&lt;a class=glossaryTooltipMoreLink href=https:\/\/www.boardlife.se\/fr\/glossaire\/bagues\/ &gt;L&auml;s mer&lt;\/a&gt;&lt;\/div&gt;\" href=\"https:\/\/www.boardlife.se\/fr\/glossaire\/bagues\/\" data-mobile-support=\"0\" data-gt-translate-attributes='[{\"attribute\":\"data-cmtooltip\", \"format\":\"html\"}]'>bague<\/a> som ska erbjuda mer stabilitet d&aring; den l&aring;ser sin position i bushings&auml;tet. Kraften som den uts&auml;tts f&ouml;r g&ouml;r ocks&aring; att den inte blir lika flexibel som standardbushings. F&ouml;r dig som k&ouml;r p&aring; Caliber II &auml;r Wedge en standard-bushing som sitter n&auml;rmast br&auml;dan. Det &auml;r ocks&aring; p&aring; denna sida som din bushing uts&auml;tts f&ouml;r mest kraft. Du kan helt enkelt v&auml;lja en bushing av en annan h&aring;rdhet om du vill f&ouml;r&auml;ndra egenskaperna p&aring; din truck.<\/p>\n<p>Med en wedge f&aring;r du allts&aring; mer motst&aring;nd &auml;r en bushing av typen cone eller barrel. Speciellt om du har h&ouml;g kraft och fart n&auml;r du sv&auml;nger. Du f&aring;r en enhetlig <a class=\"glossaryLink cmtt_Komponenter cmtt_&Aring;kning\"  aria-describedby=\"tt\"  data-cmtooltip=\"&lt;div class=glossaryItemTitle&gt;Lean&lt;\/div&gt;&lt;div class=glossaryItemBody&gt;Alla truckar f&aring;r br&auml;dan att luta n&auml;r man sv&auml;nger med dem. Hur mycket lutning de ger beror p&aring; vilken truckvinkel och konstruktion trucken har. Denna lutning beskrivs som lean, och beh&ouml;ver inte i f&ouml;rsta hand beskriva hur v&auml;l dina truckar sv&auml;nger utan snarare lutningen de har i sv&auml;ngen.  &lt;\/div&gt;&lt;div class=glossaryTooltipMoreLinkWrapper&gt;&lt;a class=glossaryTooltipMoreLink href=https:\/\/www.boardlife.se\/fr\/glossaire\/maigre\/ &gt;L&auml;s mer&lt;\/a&gt;&lt;\/div&gt;\"  href=\"https:\/\/www.boardlife.se\/fr\/glossaire\/maigre\/\"  data-mobile-support=\"0\"  data-gt-translate-attributes='[{\"attribute\":\"data-cmtooltip\", \"format\":\"html\"}]'>maigre<\/a> och en kvick return. En wedge funkar allts&aring; bra f&ouml;r tuffare freeride eller f&ouml;r dig som kanske k&ouml;r elektrisk longboard i h&ouml;gre hastighet men som vill ha en p&aring;litlig stabilitet.<\/p>\n<p>&nbsp;<\/p>\n<p>Blood Orange Wedge Bushings kommer i durometer p&aring;&nbsp;80a, 83a, 86a, 89a, and 92a<\/p>","protected":false},"excerpt":{"rendered":"<p>Les bagues Wedge offrent g\u00e9n\u00e9ralement plus de stabilit\u00e9 car elles se verrouillent dans leur logement. Pour les pilotes de Caliber II, la Wedge est une bague standard qui se place au plus pr\u00e8s de la planche. Vous pouvez simplement choisir une bague d&#039;une duret\u00e9 diff\u00e9rente pour modifier les caract\u00e9ristiques de votre truck.<\/p>","protected":false},"featured_media":37609,"comment_status":"open","ping_status":"closed","template":"","meta":[],"product_brand":[2536],"product_cat":[85],"product_tag":[],"class_list":{"0":"post-37603","1":"product","2":"type-product","3":"status-publish","4":"has-post-thumbnail","6":"product_brand-blood-orange","7":"product_cat-bushings-longboard","8":"pa_durometer-blood-orange-blood-orange-bushings-80a","9":"pa_durometer-blood-orange-blood-orange-bushings-83a","10":"pa_durometer-blood-orange-blood-orange-bushings-86a","11":"pa_durometer-blood-orange-blood-orange-bushings-89a","12":"pa_durometer-blood-orange-blood-orange-bushings-92a","13":"pa_manufacturer-blood-orange","14":"pa_manufacturer-caliber-truck-co","16":"first","17":"instock","18":"sale","19":"taxable","20":"shipping-taxable","21":"purchasable","22":"product-type-variable"},"composite_virtual":false,"composite_layout":"","composite_add_to_cart_form_location":"","composite_editable_in_cart":false,"composite_sold_individually_context":"","composite_shop_price_calc":"","composite_components":[],"composite_scenarios":[],"jetpack_sharing_enabled":true,"_links":{"self":[{"href":"https:\/\/www.boardlife.se\/fr\/wp-json\/wp\/v2\/product\/37603","targetHints":{"allow":["GET"]}}],"collection":[{"href":"https:\/\/www.boardlife.se\/fr\/wp-json\/wp\/v2\/product"}],"about":[{"href":"https:\/\/www.boardlife.se\/fr\/wp-json\/wp\/v2\/types\/product"}],"replies":[{"embeddable":true,"href":"https:\/\/www.boardlife.se\/fr\/wp-json\/wp\/v2\/comments?post=37603"}],"wp:featuredmedia":[{"embeddable":true,"href":"https:\/\/www.boardlife.se\/fr\/wp-json\/wp\/v2\/media\/37609"}],"wp:attachment":[{"href":"https:\/\/www.boardlife.se\/fr\/wp-json\/wp\/v2\/media?parent=37603"}],"wp:term":[{"taxonomy":"product_brand","embeddable":true,"href":"https:\/\/www.boardlife.se\/fr\/wp-json\/wp\/v2\/product_brand?post=37603"},{"taxonomy":"product_cat","embeddable":true,"href":"https:\/\/www.boardlife.se\/fr\/wp-json\/wp\/v2\/product_cat?post=37603"},{"taxonomy":"product_tag","embeddable":true,"href":"https:\/\/www.boardlife.se\/fr\/wp-json\/wp\/v2\/product_tag?post=37603"}],"curies":[{"name":"wp","href":"https:\/\/api.w.org\/{rel}","templated":true}]}}