{"id":37121,"date":"2016-04-28T10:51:46","date_gmt":"2016-04-28T08:51:46","guid":{"rendered":"http:\/\/www.boardlife.se\/produkt\/mini-logo-trucks-838\/"},"modified":"2025-11-04T02:15:13","modified_gmt":"2025-11-04T01:15:13","slug":"camions-mini-logo-838","status":"publish","type":"product","link":"https:\/\/www.boardlife.se\/fr\/boutique\/skateboard\/composants-de-skateboard\/camions-skateboard\/camions-mini-logo-838\/","title":{"rendered":"Mini Logo Trucks Poli Brut 8,38\u2033"},"content":{"rendered":"<p>MINI CAMIONS AVEC LOGO 8,38\u2033<\/p>\n<h2>\u00c0 propos des camions Mini Logo\u2122<\/h2>\n<div class=\"std\">\n<p>Nos nouveaux trucks haute performance Mini Logo\u2122 allient robustesse, stabilit\u00e9 et maniabilit\u00e9 dans une conception l\u00e9g\u00e8re avec des alliages haut de gamme et des pneus haute performance.<a class=\"glossaryLink cmtt_Komponenter cmtt_&Aring;kning\" aria-describedby=\"tt\" data-cmtooltip=\"&lt;div class=glossaryItemTitle&gt;Rebound&lt;\/div&gt;&lt;div class=glossaryItemBody&gt;Rebound &auml;r den kraft som n&aring;got ger tillbaka efter att man exempelvis pressat sina bushings, truckar, hjul eller br&auml;da i en viss riktning. En h&ouml;gre rebound betyder en starkare kraft tillbaka till sitt ursprungsl&auml;ge.&lt;\/div&gt;&lt;div class=glossaryTooltipMoreLinkWrapper&gt;&lt;a class=glossaryTooltipMoreLink href=https:\/\/www.boardlife.se\/glossary\/rebound\/ &gt;L&auml;s mer&lt;\/a&gt;&lt;\/div&gt;\" href=\"https:\/\/www.boardlife.se\/fr\/glossaire\/rebond\/?wmc-currency=EUR\" data-mobile-support=\"0\" data-gt-translate-attributes='[{\"attribute\":\"data-cmtooltip\", \"format\":\"html\"}]'>rebond<\/a> <a class=\"glossaryLink cmtt_Komponenter\" aria-describedby=\"tt\" data-cmtooltip=\"&lt;div class=glossaryItemTitle&gt;Bushings&lt;\/div&gt;&lt;div class=glossaryItemBody&gt;Bushings finns i dina truckar och &auml;r den &amp;quot;mjuka&amp;quot; del som reglerar hur mycket dina truckar ska sv&auml;nga n&auml;r du lutar dig p&aring; br&auml;dan.&lt;\/div&gt;&lt;div class=cmtt_synonyms_wrapper&gt;&lt;div class=cmtt_synonyms_title&gt;Synonym: &lt;\/div&gt;&lt;div class=cmtt_synonyms&gt;bussningar&lt;\/div&gt;&lt;\/div&gt;&lt;div class=glossaryTooltipMoreLinkWrapper&gt;&lt;a class=glossaryTooltipMoreLink href=https:\/\/www.boardlife.se\/glossary\/bushings\/ &gt;L&auml;s mer&lt;\/a&gt;&lt;\/div&gt;\" href=\"https:\/\/www.boardlife.se\/fr\/glossaire\/bagues\/?wmc-currency=EUR\" data-mobile-support=\"0\" data-gt-translate-attributes='[{\"attribute\":\"data-cmtooltip\", \"format\":\"html\"}]'>bagues<\/a>et des axes de pr\u00e9cision. D\u00e9velopp\u00e9es et test\u00e9es chez Skate One, la forme, les mat\u00e9riaux et les finitions ont \u00e9t\u00e9 optimis\u00e9s pour les patineurs MILITANT d\u00e8s les premiers virages et grinds \u2014 aucun rodage n\u00e9cessaire !<\/p>\n<ul>\n<li>Axes de pr\u00e9cision de 8 mm l\u00e9g\u00e8rement incurv\u00e9s <a class=\"glossaryLink cmtt_Komponenter\" aria-describedby=\"tt\" data-cmtooltip=\"&lt;div class=glossaryItemTitle&gt;Hanger&lt;\/div&gt;&lt;div class=glossaryItemBody&gt;Truckar best&aring;r av en basplatta och en hanger. Hanger &auml;r den del som &auml;r sj&auml;lva hjulaxeln. &lt;\/div&gt;&lt;div class=glossaryTooltipMoreLinkWrapper&gt;&lt;a class=glossaryTooltipMoreLink href=https:\/\/www.boardlife.se\/glossary\/hanger\/ &gt;L&auml;s mer&lt;\/a&gt;&lt;\/div&gt;\" href=\"https:\/\/www.boardlife.se\/fr\/glossaire\/cintre\/?wmc-currency=EUR\" data-mobile-support=\"0\" data-gt-translate-attributes='[{\"attribute\":\"data-cmtooltip\", \"format\":\"html\"}]'>cintre<\/a> pour vous enfermer dans des t\u00e2ches r\u00e9p\u00e9titives<\/li>\n<li>Douilles en ur\u00e9thane \u00e0 rebond ultra-\u00e9lev\u00e9 pour un contr\u00f4le souple et pr\u00e9cis<\/li>\n<li>support et plaque de base l\u00e9gers<\/li>\n<li>Garantie \u00e0 vie contre les d\u00e9fauts de fabrication<\/li>\n<\/ul>\n<ul>\n<li>Trucks de 7,63 pouces (avec gommes souples) \u2013 compatibles avec les skateboards de 7,5 \u00e0 7,88 pouces<\/li>\n<li>Trucks de 8 pouces (avec gommes moyennes) \u2013 compatibles avec les skateboards de 7,88 \u00e0 8,25 pouces<\/li>\n<li>Trucks de 8,38 pouces (avec gommes moyennes) \u2013 compatibles avec les skateboards de 8,25 \u00e0 8,75 pouces<\/li>\n<li>Trucks de 8,75 pouces (avec gommes moyennes) \u2013 pour skateboards de 8,5 pouces et plus<\/li>\n<\/ul>\n<\/div>\n<h2>\u00c0 propos des ensembles de camions Mini Logo\u2122<\/h2>\n<div class=\"std\">\n<p>Les trucks, roues et roulements Mini Logo\u2122 sont r\u00e9unis dans un pack \u00e0 petit prix. Procurez-vous un sous-ensemble Mini Logo\u2122, une planche et du grip, et c&#039;est parti pour rider\u00a0!<\/p>\n<ul>\n<li>Des trucks Mini Logo\u2122 qui tournent et grinder en douceur d\u00e8s leur sortie de l&#039;emballage<\/li>\n<li>Roues Mini Logo\u2122 \u00e0 rebond \u00e9lev\u00e9 et longue dur\u00e9e de vie<\/li>\n<li>Technologie de roulements Mini Logo\u2122 Skate Rated<\/li>\n<li>Garantie \u00e0 vie contre les d\u00e9fauts de fabrication<\/li>\n<\/ul>\n<\/div>","protected":false},"excerpt":{"rendered":"<p>Prisv\u00e4rda truckar fr\u00e5n Mini Logo. Denna modell \u00e4r anpassad f\u00f6r br\u00e4dor med bredden 8.25&#8243;-8.75&#8243;.<\/p>","protected":false},"featured_media":48675,"comment_status":"open","ping_status":"closed","template":"","meta":[],"product_brand":[2586],"product_cat":[1306],"product_tag":[1377],"class_list":{"0":"post-37121","1":"product","2":"type-product","3":"status-publish","4":"has-post-thumbnail","6":"product_brand-mini-logo","7":"product_cat-trucks-skateboard","8":"product_tag-mini-logo","9":"pa_manufacturer-mini-logo","11":"first","12":"outofstock","13":"taxable","14":"shipping-taxable","15":"purchasable","16":"product-type-simple"},"composite_virtual":false,"composite_layout":"","composite_add_to_cart_form_location":"","composite_editable_in_cart":false,"composite_sold_individually_context":"","composite_shop_price_calc":"","composite_components":[],"composite_scenarios":[],"jetpack_sharing_enabled":true,"_links":{"self":[{"href":"https:\/\/www.boardlife.se\/fr\/wp-json\/wp\/v2\/product\/37121","targetHints":{"allow":["GET"]}}],"collection":[{"href":"https:\/\/www.boardlife.se\/fr\/wp-json\/wp\/v2\/product"}],"about":[{"href":"https:\/\/www.boardlife.se\/fr\/wp-json\/wp\/v2\/types\/product"}],"replies":[{"embeddable":true,"href":"https:\/\/www.boardlife.se\/fr\/wp-json\/wp\/v2\/comments?post=37121"}],"wp:featuredmedia":[{"embeddable":true,"href":"https:\/\/www.boardlife.se\/fr\/wp-json\/wp\/v2\/media\/48675"}],"wp:attachment":[{"href":"https:\/\/www.boardlife.se\/fr\/wp-json\/wp\/v2\/media?parent=37121"}],"wp:term":[{"taxonomy":"product_brand","embeddable":true,"href":"https:\/\/www.boardlife.se\/fr\/wp-json\/wp\/v2\/product_brand?post=37121"},{"taxonomy":"product_cat","embeddable":true,"href":"https:\/\/www.boardlife.se\/fr\/wp-json\/wp\/v2\/product_cat?post=37121"},{"taxonomy":"product_tag","embeddable":true,"href":"https:\/\/www.boardlife.se\/fr\/wp-json\/wp\/v2\/product_tag?post=37121"}],"curies":[{"name":"wp","href":"https:\/\/api.w.org\/{rel}","templated":true}]}}