{"id":36640,"date":"2016-04-20T09:22:43","date_gmt":"2016-04-20T07:22:43","guid":{"rendered":"http:\/\/www.boardlife.se\/produkt\/sweets-kendamas-f3-haze-gold-white\/"},"modified":"2025-12-05T12:54:00","modified_gmt":"2025-12-05T11:54:00","slug":"bonbons-kendamas-f3-haze-or-blanc","status":"publish","type":"product","link":"https:\/\/www.boardlife.se\/fr\/boutique\/truc\/kendama\/bonbons-kendamas-f3-haze-or-blanc\/","title":{"rendered":"Sweets Kendamas F3 Haze Or Blanc"},"content":{"rendered":"<p><strong>Sweets Kendamas F3 Haze Or Blanc<\/strong><\/p>\n<p>La Tama Gold\/White Haze pr\u00e9sente une base blanche avec un effet dor\u00e9 vaporeux par-dessus. Chaque exemplaire est unique !<\/p>\n<p>Finition avec notre vernis Pro Clear haute brillance. Les kendamas F3 sont livr\u00e9s dans une bo\u00eete contenant un manuel d&#039;instructions, une ficelle et une perle de rechange, ainsi que des autocollants.<\/p>\n<p><span style=\"line-height: 1.5;\">18 cm<\/span><\/p>","protected":false},"excerpt":{"rendered":"<p>Kendamas Sweets F3 Haze Gold White. La tama Gold\/White Haze pr\u00e9sente une base blanche avec un effet dor\u00e9 vaporeux. Chaque pi\u00e8ce est unique ! Finition avec notre vernis transparent brillant Pro Clear. Les Kendamas F3 sont livr\u00e9s dans une bo\u00eete avec un guide d&#039;utilisation, une ficelle et une perle de rechange, ainsi que des autocollants. 18 cm<\/p>","protected":false},"featured_media":36641,"comment_status":"open","ping_status":"closed","template":"","meta":[],"product_brand":[2616],"product_cat":[579],"product_tag":[1371],"class_list":{"0":"post-36640","1":"product","2":"type-product","3":"status-publish","4":"has-post-thumbnail","6":"product_brand-sweets-kendama","7":"product_cat-kendama","8":"product_tag-sweets-kendamas","9":"pa_manufacturer-sweets-kendamas","11":"first","12":"outofstock","13":"sale","14":"taxable","15":"shipping-taxable","16":"purchasable","17":"product-type-simple"},"composite_virtual":false,"composite_layout":"","composite_add_to_cart_form_location":"","composite_editable_in_cart":false,"composite_sold_individually_context":"","composite_shop_price_calc":"","composite_components":[],"composite_scenarios":[],"jetpack_sharing_enabled":true,"_links":{"self":[{"href":"https:\/\/www.boardlife.se\/fr\/wp-json\/wp\/v2\/product\/36640","targetHints":{"allow":["GET"]}}],"collection":[{"href":"https:\/\/www.boardlife.se\/fr\/wp-json\/wp\/v2\/product"}],"about":[{"href":"https:\/\/www.boardlife.se\/fr\/wp-json\/wp\/v2\/types\/product"}],"replies":[{"embeddable":true,"href":"https:\/\/www.boardlife.se\/fr\/wp-json\/wp\/v2\/comments?post=36640"}],"wp:featuredmedia":[{"embeddable":true,"href":"https:\/\/www.boardlife.se\/fr\/wp-json\/wp\/v2\/media\/36641"}],"wp:attachment":[{"href":"https:\/\/www.boardlife.se\/fr\/wp-json\/wp\/v2\/media?parent=36640"}],"wp:term":[{"taxonomy":"product_brand","embeddable":true,"href":"https:\/\/www.boardlife.se\/fr\/wp-json\/wp\/v2\/product_brand?post=36640"},{"taxonomy":"product_cat","embeddable":true,"href":"https:\/\/www.boardlife.se\/fr\/wp-json\/wp\/v2\/product_cat?post=36640"},{"taxonomy":"product_tag","embeddable":true,"href":"https:\/\/www.boardlife.se\/fr\/wp-json\/wp\/v2\/product_tag?post=36640"}],"curies":[{"name":"wp","href":"https:\/\/api.w.org\/{rel}","templated":true}]}}