{"id":36570,"date":"2016-04-19T13:58:41","date_gmt":"2016-04-19T11:58:41","guid":{"rendered":"http:\/\/www.boardlife.se\/produkt\/sweets-kendamas-solar-cushion-clear\/"},"modified":"2025-11-27T17:20:14","modified_gmt":"2025-11-27T16:20:14","slug":"coussin-solaire-kendamas-sweets-transparent","status":"publish","type":"product","link":"https:\/\/www.boardlife.se\/fr\/boutique\/truc\/kendama\/coussin-solaire-kendamas-sweets-transparent\/","title":{"rendered":"Coussin solaire Sweets Kendamas transparent"},"content":{"rendered":"<p><strong>Coussin solaire Sweets Kendamas transparent<\/strong><\/p>\n<p>Solar Fade \u2013 Maintenant avec Cushion Clear. Nous avons d\u00e9velopp\u00e9 le Cushion Clear pour qu&#039;il soit aussi agr\u00e9able \u00e0 jouer qu&#039;un Kendama rod\u00e9, d\u00e8s sa sortie de la bo\u00eete. Sa finition mate et adh\u00e9rente amortit les chocs et am\u00e9liore le contr\u00f4le lors des figures d&#039;\u00e9quilibre. Et cerise sur le g\u00e2teau, le Cushion Clear conserve sa jouabilit\u00e9 sup\u00e9rieure tout au long de sa dur\u00e9e de vie.<\/p>\n<p>H\u00eatre F3 <a class=\"glossaryLink cmtt_Kendama\"  aria-describedby=\"tt\"  data-cmtooltip=\"&lt;div class=glossaryItemTitle&gt;Ken&lt;\/div&gt;&lt;div class=glossaryItemBody&gt;Den del av Kendaman som &auml;r sj&auml;lva skaftet med en liten kopp i botten och en spike p&aring; toppen.&lt;\/div&gt;&lt;div class=glossaryTooltipMoreLinkWrapper&gt;&lt;a class=glossaryTooltipMoreLink href=https:\/\/www.boardlife.se\/fr\/glossaire\/ken\/ &gt;L&auml;s mer&lt;\/a&gt;&lt;\/div&gt;\"  href=\"https:\/\/www.boardlife.se\/fr\/glossaire\/ken\/\"  data-mobile-support=\"0\"  data-gt-translate-attributes='[{\"attribute\":\"data-cmtooltip\", \"format\":\"html\"}]'>Ken<\/a> + Tama peint \u00e0 d\u00e9coloration solaire + Finition transparente coussin\u00e9e Chaque Kendama F3 est livr\u00e9 dans une bo\u00eete avec une ficelle suppl\u00e9mentaire, une perle, un livre d&#039;instructions et des autocollants.<\/p>\n<p>18 cm<\/p>","protected":false},"excerpt":{"rendered":"<p>Sweets Kendamas Solar Cushion Clear Solar Fade \u2013 Now with Cushion Clear We developed Cushion Clear to play like a \u201cbroken in\u201d Kendama right out of the box. The grippy, matte finish softens impact and increases control on balance tricks. Best of all \u2013 Cushion Clear keeps its superior playability throughout its lifespan. Beech F3 Ken + Solar Fade Painted [&hellip;]<\/p>","protected":false},"featured_media":36571,"comment_status":"open","ping_status":"closed","template":"","meta":[],"product_brand":[2616],"product_cat":[579],"product_tag":[1371],"class_list":{"0":"post-36570","1":"product","2":"type-product","3":"status-publish","4":"has-post-thumbnail","6":"product_brand-sweets-kendama","7":"product_cat-kendama","8":"product_tag-sweets-kendamas","9":"pa_manufacturer-sweets-kendamas","11":"first","12":"outofstock","13":"sale","14":"taxable","15":"shipping-taxable","16":"purchasable","17":"product-type-simple"},"composite_virtual":false,"composite_layout":"","composite_add_to_cart_form_location":"","composite_editable_in_cart":false,"composite_sold_individually_context":"","composite_shop_price_calc":"","composite_components":[],"composite_scenarios":[],"jetpack_sharing_enabled":true,"_links":{"self":[{"href":"https:\/\/www.boardlife.se\/fr\/wp-json\/wp\/v2\/product\/36570","targetHints":{"allow":["GET"]}}],"collection":[{"href":"https:\/\/www.boardlife.se\/fr\/wp-json\/wp\/v2\/product"}],"about":[{"href":"https:\/\/www.boardlife.se\/fr\/wp-json\/wp\/v2\/types\/product"}],"replies":[{"embeddable":true,"href":"https:\/\/www.boardlife.se\/fr\/wp-json\/wp\/v2\/comments?post=36570"}],"wp:featuredmedia":[{"embeddable":true,"href":"https:\/\/www.boardlife.se\/fr\/wp-json\/wp\/v2\/media\/36571"}],"wp:attachment":[{"href":"https:\/\/www.boardlife.se\/fr\/wp-json\/wp\/v2\/media?parent=36570"}],"wp:term":[{"taxonomy":"product_brand","embeddable":true,"href":"https:\/\/www.boardlife.se\/fr\/wp-json\/wp\/v2\/product_brand?post=36570"},{"taxonomy":"product_cat","embeddable":true,"href":"https:\/\/www.boardlife.se\/fr\/wp-json\/wp\/v2\/product_cat?post=36570"},{"taxonomy":"product_tag","embeddable":true,"href":"https:\/\/www.boardlife.se\/fr\/wp-json\/wp\/v2\/product_tag?post=36570"}],"curies":[{"name":"wp","href":"https:\/\/api.w.org\/{rel}","templated":true}]}}