{"id":36041,"date":"2016-04-15T11:35:15","date_gmt":"2016-04-15T09:35:15","guid":{"rendered":"http:\/\/www.boardlife.se\/produkt\/independent-159-stage-11-silver\/"},"modified":"2022-10-31T14:44:15","modified_gmt":"2022-10-31T13:44:15","slug":"independant-159-etape-11-argent","status":"publish","type":"product","link":"https:\/\/www.boardlife.se\/fr\/boutique\/skateboard\/composants-de-skateboard\/camions-skateboard\/independant-159-etape-11-argent\/","title":{"rendered":"Stage 11 ind\u00e9pendant Argent 159"},"content":{"rendered":"<p>Les trucks de skateboard Independent 159 Stage 11 Silver sont une mise \u00e0 jour du design Stage 10 haute performance et embl\u00e9matique avec une g\u00e9om\u00e9trie r\u00e9vis\u00e9e pour encore mieux correspondre au skateboard d&#039;aujourd&#039;hui !<\/p>\n<p>Les trucks Stage 11 vous offrent des virages parfaits, une meilleure stabilit\u00e9 \u00e0 l&#039;atterrissage, moins de tangage et moins de mordant. Et cerise sur le g\u00e2teau, vous b\u00e9n\u00e9ficiez d&#039;un meilleur d\u00e9gagement \u00e0 la porte et d&#039;un moindre blocage.<\/p>\n<p>Guide des tailles pour les trucks et skateboards Independent :<\/p>\n<table border=\"0\" width=\"200\" cellspacing=\"0\" cellpadding=\"0\">\n<tbody>\n<tr>\n<td align=\"center\">Taille<\/td>\n<td align=\"center\">Depuis<\/td>\n<td align=\"center\">\u00c0<\/td>\n<\/tr>\n<tr>\n<td align=\"center\">129<\/td>\n<td>&nbsp;&nbsp;&nbsp;&nbsp;&nbsp;&nbsp;&nbsp; 7,5\u2033<\/td>\n<td align=\"center\">7,8\u2033<\/td>\n<\/tr>\n<tr>\n<td align=\"center\">139<\/td>\n<td align=\"center\">7,8\u2033<\/td>\n<td align=\"center\">8,25\u2033<\/td>\n<\/tr>\n<tr>\n<td align=\"center\">149<\/td>\n<td align=\"center\">&nbsp;8,25\u2033<\/td>\n<td align=\"center\">8,6\u2033<\/td>\n<\/tr>\n<tr>\n<td align=\"center\">159<\/td>\n<td align=\"center\">8,6\u2033<\/td>\n<td align=\"center\">9\u2033<\/td>\n<\/tr>\n<tr>\n<td align=\"center\">215<\/td>\n<td align=\"center\">9,5\u2033<\/td>\n<td align=\"center\">10,5\u2033<\/td>\n<\/tr>\n<\/tbody>\n<\/table>\n<p>La taille des trucks et des pneus ci-dessus est un guide g\u00e9n\u00e9ral bas\u00e9 sur les conditions les plus courantes. Cependant, chacun a ses go\u00fbts et ce n&#039;est donc pas une obligation, mais une ligne directrice. Plus vous progresserez, plus vous aurez envie de personnaliser votre \u00e9quipement selon vos pr\u00e9f\u00e9rences\u00a0!<br>\nEssayez d&#039;adapter la largeur de vos trucks de skateboard au plus pr\u00e8s de celle de votre skateboard, id\u00e9alement \u00e0 5-6 mm pr\u00e8s. Des trucks trop \u00e9troits rendront votre planche instable, tandis que des trucks trop larges g\u00eaneront vos virages. En g\u00e9n\u00e9ral, il est d\u00e9conseill\u00e9 de voir vos roues si vous regardez votre planche d&#039;en haut\u00a0!<\/p>","protected":false},"excerpt":{"rendered":"<p>Les trucks de skateboard Independent 159 Stage 11 Silver sont une mise \u00e0 jour du design Stage 10 haute performance et embl\u00e9matique avec une g\u00e9om\u00e9trie r\u00e9vis\u00e9e pour encore mieux correspondre au skateboard d&#039;aujourd&#039;hui !<\/p>\n<p><strong>Ce camion convient aux planches de skateboard de 8,6 \u00e0 9 pouces.<\/strong><\/p>\n<p>Stage 11 truckar ger dig perfekta sv\u00e4ngar, b\u00e4ttre stabilitet vid landning, mindre &#8220;speed wobble&#8221; och f\u00e4rre &#8220;wheel bite&#8221;. Och som gr\u00e4dden p\u00e5 moset f\u00e5r du en b\u00e4ttre grind clearance och f\u00e4rre &#8220;hang-up&#8221;.<\/p>","protected":false},"featured_media":36031,"comment_status":"open","ping_status":"closed","template":"","meta":[],"product_brand":[],"product_cat":[1306],"product_tag":[1366],"class_list":{"0":"post-36041","1":"product","2":"type-product","3":"status-publish","4":"has-post-thumbnail","6":"product_cat-trucks-skateboard","7":"product_tag-independent","8":"pa_manufacturer-independent-trucks","10":"first","11":"instock","12":"taxable","13":"shipping-taxable","14":"purchasable","15":"product-type-simple"},"composite_virtual":false,"composite_layout":"","composite_add_to_cart_form_location":"","composite_editable_in_cart":false,"composite_sold_individually_context":"","composite_shop_price_calc":"","composite_components":[],"composite_scenarios":[],"jetpack_sharing_enabled":true,"_links":{"self":[{"href":"https:\/\/www.boardlife.se\/fr\/wp-json\/wp\/v2\/product\/36041","targetHints":{"allow":["GET"]}}],"collection":[{"href":"https:\/\/www.boardlife.se\/fr\/wp-json\/wp\/v2\/product"}],"about":[{"href":"https:\/\/www.boardlife.se\/fr\/wp-json\/wp\/v2\/types\/product"}],"replies":[{"embeddable":true,"href":"https:\/\/www.boardlife.se\/fr\/wp-json\/wp\/v2\/comments?post=36041"}],"wp:featuredmedia":[{"embeddable":true,"href":"https:\/\/www.boardlife.se\/fr\/wp-json\/wp\/v2\/media\/36031"}],"wp:attachment":[{"href":"https:\/\/www.boardlife.se\/fr\/wp-json\/wp\/v2\/media?parent=36041"}],"wp:term":[{"taxonomy":"product_brand","embeddable":true,"href":"https:\/\/www.boardlife.se\/fr\/wp-json\/wp\/v2\/product_brand?post=36041"},{"taxonomy":"product_cat","embeddable":true,"href":"https:\/\/www.boardlife.se\/fr\/wp-json\/wp\/v2\/product_cat?post=36041"},{"taxonomy":"product_tag","embeddable":true,"href":"https:\/\/www.boardlife.se\/fr\/wp-json\/wp\/v2\/product_tag?post=36041"}],"curies":[{"name":"wp","href":"https:\/\/api.w.org\/{rel}","templated":true}]}}