{"id":329,"date":"2013-04-19T11:52:19","date_gmt":"2013-04-19T09:52:19","guid":{"rendered":"http:\/\/boardlife.se\/shop\/fat-free-83a-65mm\/"},"modified":"2016-09-19T10:52:16","modified_gmt":"2016-09-19T08:52:16","slug":"orangatang-fat-free-65mm-83a","status":"publish","type":"product","link":"https:\/\/www.boardlife.se\/fr\/boutique\/longboard\/composants-de-longboard\/roues-de-longboard\/orangatang-fat-free-65mm-83a\/","title":{"rendered":"Pince \u00e0 orange sans gras 65 mm 83a"},"content":{"rendered":"<p>Fat Free est con\u00e7u pour faciliter votre glisse.<br>\nLes roues sont dot\u00e9es de bords arrondis et d&#039;une surface us\u00e9e. Ainsi, vous b\u00e9n\u00e9ficiez d&#039;une adh\u00e9rence optimale tout en profitant d&#039;une glisse plus facile, plus longue et mieux ma\u00eetris\u00e9e. Vous pouvez donc carver \u00e0 toute vitesse sans crainte\u00a0: les roues glissent \u00e0 la demande.<\/p>\n<p>Denna versionen &auml;r 83a vilket &auml;r mellan i orangatangs h&aring;rdheter. Det ger dig en bra kombo av grepp och sl&auml;pp!<\/p>\n<p>Les roues ont \u00e9t\u00e9 mises \u00e0 jour depuis leur sortie avec un nouveau noyau plus dur qui offre une dur\u00e9e de vie plus longue.<\/p>\n<p>FIlmen nedan &auml;r p&aring; dessa hjulen fast i 86a.<\/p>\n<a href=\"#\" class=\"fw-video-link fw-video-link-text sf-button sf-icon-stroke accent\" data-video=\"https:\/\/www.youtube.com\/embed\/Nj1HZQgmkP0?autoplay=1\"><i class=\"ss-play\"><\/i><span class=\"text\">Vid\u00e9o du produit<\/span><\/a>","protected":false},"excerpt":{"rendered":"<p>Fat Free \u00a0\u00e4r anpassade f\u00f6r att du l\u00e4ttare ska kunna slidea. Hjulen \u00e4r tillverkade med runda l\u00e4ppar och f\u00f6rsliten yta. Detta f\u00f6r att du ska kunna \u00e5ka med k\u00e4nslan av att ha s\u00e4kert grepp men ocks\u00e5 f\u00f6r att underl\u00e4tta och ge dig l\u00e4ngre och mer kontrollerade slides. Allts\u00e5 du beh\u00f6ver inte vara r\u00e4dd f\u00f6r att carva och \u00e5ka fort, hjulen [&hellip;]<\/p>","protected":false},"featured_media":1053,"comment_status":"open","ping_status":"closed","template":"","meta":[],"product_brand":[2588],"product_cat":[38],"product_tag":[877],"class_list":{"0":"post-329","1":"product","2":"type-product","3":"status-publish","4":"has-post-thumbnail","6":"product_brand-orangatang-wheels","7":"product_cat-wheels-longboard","8":"product_tag-orangatang-wheels","9":"pa_diameter-65mm","10":"pa_durometer-83a","11":"pa_hub-placering-offset","12":"pa_kontaktyta-37mm","13":"pa_manufacturer-orangatang-wheels","14":"pa_wheel-shape-rounded","16":"first","17":"instock","18":"taxable","19":"shipping-taxable","20":"purchasable","21":"product-type-simple"},"composite_virtual":false,"composite_layout":"","composite_add_to_cart_form_location":"","composite_editable_in_cart":false,"composite_sold_individually_context":"","composite_shop_price_calc":"","composite_components":[],"composite_scenarios":[],"jetpack_sharing_enabled":true,"_links":{"self":[{"href":"https:\/\/www.boardlife.se\/fr\/wp-json\/wp\/v2\/product\/329","targetHints":{"allow":["GET"]}}],"collection":[{"href":"https:\/\/www.boardlife.se\/fr\/wp-json\/wp\/v2\/product"}],"about":[{"href":"https:\/\/www.boardlife.se\/fr\/wp-json\/wp\/v2\/types\/product"}],"replies":[{"embeddable":true,"href":"https:\/\/www.boardlife.se\/fr\/wp-json\/wp\/v2\/comments?post=329"}],"wp:featuredmedia":[{"embeddable":true,"href":"https:\/\/www.boardlife.se\/fr\/wp-json\/wp\/v2\/media\/1053"}],"wp:attachment":[{"href":"https:\/\/www.boardlife.se\/fr\/wp-json\/wp\/v2\/media?parent=329"}],"wp:term":[{"taxonomy":"product_brand","embeddable":true,"href":"https:\/\/www.boardlife.se\/fr\/wp-json\/wp\/v2\/product_brand?post=329"},{"taxonomy":"product_cat","embeddable":true,"href":"https:\/\/www.boardlife.se\/fr\/wp-json\/wp\/v2\/product_cat?post=329"},{"taxonomy":"product_tag","embeddable":true,"href":"https:\/\/www.boardlife.se\/fr\/wp-json\/wp\/v2\/product_tag?post=329"}],"curies":[{"name":"wp","href":"https:\/\/api.w.org\/{rel}","templated":true}]}}