{"id":317,"date":"2013-04-19T11:39:46","date_gmt":"2013-04-19T09:39:46","guid":{"rendered":"http:\/\/boardlife.se\/?post_type=product&#038;p=317"},"modified":"2020-03-31T19:06:06","modified_gmt":"2020-03-31T17:06:06","slug":"pince-orange-en-chaleur-75mm-80a","status":"publish","type":"product","link":"https:\/\/www.boardlife.se\/fr\/boutique\/longboard\/composants-de-longboard\/roues-de-longboard\/pince-orange-en-chaleur-75mm-80a\/","title":{"rendered":"Pince orange In Heat 75mm 80a"},"content":{"rendered":"<p>Derri\u00e8re les roues Orangatang se cache l&#039;\u00e9quipe Loaded. Les roues Heat sont con\u00e7ues pour une adh\u00e9rence optimale lors des virages serr\u00e9s, des pompes et \u00e0 grande vitesse.<\/p>\n<p>Les roues ont des bords tranchants pour une meilleure adh\u00e9rence, des \u00ab\u00a0l\u00e8vres\u00a0\u00bb \u00e9paisses pour maintenir la vitesse et des parois int\u00e9rieures ondul\u00e9es pour restituer un maximum d&#039;\u00e9nergie. La 80a accroche un peu mieux, tandis que la 83a est un peu plus rapide. La 86a est tr\u00e8s rapide, mais le d\u00e9blocage est un peu plus facile. En descente, elles sont id\u00e9ales pour les pr\u00e9-glissements.<br>\nIl faut absolument essayer !!!!<\/p>\n<a href=\"#\" class=\"fw-video-link fw-video-link-text sf-button sf-icon-stroke accent\" data-video=\"https:\/\/www.youtube.com\/embed\/Nj1HZQgmkP0?autoplay=1\"><i class=\"ss-play\"><\/i><span class=\"text\">Vid\u00e9o du produit<\/span><\/a>","protected":false},"excerpt":{"rendered":"<p>La roue cruiser id\u00e9ale, avec son diam\u00e8tre plus large, vous permet d&#039;aller plus loin \u00e0 chaque coup de p\u00e9dale. Le rebord de la roue assure une adh\u00e9rence optimale, m\u00eame dans les virages les plus serr\u00e9s.<\/p>","protected":false},"featured_media":1518,"comment_status":"open","ping_status":"closed","template":"","meta":[],"product_brand":[2588],"product_cat":[38],"product_tag":[877],"class_list":{"0":"post-317","1":"product","2":"type-product","3":"status-publish","4":"has-post-thumbnail","6":"product_brand-orangatang-wheels","7":"product_cat-wheels-longboard","8":"product_tag-orangatang-wheels","9":"pa_diameter-75mm","10":"pa_durometer-80a","11":"pa_hub-placering-offset","12":"pa_kontaktyta-56mm","13":"pa_manufacturer-orangatang-wheels","14":"pa_wheel-shape-sharp","16":"first","17":"instock","18":"taxable","19":"shipping-taxable","20":"purchasable","21":"product-type-simple"},"composite_virtual":false,"composite_layout":"","composite_add_to_cart_form_location":"","composite_editable_in_cart":false,"composite_sold_individually_context":"","composite_shop_price_calc":"","composite_components":[],"composite_scenarios":[],"jetpack_sharing_enabled":true,"_links":{"self":[{"href":"https:\/\/www.boardlife.se\/fr\/wp-json\/wp\/v2\/product\/317","targetHints":{"allow":["GET"]}}],"collection":[{"href":"https:\/\/www.boardlife.se\/fr\/wp-json\/wp\/v2\/product"}],"about":[{"href":"https:\/\/www.boardlife.se\/fr\/wp-json\/wp\/v2\/types\/product"}],"replies":[{"embeddable":true,"href":"https:\/\/www.boardlife.se\/fr\/wp-json\/wp\/v2\/comments?post=317"}],"wp:featuredmedia":[{"embeddable":true,"href":"https:\/\/www.boardlife.se\/fr\/wp-json\/wp\/v2\/media\/1518"}],"wp:attachment":[{"href":"https:\/\/www.boardlife.se\/fr\/wp-json\/wp\/v2\/media?parent=317"}],"wp:term":[{"taxonomy":"product_brand","embeddable":true,"href":"https:\/\/www.boardlife.se\/fr\/wp-json\/wp\/v2\/product_brand?post=317"},{"taxonomy":"product_cat","embeddable":true,"href":"https:\/\/www.boardlife.se\/fr\/wp-json\/wp\/v2\/product_cat?post=317"},{"taxonomy":"product_tag","embeddable":true,"href":"https:\/\/www.boardlife.se\/fr\/wp-json\/wp\/v2\/product_tag?post=317"}],"curies":[{"name":"wp","href":"https:\/\/api.w.org\/{rel}","templated":true}]}}