{"id":305841,"date":"2026-03-30T16:59:34","date_gmt":"2026-03-30T14:59:34","guid":{"rendered":"https:\/\/www.boardlife.se\/?post_type=product&#038;p=305841"},"modified":"2026-04-21T00:27:15","modified_gmt":"2026-04-20T22:27:15","slug":"exway-wave-charging-port-cover","status":"publish","type":"product","link":"https:\/\/www.boardlife.se\/fr\/boutique\/skateboard-electrique\/pieces-detachees-electriques\/piles\/exway-wave-charging-port-cover\/","title":{"rendered":"Exway Wave Charging Port Cover"},"content":{"rendered":"","protected":false},"excerpt":{"rendered":"<p>Att ha ett ordentligt skydd f\u00f6r laddporten p\u00e5 ditt batteri \u00e4r en liten sak som kan ha enorm betydelse. Undvik att fukt och smuts tar sig in. Med denna port cover kan du byta ut det gamla om det spruckit. Detta skydd passar modellen Exway Wave.<\/p>","protected":false},"featured_media":305842,"comment_status":"open","ping_status":"closed","template":"","meta":[],"product_brand":[2558],"product_cat":[2258,2262,1947],"product_tag":[2784],"class_list":{"0":"post-305841","1":"product","2":"type-product","3":"status-publish","4":"has-post-thumbnail","6":"product_brand-exway","7":"product_cat-batteries","8":"product_cat-chargers","9":"product_cat-electric-spareparts","10":"product_tag-charging-port-cover","11":"pa_manufacturer-exway","13":"first","14":"instock","15":"taxable","16":"shipping-taxable","17":"purchasable","18":"product-type-simple"},"composite_virtual":false,"composite_layout":"","composite_add_to_cart_form_location":"","composite_editable_in_cart":false,"composite_sold_individually_context":"","composite_shop_price_calc":"","composite_components":[],"composite_scenarios":[],"jetpack_sharing_enabled":true,"_links":{"self":[{"href":"https:\/\/www.boardlife.se\/fr\/wp-json\/wp\/v2\/product\/305841","targetHints":{"allow":["GET"]}}],"collection":[{"href":"https:\/\/www.boardlife.se\/fr\/wp-json\/wp\/v2\/product"}],"about":[{"href":"https:\/\/www.boardlife.se\/fr\/wp-json\/wp\/v2\/types\/product"}],"replies":[{"embeddable":true,"href":"https:\/\/www.boardlife.se\/fr\/wp-json\/wp\/v2\/comments?post=305841"}],"wp:featuredmedia":[{"embeddable":true,"href":"https:\/\/www.boardlife.se\/fr\/wp-json\/wp\/v2\/media\/305842"}],"wp:attachment":[{"href":"https:\/\/www.boardlife.se\/fr\/wp-json\/wp\/v2\/media?parent=305841"}],"wp:term":[{"taxonomy":"product_brand","embeddable":true,"href":"https:\/\/www.boardlife.se\/fr\/wp-json\/wp\/v2\/product_brand?post=305841"},{"taxonomy":"product_cat","embeddable":true,"href":"https:\/\/www.boardlife.se\/fr\/wp-json\/wp\/v2\/product_cat?post=305841"},{"taxonomy":"product_tag","embeddable":true,"href":"https:\/\/www.boardlife.se\/fr\/wp-json\/wp\/v2\/product_tag?post=305841"}],"curies":[{"name":"wp","href":"https:\/\/api.w.org\/{rel}","templated":true}]}}